{"id":964,"date":"2025-11-13T10:13:38","date_gmt":"2025-11-13T09:13:38","guid":{"rendered":"https:\/\/berek.finegroup.hu\/?page_id=964"},"modified":"2025-12-15T10:33:51","modified_gmt":"2025-12-15T09:33:51","slug":"horgaszat","status":"publish","type":"page","link":"https:\/\/berek.finegroup.hu\/de\/szolgaltatasok\/horgaszat\/","title":{"rendered":"Horg\u00e1szat"},"content":{"rendered":"<div data-elementor-type=\"wp-page\" data-elementor-id=\"964\" class=\"elementor elementor-964\" data-elementor-post-type=\"page\">\n\t\t\t\t<div class=\"elementor-element elementor-element-67ab7e7 e-flex e-con-boxed e-con e-parent\" data-id=\"67ab7e7\" data-element_type=\"container\" data-settings=\"{&quot;background_background&quot;:&quot;classic&quot;}\">\n\t\t\t\t\t<div class=\"e-con-inner\">\n\t\t\t\t<div class=\"elementor-element elementor-element-fd94c87 elementor-widget elementor-widget-heading\" data-id=\"fd94c87\" data-element_type=\"widget\" data-widget_type=\"heading.default\">\n\t\t\t\t\t<p class=\"elementor-heading-title elementor-size-default\">Szolg\u00e1ltat\u00e1sok<\/p>\t\t\t\t<\/div>\n\t\t\t\t\t<\/div>\n\t\t\t\t<\/div>\n\t\t<div class=\"elementor-element elementor-element-3e7720e e-flex e-con-boxed e-con e-parent\" data-id=\"3e7720e\" data-element_type=\"container\">\n\t\t\t\t\t<div class=\"e-con-inner\">\n\t\t\t\t<div class=\"elementor-element elementor-element-e69b3ad elementor-widget elementor-widget-heading\" data-id=\"e69b3ad\" data-element_type=\"widget\" data-widget_type=\"heading.default\">\n\t\t\t\t\t<h1 class=\"elementor-heading-title elementor-size-default\">Horg\u00e1szat<\/h1>\t\t\t\t<\/div>\n\t\t<div class=\"elementor-element elementor-element-c2fddc3 e-con-full e-flex e-con e-child\" data-id=\"c2fddc3\" data-element_type=\"container\">\n\t\t<div class=\"elementor-element elementor-element-de1177f e-con-full e-flex e-con e-child\" data-id=\"de1177f\" data-element_type=\"container\">\n\t\t<div class=\"elementor-element elementor-element-2f11026 e-con-full e-flex e-con e-child\" data-id=\"2f11026\" data-element_type=\"container\">\n\t\t\t\t<div class=\"elementor-element elementor-element-3b038f9 elementor-widget elementor-widget-heading\" data-id=\"3b038f9\" data-element_type=\"widget\" data-widget_type=\"heading.default\">\n\t\t\t\t\t<h2 class=\"elementor-heading-title elementor-size-default\">Horg\u00e1szat \u00e9s felszerel\u00e9s<\/h2>\t\t\t\t<\/div>\n\t\t\t\t<div class=\"elementor-element elementor-element-2d9f2e7 elementor-hidden-tablet_extra elementor-hidden-tablet elementor-hidden-mobile_extra elementor-hidden-mobile elementor-widget elementor-widget-button\" data-id=\"2d9f2e7\" data-element_type=\"widget\" data-widget_type=\"button.default\">\n\t\t\t\t\t\t\t\t\t\t<a class=\"elementor-button elementor-button-link elementor-size-sm\" href=\"https:\/\/www.mikbaits.hu\/\">\n\t\t\t\t\t\t<span class=\"elementor-button-content-wrapper\">\n\t\t\t\t\t\t\t\t\t<span class=\"elementor-button-text\">Tov\u00e1bb<\/span>\n\t\t\t\t\t<\/span>\n\t\t\t\t\t<\/a>\n\t\t\t\t\t\t\t\t<\/div>\n\t\t\t\t<\/div>\n\t\t<div class=\"elementor-element elementor-element-60b90ce e-con-full e-flex e-con e-child\" data-id=\"60b90ce\" data-element_type=\"container\">\n\t\t\t\t<div class=\"elementor-element elementor-element-e2d6af5 elementor-widget elementor-widget-text-editor\" data-id=\"e2d6af5\" data-element_type=\"widget\" data-widget_type=\"text-editor.default\">\n\t\t\t\t\t\t\t\t\t<p>A Berek Horg\u00e1szparkban minden adott egy \u00e9lm\u00e9nyekkel teli horg\u00e1szathoz.<\/p><p>Saj\u00e1t st\u00e9ggel rendelkez\u0151 v\u00edzparti horg\u00e1sz sz\u00e1ll\u00e1sainkr\u00f3l tavat, ahol intenz\u00edv hal\u00e1llom\u00e1ny \u00e9s v\u00e1ltozatos halfajok v\u00e1rnak.<\/p><p>A horg\u00e1szboltunk a recepci\u00f3n tal\u00e1lhat\u00f3, ahol a\u00a0<strong>Mikbaits term\u00e9kek<\/strong>,\u00a0<strong>bojlik<\/strong>,\u00a0<strong>\u00e9l\u0151csalik<\/strong>,\u00a0<strong>etet\u0151anyagok<\/strong>, valamint a horg\u00e1szathoz sz\u00fcks\u00e9ges\u00a0<strong>kieg\u00e9sz\u00edt\u0151k, apr\u00f3cikkek \u00e9s felszerel\u00e9sek<\/strong>\u00a0sz\u00e9les v\u00e1laszt\u00e9k\u00e1t k\u00edn\u00e1ljuk.<\/p><p>A horg\u00e1szathoz sz\u00fcks\u00e9ges\u00a0<strong>pontyb\u00f6lcs\u0151<\/strong>,\u00a0<strong>mer\u00edt\u0151<\/strong>,\u00a0<strong>etet\u0151haj\u00f3<\/strong> a helysz\u00ednen b\u00e9relhet\u0151.<br \/>Horg\u00e1szjegyet sz\u00e1ll\u00f3vend\u00e9geink k\u00f6zvetlen\u00fcl a recepci\u00f3n is v\u00e1lthatnak \u2013 egyszer\u0171en, sorban \u00e1ll\u00e1s n\u00e9lk\u00fcl.<\/p>\t\t\t\t\t\t\t\t<\/div>\n\t\t\t\t<div class=\"elementor-element elementor-element-36c7156 elementor-hidden-widescreen elementor-hidden-desktop elementor-hidden-laptop elementor-widget elementor-widget-button\" data-id=\"36c7156\" data-element_type=\"widget\" data-widget_type=\"button.default\">\n\t\t\t\t\t\t\t\t\t\t<a class=\"elementor-button elementor-button-link elementor-size-sm\" href=\"https:\/\/www.mikbaits.hu\/\">\n\t\t\t\t\t\t<span class=\"elementor-button-content-wrapper\">\n\t\t\t\t\t\t\t\t\t<span class=\"elementor-button-text\">Tov\u00e1bb<\/span>\n\t\t\t\t\t<\/span>\n\t\t\t\t\t<\/a>\n\t\t\t\t\t\t\t\t<\/div>\n\t\t\t\t<\/div>\n\t\t\t\t<\/div>\n\t\t\t\t<\/div>\n\t\t\t\t\t<\/div>\n\t\t\t\t<\/div>\n\t\t\t\t<\/div>","protected":false},"excerpt":{"rendered":"<p>Szolg\u00e1ltat\u00e1sok Horg\u00e1szat \u00e9s felszerel\u00e9s Tov\u00e1bb A Berek Horg\u00e1szparkban minden adott egy \u00e9lm\u00e9nyekkel teli horg\u00e1szathoz. Saj\u00e1t st\u00e9ggel rendelkez\u0151 v\u00edzparti horg\u00e1sz sz\u00e1ll\u00e1sainkr\u00f3l tavat, ahol intenz\u00edv hal\u00e1llom\u00e1ny \u00e9s v\u00e1ltozatos halfajok v\u00e1rnak. A horg\u00e1szboltunk a recepci\u00f3n tal\u00e1lhat\u00f3, ahol a\u00a0Mikbaits term\u00e9kek,\u00a0bojlik,\u00a0\u00e9l\u0151csalik,\u00a0etet\u0151anyagok, valamint a horg\u00e1szathoz sz\u00fcks\u00e9ges\u00a0kieg\u00e9sz\u00edt\u0151k, apr\u00f3cikkek \u00e9s felszerel\u00e9sek\u00a0sz\u00e9les v\u00e1laszt\u00e9k\u00e1t k\u00edn\u00e1ljuk. A horg\u00e1szathoz sz\u00fcks\u00e9ges\u00a0pontyb\u00f6lcs\u0151,\u00a0mer\u00edt\u0151,\u00a0etet\u0151haj\u00f3 a helysz\u00ednen b\u00e9relhet\u0151.Horg\u00e1szjegyet sz\u00e1ll\u00f3vend\u00e9geink k\u00f6zvetlen\u00fcl a recepci\u00f3n [&hellip;]<\/p>","protected":false},"author":1,"featured_media":0,"parent":18,"menu_order":0,"comment_status":"closed","ping_status":"closed","template":"","meta":{"footnotes":""},"class_list":["post-964","page","type-page","status-publish","hentry"],"_links":{"self":[{"href":"https:\/\/berek.finegroup.hu\/de\/wp-json\/wp\/v2\/pages\/964","targetHints":{"allow":["GET"]}}],"collection":[{"href":"https:\/\/berek.finegroup.hu\/de\/wp-json\/wp\/v2\/pages"}],"about":[{"href":"https:\/\/berek.finegroup.hu\/de\/wp-json\/wp\/v2\/types\/page"}],"author":[{"embeddable":true,"href":"https:\/\/berek.finegroup.hu\/de\/wp-json\/wp\/v2\/users\/1"}],"replies":[{"embeddable":true,"href":"https:\/\/berek.finegroup.hu\/de\/wp-json\/wp\/v2\/comments?post=964"}],"version-history":[{"count":19,"href":"https:\/\/berek.finegroup.hu\/de\/wp-json\/wp\/v2\/pages\/964\/revisions"}],"predecessor-version":[{"id":1787,"href":"https:\/\/berek.finegroup.hu\/de\/wp-json\/wp\/v2\/pages\/964\/revisions\/1787"}],"up":[{"embeddable":true,"href":"https:\/\/berek.finegroup.hu\/de\/wp-json\/wp\/v2\/pages\/18"}],"wp:attachment":[{"href":"https:\/\/berek.finegroup.hu\/de\/wp-json\/wp\/v2\/media?parent=964"}],"curies":[{"name":"wp","href":"https:\/\/api.w.org\/{rel}","templated":true}]}}