{"id":953,"date":"2025-11-13T09:58:50","date_gmt":"2025-11-13T08:58:50","guid":{"rendered":"https:\/\/berek.finegroup.hu\/?page_id=953"},"modified":"2025-11-26T22:05:24","modified_gmt":"2025-11-26T21:05:24","slug":"szabad-szallasok","status":"publish","type":"page","link":"https:\/\/berek.finegroup.hu\/de\/szabad-szallasok\/","title":{"rendered":"Szabad sz\u00e1ll\u00e1sok"},"content":{"rendered":"<div data-elementor-type=\"wp-page\" data-elementor-id=\"953\" class=\"elementor elementor-953\" data-elementor-post-type=\"page\">\n\t\t\t\t<div class=\"elementor-element elementor-element-665ea61 e-flex e-con-boxed e-con e-parent\" data-id=\"665ea61\" data-element_type=\"container\" data-settings=\"{&quot;background_background&quot;:&quot;classic&quot;}\">\n\t\t\t\t\t<div class=\"e-con-inner\">\n\t\t\t\t<div class=\"elementor-element elementor-element-a2deded elementor-widget elementor-widget-heading\" data-id=\"a2deded\" data-element_type=\"widget\" data-widget_type=\"heading.default\">\n\t\t\t\t\t<p class=\"elementor-heading-title elementor-size-default\">Szabad sz\u00e1ll\u00e1sok<\/p>\t\t\t\t<\/div>\n\t\t\t\t\t<\/div>\n\t\t\t\t<\/div>\n\t\t<div class=\"elementor-element elementor-element-3c5646a e-flex e-con-boxed e-con e-parent\" data-id=\"3c5646a\" data-element_type=\"container\">\n\t\t\t\t\t<div class=\"e-con-inner\">\n\t\t\t\t<div class=\"elementor-element elementor-element-6501058 elementor-widget elementor-widget-text-editor\" data-id=\"6501058\" data-element_type=\"widget\" data-widget_type=\"text-editor.default\">\n\t\t\t\t\t\t\t\t\t<h4>2025 szabad id\u0151pontok<\/h4><p>\u00c9rkez\u00e9s \u00e9s t\u00e1voz\u00e1s napja megadva<\/p><p><strong>Friss\u00edtve:<\/strong> 2025.11.11.<\/p><h4>Seg\u00edts\u00e9g a foglal\u00e1shoz<\/h4><p>A foglal\u00e1si rendszerben kattints a t\u00e1voz\u00e1s d\u00e1tum\u00e1ra \u00e9s a napt\u00e1rban a kurzort akiv\u00e1lasztott id\u0151pontra h\u00fazva meg tudja n\u00e9zni, h\u00e1ny fah\u00e1z van szabad az adott id\u0151pontban.<\/p><h4>A TIPUS\u00da FAH\u00c1Z 2 F\u0150 R\u00c9SZ\u00c9RE<\/h4><ul><li>Okt\u00f3ber 30 &#8211; November 10.-ig.<\/li><\/ul><h4>B T\u00cdPUS\u00da FAH\u00c1Z 2-4 F\u0150 R\u00c9SZ\u00c9RE<\/h4><ul><li>Okt\u00f3ber 30 &#8211; November 10.-ig.<\/li><\/ul><h4>C8 DELUX T\u00cdPUS\u00da PIHEN\u0150 -kl\u00edm\u00e1s- 2 F\u0150 R\u00c9SZ\u00c9RE<\/h4><ul><li>November 11. -16.-ig, 18. -20.-ig, 30. &#8211; December 02.-ig<\/li><\/ul><h4>F T\u00cdPUS\u00da HORG\u00c1SZH\u00c1Z -kl\u00edm\u00e1s- 2-4 F\u0150 r\u00e9sz\u00e9re<\/h4><ul><li>Novermber 11. &#8211; 16.-ig<\/li><li>18.- 21.-ig<\/li><li>23. &#8211; December 31.-ig<\/li><\/ul><h4>D9 HORG\u00c1SZNYARAL\u00d3 -JAKUZZIVAL- 2-4 F\u0150 R\u00c9SZ\u00c9RE<\/h4><ul><li>November 18.-21.-ig, 23.<\/li><li>December 24.-ig, 28-30-ig<\/li><\/ul><h4>R\u00d6NK TIPUS\u00da FAH\u00c1Z -SZAUN\u00c1VAL- 2-4 F\u0150 R\u00c9SZ\u00c9RE<\/h4><ul><li>November 11.-14-ig<\/li><li>18.- 28.-ig<\/li><li>30. -December 05.- ig<\/li><li>08.- 30.-ig.<\/li><\/ul><h4>A0 TIPUS\u00da FAH\u00c1Z 2 F\u0150 R\u00c9SZ\u00c9RE:<\/h4><ul><li>Okt\u00f3ber 30.-November 10.-ig<\/li><\/ul><p><strong>\u00a0Foglal\u00e1ssal kapcsolatban \u00e9rdekl\u0151dj\u00f6n telefonon<\/strong><\/p><h4>H1,H2 HORG\u00c1SZHELY illetve S\u00c1TORHELY<\/h4><ul><li>Saj\u00e1t villamos energia ell\u00e1t\u00e1ssal<\/li><li>Bogr\u00e1csoz\u00e1si-f\u0151z\u00e9si lehet\u0151s\u00e9ggel<\/li><li>F\u00fcrd\u0151-wc haszn\u00e1lattal<\/li><\/ul><p><strong>Foglal\u00e1ssal kapcsolatban \u00e9rdekl\u0151dj\u00f6n telefonon <\/strong><\/p><h4>GLAMPING HAUSE<\/h4><ul><li>A s\u00e1tor ny\u00fajtotta szabads\u00e1got, valamint a sz\u00e1lloda k\u00e9nyelm\u00e9vel \u00f6tv\u00f6z\u0151 megold\u00e1st kapod<\/li><li>K\u00e9nyelmes francia \u00e1ggyal, terasz pihen\u0151vel \u00e9s napoz\u00f3val<\/li><\/ul><p><strong>Foglal\u00e1ssal kapcsolatban \u00e9rdekl\u0151dj\u00f6n telefonon<\/strong><\/p><ul><li>0630 727 6626<\/li><li>06209449584<\/li><\/ul>\t\t\t\t\t\t\t\t<\/div>\n\t\t\t\t\t<\/div>\n\t\t\t\t<\/div>\n\t\t\t\t<\/div>","protected":false},"excerpt":{"rendered":"<p>Szabad sz\u00e1ll\u00e1sok 2025 szabad id\u0151pontok \u00c9rkez\u00e9s \u00e9s t\u00e1voz\u00e1s napja megadva Friss\u00edtve: 2025.11.11. Seg\u00edts\u00e9g a foglal\u00e1shoz A foglal\u00e1si rendszerben kattints a t\u00e1voz\u00e1s d\u00e1tum\u00e1ra \u00e9s a napt\u00e1rban a kurzort akiv\u00e1lasztott id\u0151pontra h\u00fazva meg tudja n\u00e9zni, h\u00e1ny fah\u00e1z van szabad az adott id\u0151pontban. A TIPUS\u00da FAH\u00c1Z 2 F\u0150 R\u00c9SZ\u00c9RE Okt\u00f3ber 30 &#8211; November 10.-ig. B T\u00cdPUS\u00da FAH\u00c1Z 2-4 [&hellip;]<\/p>","protected":false},"author":1,"featured_media":0,"parent":0,"menu_order":0,"comment_status":"closed","ping_status":"closed","template":"","meta":{"footnotes":""},"class_list":["post-953","page","type-page","status-publish","hentry"],"_links":{"self":[{"href":"https:\/\/berek.finegroup.hu\/de\/wp-json\/wp\/v2\/pages\/953","targetHints":{"allow":["GET"]}}],"collection":[{"href":"https:\/\/berek.finegroup.hu\/de\/wp-json\/wp\/v2\/pages"}],"about":[{"href":"https:\/\/berek.finegroup.hu\/de\/wp-json\/wp\/v2\/types\/page"}],"author":[{"embeddable":true,"href":"https:\/\/berek.finegroup.hu\/de\/wp-json\/wp\/v2\/users\/1"}],"replies":[{"embeddable":true,"href":"https:\/\/berek.finegroup.hu\/de\/wp-json\/wp\/v2\/comments?post=953"}],"version-history":[{"count":20,"href":"https:\/\/berek.finegroup.hu\/de\/wp-json\/wp\/v2\/pages\/953\/revisions"}],"predecessor-version":[{"id":1613,"href":"https:\/\/berek.finegroup.hu\/de\/wp-json\/wp\/v2\/pages\/953\/revisions\/1613"}],"wp:attachment":[{"href":"https:\/\/berek.finegroup.hu\/de\/wp-json\/wp\/v2\/media?parent=953"}],"curies":[{"name":"wp","href":"https:\/\/api.w.org\/{rel}","templated":true}]}}