{"id":942,"date":"2025-11-13T09:40:32","date_gmt":"2025-11-13T08:40:32","guid":{"rendered":"https:\/\/berek.finegroup.hu\/?page_id=942"},"modified":"2025-11-28T13:52:54","modified_gmt":"2025-11-28T12:52:54","slug":"berek-horgaszpark-horgaszati-rend","status":"publish","type":"page","link":"https:\/\/berek.finegroup.hu\/de\/berek-horgaszpark-horgaszati-rend\/","title":{"rendered":"Horg\u00e1szati rend"},"content":{"rendered":"<div data-elementor-type=\"wp-page\" data-elementor-id=\"942\" class=\"elementor elementor-942\" data-elementor-post-type=\"page\">\n\t\t\t\t<div class=\"elementor-element elementor-element-665ea61 e-flex e-con-boxed e-con e-parent\" data-id=\"665ea61\" data-element_type=\"container\" data-settings=\"{&quot;background_background&quot;:&quot;classic&quot;}\">\n\t\t\t\t\t<div class=\"e-con-inner\">\n\t\t\t\t<div class=\"elementor-element elementor-element-a2deded elementor-widget elementor-widget-heading\" data-id=\"a2deded\" data-element_type=\"widget\" data-widget_type=\"heading.default\">\n\t\t\t\t\t<p class=\"elementor-heading-title elementor-size-default\">Horg\u00e1szati rend<\/p>\t\t\t\t<\/div>\n\t\t\t\t\t<\/div>\n\t\t\t\t<\/div>\n\t\t<div class=\"elementor-element elementor-element-3c5646a e-flex e-con-boxed e-con e-parent\" data-id=\"3c5646a\" data-element_type=\"container\">\n\t\t\t\t\t<div class=\"e-con-inner\">\n\t\t\t\t<div class=\"elementor-element elementor-element-6501058 elementor-widget elementor-widget-text-editor\" data-id=\"6501058\" data-element_type=\"widget\" data-widget_type=\"text-editor.default\">\n\t\t\t\t\t\t\t\t\t<h4 style=\"font-weight: 400;\"><strong>Kedves Vend\u00e9geink!<\/strong><\/h4><p style=\"font-weight: 400;\">K\u00e9rj\u00fck, hogy a horg\u00e1szat megkezd\u00e9se el\u0151tt sz\u00edveskedjenek megismerni a\u00a0<strong>Berek Horg\u00e1szpark Horg\u00e1szati Rendj\u00e9t<\/strong>, mely minden horg\u00e1szra k\u00f6telez\u0151 \u00e9rv\u00e9ny\u0171.<br \/>C\u00e9lunk, hogy minden vend\u00e9g\u00fcnk biztons\u00e1gos, kultur\u00e1lt \u00e9s \u00e9lm\u00e9nyd\u00fas horg\u00e1szatban r\u00e9szes\u00fclj\u00f6n.<\/p><h4 style=\"font-weight: 400;\"><strong>Halgazd\u00e1lkod\u00e1sra jogosult:<\/strong><\/h4><p style=\"font-weight: 400;\">H\u00f6vej 190\/96 hrsz. \u201eH\u00f6vej II. t\u00f3\u201d (V\u00edzt\u00e9rk\u00f3d: 08-284-1-4)<br \/>Berek-Park Horg\u00e1sz Egyes\u00fclet<br \/>C\u00edm: 9361 H\u00f6vej, Napsug\u00e1r u. 25.<br \/>Ad\u00f3sz\u00e1m: 18848490-1-08<\/p><h4 style=\"font-weight: 400;\"><strong>K\u00f6telez\u0151 felszerel\u00e9sek pontyhorg\u00e1szathoz:<\/strong><\/h4><ul style=\"font-weight: 400;\"><li>Pontyb\u00f6lcs\u0151<\/li><li>Sebfert\u0151tlen\u00edt\u0151<\/li><li>Pontymer\u00edt\u0151 sz\u00e1k\u00a0(min. 80 cm sz\u00e9les)<\/li><li>Szak\u00e1ll n\u00e9lk\u00fcli horog<\/li><\/ul><p style=\"font-weight: 400;\">Horg\u00e1szjegy v\u00e1lt\u00e1sakor k\u00e9rj\u00fck, mutassa be a k\u00f6telez\u0151 felszerel\u00e9seket!<br \/>A recepci\u00f3n ezek\u00a0<strong>b\u00e9relhet\u0151k vagy megv\u00e1s\u00e1rolhat\u00f3k<\/strong>:<\/p><ul style=\"font-weight: 400;\"><li>Pontyb\u00f6lcs\u0151:\u00a0<strong>800 Ft\/nap<\/strong><\/li><li>Sebfert\u0151tlen\u00edt\u0151:\u00a0<strong>1.500 Ft<\/strong><\/li><li>Pontymer\u00edt\u0151 sz\u00e1k:\u00a0<strong>800 Ft\/nap<\/strong><\/li><\/ul><h4 style=\"font-weight: 400;\"><strong>Fontos tudnival\u00f3<\/strong><\/h4><p style=\"font-weight: 400;\">Tilos sz\u00e1kba tenni \u2013 m\u00e9g m\u00e9rlegel\u00e9shez is \u2013 az al\u00e1bbi halfajokat:<\/p><ul style=\"font-weight: 400;\"><li>fekete s\u00fcg\u00e9r<\/li><li>aranyk\u00e1r\u00e1sz<\/li><li>d\u00e9v\u00e9rkeszeg 30 cm felett<\/li><li>4 kg feletti ponty \u00e9s am\u00far<\/li><\/ul><p style=\"font-weight: 400;\">Ezek a halak\u00a0<strong>fog\u00e1s ut\u00e1n azonnal, k\u00edm\u00e9letesen visszaengedend\u0151k<\/strong>.<br \/>A 4 kg feletti ponty \u00e9s am\u00far\u00a0<strong>eszmei \u00e9rt\u00e9ke 5.000 Ft\/kg<\/strong>.<\/p><h4 style=\"font-weight: 400;\"><strong>\u00c1ltal\u00e1nos horg\u00e1szati id\u0151rend<\/strong><\/h4><ul style=\"font-weight: 400;\"><li>Sz\u00e1ll\u00f3vend\u00e9gek r\u00e9sz\u00e9re:\u00a0a horg\u00e1szjegy 24 \u00f3r\u00e1ra,\u00a0d\u00e9lt\u0151l d\u00e9lig\u00a0\u00e9rv\u00e9nyes, bele\u00e9rtve az \u00e9jszakai horg\u00e1szatot is.<\/li><li>\u00c9jszakai horg\u00e1szat:\u00a0kiz\u00e1r\u00f3lag megfelel\u0151\u00a0vil\u00e1g\u00edt\u00e1s\u00a0mellett enged\u00e9lyezett.<br \/>A botokat csak\u00a0m\u0171k\u00f6d\u0151 t\u00e1vjelz\u0151vel\u00a0lehet fel\u00fcgyelet n\u00e9lk\u00fcl hagyni.<\/li><li>Nem sz\u00e1ll\u00f3vend\u00e9gek:\u00a0bejelentkez\u00e9s sz\u00fcks\u00e9ges.<\/li><\/ul><h4 style=\"font-weight: 400;\"><strong>Horg\u00e1szjegyek<\/strong><\/h4><p style=\"font-weight: 400;\"><strong>Sz\u00e1ll\u00f3vend\u00e9gek r\u00e9sz\u00e9re (24 \u00f3r\u00e1s, d\u00e9lt\u0151l d\u00e9lig):<\/strong><\/p><p style=\"font-weight: 400;\">Feln\u0151tt: <strong>5.000 Ft<\/strong><\/p><p style=\"font-weight: 400;\">Gyermek (14 \u00e9v alatt): <strong>2.500 Ft<\/strong><\/p><h4 style=\"font-weight: 400;\"><strong>Nem sz\u00e1ll\u00f3vend\u00e9gek r\u00e9sz\u00e9re:<\/strong><\/h4><ul style=\"font-weight: 400;\"><li><strong>Nappali horg\u00e1szjegy:<\/strong>\u00a007:00\u201319:00 \u00f3r\u00e1ig (vagy napnyugt\u00e1ig)<ul><li>Feln\u0151tt:\u00a0<strong>4.500 Ft<\/strong>\u00a0<\/li><li>Gyermek:\u00a0<strong>2.500 Ft<\/strong><\/li><\/ul><\/li><li><strong>\u00c9jszakai horg\u00e1szjegy (min. s\u00e1torral):<\/strong>\u00a019:00\u201307:00 \u00f3r\u00e1ig<ul><li>Feln\u0151tt:\u00a0<strong>4.500 Ft<\/strong><\/li><\/ul><\/li><\/ul><h4 style=\"font-weight: 400;\"><strong>Felszerel\u00e9s:<\/strong><\/h4><ul style=\"font-weight: 400;\"><li>Feln\u0151tt horg\u00e1sz:\u00a0<strong>2 bot \/ 1 horog<\/strong><\/li><li>Gyermek horg\u00e1sz:\u00a0<strong>1 bot \/ 1 horog<\/strong><\/li><\/ul><h4 style=\"font-weight: 400;\"><strong>Fog\u00e1si \u00e9s halkezel\u00e9si szab\u00e1lyok<\/strong><\/h4><ul style=\"font-weight: 400;\"><li>Horg\u00e1szni csak a\u00a0napijegy megv\u00e1lt\u00e1sakor kijel\u00f6lt horg\u00e1szst\u00e9gen\u00a0lehet.<\/li><li>A hal\u00a0megtart\u00e1si sz\u00e1nd\u00e9k\u00e1t\u00a0a jegyv\u00e1lt\u00e1skor el\u0151re jelezni kell.<\/li><li>Visszaengedend\u0151 halakat\u00a0s\u00e9r\u00fcl\u00e9smentesen, v\u00edzbe helyezve\u00a0kell elengedni.<\/li><li>F\u00e9nyk\u00e9pez\u00e9skor a halat\u00a0mindig pontymatrac felett,\u00a0t\u00e9rdelve\u00a0tartsuk; magasra emelni\u00a0tilos.<\/li><li>Etet\u00e9s:\u00a0naponta legfeljebb\u00a01 kg bojli\u00a0\u00e9s\u00a05 kg magmix\/pellet\/etet\u0151anyag\u00a0haszn\u00e1lhat\u00f3.<\/li><li>Csak\u00a0f\u0151z\u00f6tt vagy erjesztett magvak\u00a0haszn\u00e1lhat\u00f3k;\u00a0kutyat\u00e1ppal etetni \u00e9s horg\u00e1szni tilos!<\/li><li>November 1. \u2013 m\u00e1rcius 1. k\u00f6z\u00f6tt az etet\u00e9s\u00a0csak PVA-h\u00e1l\u00f3ban\u00a0enged\u00e9lyezett.<\/li><\/ul><h4 style=\"font-weight: 400;\"><strong>Hal\u00e1rak<\/strong><\/h4><ul style=\"font-weight: 400;\"><li>Ponty, am\u00far:\u00a0<strong>1.900 Ft\/kg<\/strong><\/li><li>K\u00e1r\u00e1sz:\u00a0<strong>1.400 Ft\/kg<\/strong><\/li><li>Balin, csuka:\u00a0<strong>3.500 Ft\/kg<\/strong><\/li><li>S\u00fcll\u0151:\u00a0<strong>4.000 Ft\/kg<\/strong><\/li><li>Harcsa:\u00a0<strong>3.500 Ft\/kg<\/strong><\/li><li>D\u00e9v\u00e9rkeszeg (max. 30 cm-ig, 5 kg-ig):\u00a0<strong>1.800 Ft\/kg<\/strong><\/li><\/ul><p style=\"font-weight: 400;\"><strong>Ragadoz\u00f3 halak<\/strong>\u00a0horg\u00e1szata eset\u00e9n minden kifogott p\u00e9ld\u00e1ny fizetend\u0151, m\u00e9rett\u0151l f\u00fcggetlen\u00fcl.<br \/>A legkisebb fizetend\u0151 s\u00faly\u00a0<strong>0,5 kg<\/strong>.<br \/><strong>Perget\u00e9s<\/strong>\u00a0csak el\u0151zetes egyeztet\u00e9ssel enged\u00e9lyezett.<\/p><h4 style=\"font-weight: 400;\"><strong>Egy\u00e9b szab\u00e1lyok<\/strong><\/h4><ul style=\"font-weight: 400;\"><li>Cs\u00f3nak haszn\u00e1lata\u00a0nem enged\u00e9lyezett.<\/li><li>Enged\u00e9lyezett eszk\u00f6z\u00f6k:\u00a0marker \u00fasz\u00f3, rak\u00e9ta, spomb, etet\u0151haj\u00f3 (max. 2 m\/s sebess\u00e9ggel).<\/li><li>Fonott zsin\u00f3r\u00a0csak dob\u00f3el\u0151k\u00e9nek haszn\u00e1lhat\u00f3 (max. 10 m).<\/li><li>Horg\u00e1szat v\u00e9g\u00e9n a helyet\u00a0tiszt\u00e1n, szem\u00e9tmentesen\u00a0kell \u00e1tadni.<\/li><li>T\u00e1voz\u00e1skor a t\u00e1sk\u00e1kat, botzs\u00e1kokat, v\u00f6dr\u00f6ket a hal\u0151rn\u00e9l\u00a0felsz\u00f3l\u00edt\u00e1s n\u00e9lk\u00fcl\u00a0be kell mutatni.<\/li><li>Horg\u00e1szni csak az el\u0151zetesen lefoglalt horg\u00e1szhelyen lehet.<br \/>M\u00e1s helyre csak a\u00a0t\u00f3gazda enged\u00e9ly\u00e9vel\u00a0szabad \u00e1t\u00fclni.<\/li><\/ul><h4 style=\"font-weight: 400;\"><strong>K\u00f6rnyezetv\u00e9delmi \u00e9s etikai szab\u00e1lyok<\/strong><\/h4><ul style=\"font-weight: 400;\"><li>A horg\u00e1szok k\u00f6telesek betartani minden\u00a0\u00edrott \u00e9s \u00edratlan horg\u00e1szetikai szab\u00e1lyt, k\u00fcl\u00f6n\u00f6s tekintettel a t\u00f3part\u00a0tisztas\u00e1g\u00e1ra \u00e9s nyugalm\u00e1ra.<\/li><li>T\u00fczet rakni csak a\u00a0kijel\u00f6lt f\u0151z\u0151- \u00e9s s\u00fct\u0151helyeken\u00a0lehet.<\/li><li>Kuty\u00e1t (max. 10 kg-ig) a v\u00edzparton\u00a0csak megk\u00f6tve\u00a0lehet tartani.<\/li><li>G\u00e9pj\u00e1rm\u0171vel kiz\u00e1r\u00f3lag az\u00a0\u00fat mellett\u00a0szabad parkolni,\u00a0a f\u0171re hajtani tilos.<\/li><\/ul><h4 style=\"font-weight: 400;\"><strong>Horg\u00e1szjegy v\u00e1lt\u00e1sa<\/strong><\/h4><p style=\"font-weight: 400;\">A horg\u00e1szathoz\u00a0\u00e9rv\u00e9nyes \u00e1llami horg\u00e1szjegy\u00a0sz\u00fcks\u00e9ges.<br \/>Napijegy a\u00a0kemping recepci\u00f3n v\u00e1lthat\u00f3, vagy online az al\u00e1bbi <strong><a href=\"https:\/\/berek.finegroup.hu\/de\/horgaszjegy\/\">\u0171rlapon<\/a>.\u00a0<\/strong><\/p><p style=\"font-weight: 400;\">Az online \u0171rlap kit\u00f6lt\u00e9se ut\u00e1n a horg\u00e1szjegy \u00e9rv\u00e9nyess\u00e9ge az\u00a0\u00e9rkez\u00e9s \u00e9s t\u00e1voz\u00e1s napj\u00e1ra\u00a0sz\u00f3l.<br \/>A jegy m\u00e1solata e-mailben \u00e9rkezik,<strong>\u00a0nyomtat\u00e1s nem sz\u00fcks\u00e9ges.<\/strong><br \/>Helysz\u00edni v\u00e1lt\u00e1s eset\u00e9n\u00a0<strong>1.000 Ft adminisztr\u00e1ci\u00f3s d\u00edj<\/strong>\u00a0fizetend\u0151.<\/p><p style=\"font-weight: 400;\">Napijegyes horg\u00e1szok horg\u00e1szst\u00e9get\u00a0<strong>el\u0151zetesen SMS-ben<\/strong>\u00a0foglalhatnak:<br \/>06 20 944 9584 vagy 06 30 727 6626<br \/>(K\u00e9rj\u00fck, t\u00fcntesse fel a nevet, d\u00e1tumot \u00e9s a horg\u00e1szok sz\u00e1m\u00e1t.)<\/p><h4 style=\"font-weight: 400;\"><strong>Ellen\u0151rz\u00e9s \u00e9s felel\u0151ss\u00e9g<\/strong><\/h4><p style=\"font-weight: 400;\">A horg\u00e1szati szab\u00e1lyok betart\u00e1s\u00e1t\u00a0<strong>megb\u00edzott hal\u0151r \u00e9s a t\u00f3gazda<\/strong>\u00a0jogosult ellen\u0151rizni.<br \/>A horg\u00e1szat\u00a0<strong>azonnal felf\u00fcggeszthet\u0151<\/strong>, ha a horg\u00e1sz:<\/p><ul style=\"font-weight: 400;\"><li>szak\u00e1llas vagy t\u00f6bb horgot haszn\u00e1l,<\/li><li>kim\u00e9leti ter\u00fcleten horg\u00e1szik,<\/li><li>a szab\u00e1lyokat megszegi vagy m\u00e1sokat zavar.<\/li><\/ul><p style=\"font-weight: 400;\">Az itt nem szab\u00e1lyozott k\u00e9rd\u00e9sekben a\u00a0<strong>2013. \u00e9vi CII. t\u00f6rv\u00e9ny<\/strong>\u00a0a halgazd\u00e1lkod\u00e1sr\u00f3l \u00e9s a hal v\u00e9delm\u00e9r\u0151l az ir\u00e1nyad\u00f3.<\/p><h4 style=\"font-weight: 400;\"><strong>\u00d6sszefoglalva<\/strong><\/h4><p style=\"font-weight: 400;\">A Berek Horg\u00e1szpark c\u00e9lja, hogy minden horg\u00e1sz biztons\u00e1gos, nyugodt \u00e9s \u00e9lm\u00e9nyekben gazdag napokat t\u00f6lthessen el H\u00f6vejen, a term\u00e9szet \u00e9s a v\u00edzpart k\u00f6zvetlen k\u00f6zel\u00e9ben.<br \/>K\u00f6sz\u00f6nj\u00fck egy\u00fcttm\u0171k\u00f6d\u00e9s\u00fcket \u00e9s a szab\u00e1lyok betart\u00e1s\u00e1t!<\/p>\t\t\t\t\t\t\t\t<\/div>\n\t\t\t\t\t<\/div>\n\t\t\t\t<\/div>\n\t\t\t\t<\/div>","protected":false},"excerpt":{"rendered":"<p>Horg\u00e1szati rend Kedves Vend\u00e9geink! K\u00e9rj\u00fck, hogy a horg\u00e1szat megkezd\u00e9se el\u0151tt sz\u00edveskedjenek megismerni a\u00a0Berek Horg\u00e1szpark Horg\u00e1szati Rendj\u00e9t, mely minden horg\u00e1szra k\u00f6telez\u0151 \u00e9rv\u00e9ny\u0171.C\u00e9lunk, hogy minden vend\u00e9g\u00fcnk biztons\u00e1gos, kultur\u00e1lt \u00e9s \u00e9lm\u00e9nyd\u00fas horg\u00e1szatban r\u00e9szes\u00fclj\u00f6n. Halgazd\u00e1lkod\u00e1sra jogosult: H\u00f6vej 190\/96 hrsz. \u201eH\u00f6vej II. t\u00f3\u201d (V\u00edzt\u00e9rk\u00f3d: 08-284-1-4)Berek-Park Horg\u00e1sz Egyes\u00fcletC\u00edm: 9361 H\u00f6vej, Napsug\u00e1r u. 25.Ad\u00f3sz\u00e1m: 18848490-1-08 K\u00f6telez\u0151 felszerel\u00e9sek pontyhorg\u00e1szathoz: Pontyb\u00f6lcs\u0151 Sebfert\u0151tlen\u00edt\u0151 Pontymer\u00edt\u0151 sz\u00e1k\u00a0(min. [&hellip;]<\/p>","protected":false},"author":1,"featured_media":0,"parent":0,"menu_order":0,"comment_status":"closed","ping_status":"closed","template":"","meta":{"footnotes":""},"class_list":["post-942","page","type-page","status-publish","hentry"],"_links":{"self":[{"href":"https:\/\/berek.finegroup.hu\/de\/wp-json\/wp\/v2\/pages\/942","targetHints":{"allow":["GET"]}}],"collection":[{"href":"https:\/\/berek.finegroup.hu\/de\/wp-json\/wp\/v2\/pages"}],"about":[{"href":"https:\/\/berek.finegroup.hu\/de\/wp-json\/wp\/v2\/types\/page"}],"author":[{"embeddable":true,"href":"https:\/\/berek.finegroup.hu\/de\/wp-json\/wp\/v2\/users\/1"}],"replies":[{"embeddable":true,"href":"https:\/\/berek.finegroup.hu\/de\/wp-json\/wp\/v2\/comments?post=942"}],"version-history":[{"count":14,"href":"https:\/\/berek.finegroup.hu\/de\/wp-json\/wp\/v2\/pages\/942\/revisions"}],"predecessor-version":[{"id":1653,"href":"https:\/\/berek.finegroup.hu\/de\/wp-json\/wp\/v2\/pages\/942\/revisions\/1653"}],"wp:attachment":[{"href":"https:\/\/berek.finegroup.hu\/de\/wp-json\/wp\/v2\/media?parent=942"}],"curies":[{"name":"wp","href":"https:\/\/api.w.org\/{rel}","templated":true}]}}