{"id":937,"date":"2025-11-13T09:32:00","date_gmt":"2025-11-13T08:32:00","guid":{"rendered":"https:\/\/berek.finegroup.hu\/?page_id=937"},"modified":"2025-12-12T09:08:28","modified_gmt":"2025-12-12T08:08:28","slug":"vendegtajekoztato","status":"publish","type":"page","link":"https:\/\/berek.finegroup.hu\/de\/vendegtajekoztato\/","title":{"rendered":"Vend\u00e9gt\u00e1j\u00e9koztat\u00f3"},"content":{"rendered":"<div data-elementor-type=\"wp-page\" data-elementor-id=\"937\" class=\"elementor elementor-937\" data-elementor-post-type=\"page\">\n\t\t\t\t<div class=\"elementor-element elementor-element-665ea61 e-flex e-con-boxed e-con e-parent\" data-id=\"665ea61\" data-element_type=\"container\" data-settings=\"{&quot;background_background&quot;:&quot;classic&quot;}\">\n\t\t\t\t\t<div class=\"e-con-inner\">\n\t\t\t\t<div class=\"elementor-element elementor-element-a2deded elementor-widget elementor-widget-heading\" data-id=\"a2deded\" data-element_type=\"widget\" data-widget_type=\"heading.default\">\n\t\t\t\t\t<p class=\"elementor-heading-title elementor-size-default\">Vend\u00e9gt\u00e1j\u00e9kozat\u00f3<\/p>\t\t\t\t<\/div>\n\t\t\t\t\t<\/div>\n\t\t\t\t<\/div>\n\t\t<div class=\"elementor-element elementor-element-f96ab4f e-flex e-con-boxed e-con e-parent\" data-id=\"f96ab4f\" data-element_type=\"container\">\n\t\t\t\t\t<div class=\"e-con-inner\">\n\t\t\t\t<div class=\"elementor-element elementor-element-4ceaf2f elementor-widget elementor-widget-text-editor\" data-id=\"4ceaf2f\" data-element_type=\"widget\" data-widget_type=\"text-editor.default\">\n\t\t\t\t\t\t\t\t\t<p><strong>Berek Horg\u00e1szpark \u2013 H\u00f6vej, Napsug\u00e1r u. 25.<\/strong><br \/><strong>NTAK regisztr\u00e1ci\u00f3s sz\u00e1m:<\/strong> UD19014680<\/p>\t\t\t\t\t\t\t\t<\/div>\n\t\t\t\t\t<\/div>\n\t\t\t\t<\/div>\n\t\t<div class=\"elementor-element elementor-element-3c5646a e-flex e-con-boxed e-con e-parent\" data-id=\"3c5646a\" data-element_type=\"container\">\n\t\t\t\t\t<div class=\"e-con-inner\">\n\t\t\t\t<div class=\"elementor-element elementor-element-6501058 elementor-widget elementor-widget-text-editor\" data-id=\"6501058\" data-element_type=\"widget\" data-widget_type=\"text-editor.default\">\n\t\t\t\t\t\t\t\t\t<h4 style=\"font-weight: 400;\"><strong>K\u00f6sz\u00f6ntj\u00fck a Berek Horg\u00e1szparkban!<\/strong><\/h4><p style=\"font-weight: 400;\">Csendes, v\u00edzparti k\u00f6rnyezetben, a term\u00e9szet k\u00f6zels\u00e9g\u00e9ben v\u00e1rjuk vend\u00e9geinket.<br \/>A gondtalan pihen\u00e9s \u00e9s a biztons\u00e1g \u00e9rdek\u00e9ben k\u00e9rj\u00fck, ismerj\u00e9k meg \u00e9s tarts\u00e1k be az al\u00e1bbi t\u00e1j\u00e9koztat\u00f3t \u00e9s\u00a0<strong>h\u00e1zirendet<\/strong>.<\/p><h4>\u00a0Be- \u00e9s kijelentkez\u00e9s<\/h4><ul style=\"font-weight: 400;\"><li><strong>Check-in:<\/strong> \u00e9rkez\u00e9s napj\u00e1n 14:00\u201320:00<\/li><li><strong>Check-out:<\/strong>\u00a0t\u00e1voz\u00e1s napj\u00e1n 10:00-ig<\/li><li><strong>Horg\u00e1szhely \u00e1tad\u00e1s \/ \u00e1tv\u00e9tel:<\/strong>\u00a012:00<\/li><li><strong>Online check-in:<\/strong> \u00e9rkez\u00e9s el\u0151tt kb. 3 nappal k\u00fcld\u00f6tt \u0171rlap seg\u00edts\u00e9g\u00e9vel gyors\u00edthat\u00f3.<\/li><li><strong>Korai kijelentkez\u00e9s:<\/strong>\u00a0el\u0151z\u0151 nap 16:00-ig jelezze a recepci\u00f3n.<\/li><\/ul><h4 style=\"font-weight: 400;\"><strong>Recepci\u00f3 \u00e9s el\u00e9rhet\u0151s\u00e9gek<\/strong><\/h4><ul style=\"font-weight: 400;\"><li><strong>Nyitvatart\u00e1s:<\/strong><br \/>Vas\u00e1rnap\u2013P\u00e9ntek: 08:00\u201311:00 \u00e9s 13:00\u201315:00<br \/>Szombat: 08:00\u201310:00 \u00e9s 13:00\u201315:00<\/li><li><strong>\u00dcgyeleti telefonsz\u00e1m (24\/7):<\/strong>\u00a0+36 20 944 9584<\/li><li><strong>E-mail:<\/strong>\u00a0info@berekhorgaszpark.hu<\/li><li><strong>V\u00e9szhelyzet:<\/strong>\u00a0112 (rend\u0151rs\u00e9g, ment\u0151, t\u0171zolt\u00f3)<\/li><\/ul><h4 style=\"font-weight: 400;\"><strong>\u00a0Foglal\u00e1s, fizet\u00e9s, lemond\u00e1s<\/strong><\/h4><ul style=\"font-weight: 400;\"><li>Foglal\u00e1s: online, telefonon vagy szem\u00e9lyesen.<\/li><li><strong>M\u00f3dos\u00edt\u00e1s \/ lemond\u00e1s:<\/strong>\u00a0\u00e9rkez\u00e9s el\u0151tt 21 nappal d\u00edjmentes.<br \/>21 napon bel\u00fcli lemond\u00e1s eset\u00e9n a vend\u00e9g elvesz\u00edti a foglal\u00e1s 50%-\u00e1t.<\/li><li><strong>Fizet\u00e9s:<\/strong>\u00a0k\u00e9szp\u00e9nz (HUF \/ EUR), bankk\u00e1rtya, SZ\u00c9P-k\u00e1rtya (OTP, MBH, K&amp;H).<\/li><li><strong>Idegenforgalmi ad\u00f3 (IFA):<\/strong>\u00a018 \u00e9v felett 300 Ft\/f\u0151\/\u00e9j.<\/li><li><strong>V\u00e9gtakar\u00edt\u00e1si kauci\u00f3:<\/strong> 20.000 Ft \/ h\u00e1z \u2013 a sz\u00e1ll\u00e1s \u00e1tv\u00e9telekor fizetend\u0151.<br \/>Tiszta, rendben hagyott h\u00e1z eset\u00e9n a t\u00e1voz\u00e1skor visszafizetj\u00fck.<\/li><li><strong>Extra takar\u00edt\u00e1si d\u00edj:<\/strong>\u00a020.000 Ft (kauci\u00f3b\u00f3l levon\u00e1sra ker\u00fcl, ha sz\u00fcks\u00e9ges).<\/li><\/ul><h4 style=\"font-weight: 400;\"><strong>\u00a0Horg\u00e1szat<\/strong><\/h4><ul style=\"font-weight: 400;\"><li>A horg\u00e1szat a\u00a0<strong>Berek Horg\u00e1szpark <a href=\"https:\/\/berek.finegroup.hu\/de\/berek-horgaszpark-horgaszati-rend\/\">horg\u00e1szati rendje<\/a><\/strong> szerint t\u00f6rt\u00e9nik<\/li><li><strong>Pontyhorg\u00e1szathoz k\u00f6telez\u0151:<\/strong>\u00a0pontyb\u00f6lcs\u0151, sebfert\u0151tlen\u00edt\u0151, min. 80 cm mer\u00edt\u0151sz\u00e1k, szak\u00e1ll n\u00e9lk\u00fcli horog.<\/li><li>K\u00f6telez\u0151 eszk\u00f6z\u00f6k a recepci\u00f3n b\u00e9relhet\u0151k vagy megv\u00e1s\u00e1rolhat\u00f3k.<\/li><li>\u00c1llami horg\u00e1szjegy sz\u00fcks\u00e9ges.<\/li><li>Horg\u00e1szni kiz\u00e1r\u00f3lag a kijel\u00f6lt st\u00e9geken lehet.<\/li><li>T\u00fczet, grillez\u00e9st, bogr\u00e1csoz\u00e1st csak a kijel\u00f6lt helyen lehet v\u00e9gezni.<\/li><\/ul><h4 style=\"font-weight: 400;\"><strong>Doh\u00e1nyz\u00e1s<\/strong><\/h4><ul style=\"font-weight: 400;\"><li>A sz\u00e1ll\u00e1s\u00e9p\u00fcletek\u00a0<strong>nemdoh\u00e1nyz\u00f3ak<\/strong>.<\/li><li>Doh\u00e1nyz\u00e1s kiz\u00e1r\u00f3lag a\u00a0<strong>kijel\u00f6lt doh\u00e1nyz\u00f3helyen<\/strong>\u00a0megengedett.<\/li><li>A h\u00e1zakban\u00a0<strong>f\u00fcstjelz\u0151k<\/strong>\u00a0vannak elhelyezve.<\/li><li>Belt\u00e9ri doh\u00e1nyz\u00e1s eset\u00e9n\u00a0<strong>extra takar\u00edt\u00e1si d\u00edj (20.000 Ft)<\/strong>\u00a0ker\u00fcl felsz\u00e1m\u00edt\u00e1sra.<\/li><\/ul><h4 style=\"font-weight: 400;\"><strong>Csendes id\u0151szak<\/strong><\/h4><ul style=\"font-weight: 400;\"><li>K\u00e9rj\u00fck a\u00a0<strong>22:00\u201306:00<\/strong>\u00a0k\u00f6z\u00f6tti csend betart\u00e1s\u00e1t a vend\u00e9gek \u00e9s a term\u00e9szet nyugalma \u00e9rdek\u00e9ben.<\/li><\/ul><h4 style=\"font-weight: 400;\"><strong>T\u0171z- \u00e9s balesetv\u00e9delem<\/strong><\/h4><ul style=\"font-weight: 400;\"><li>T\u00fczet rakni csak a\u00a0<strong>kijel\u00f6lt t\u0171zrak\u00f3 helyen<\/strong>,\u00a0<strong>sz\u00e9lcsendben<\/strong>,\u00a0<strong>olt\u00f3v\u00edz<\/strong>\u00a0biztos\u00edt\u00e1s\u00e1val, az \u00e9p\u00fclett\u0151l\u00a0<strong>min. 10 m<\/strong>t\u00e1vols\u00e1gban szabad.<\/li><li>Grillez\u00e9s \u00e9s bogr\u00e1csoz\u00e1s csak a kijel\u00f6lt helyen,\u00a0<strong>grillt\u00e1lca haszn\u00e1lat\u00e1val<\/strong>\u00a0enged\u00e9lyezett.<\/li><li>Ny\u00edlt l\u00e1ng fel\u00fcgyelet n\u00e9lk\u00fcl nem hagyhat\u00f3.<\/li><\/ul><h4 style=\"font-weight: 400;\"><strong>H\u00e1zi\u00e1llatok<\/strong><\/h4><ul style=\"font-weight: 400;\"><li><strong>Kutyabar\u00e1t sz\u00e1ll\u00e1shely:<\/strong>\u00a0max. 10 kg-ig, el\u0151zetes egyeztet\u00e9ssel, t\u00e9r\u00edt\u00e9s ellen\u00e9ben.<\/li><li>A v\u00edzparton a kuty\u00e1t\u00a0<strong>kiz\u00e1r\u00f3lag megk\u00f6tve<\/strong>\u00a0lehet tartani.<\/li><li>A gazda felel a tisztas\u00e1g\u00e9rt \u00e9s a nyugalom\u00e9rt.<\/li><\/ul><h4 style=\"font-weight: 400;\"><strong>Parkol\u00e1s<\/strong><\/h4><ul style=\"font-weight: 400;\"><li>Minden h\u00e1zhoz\u00a0<strong>1 db ingyenes parkol\u00f3hely<\/strong>\u00a0tartozik.<\/li><li>Tov\u00e1bbi j\u00e1rm\u0171vek a kijel\u00f6lt parkol\u00f3ban helyezhet\u0151k el.<\/li><\/ul><h4 style=\"font-weight: 400;\"><strong>Takar\u00edt\u00e1s, text\u00edlia<\/strong><\/h4><ul style=\"font-weight: 400;\"><li><strong>\u00c1gynem\u0171csere:<\/strong>\u00a0hetente 1\u00d7 (k\u00e9r\u00e9sre el\u0151bb is).<\/li><li><strong>Takar\u00edt\u00e1s:<\/strong>\u00a0\u00e9rkez\u00e9skor \u00e9s hetente; ig\u00e9ny eset\u00e9n fel\u00e1r ellen\u00e9ben k\u00fcl\u00f6n k\u00e9rhet\u0151.<\/li><li><strong>Plusz takar\u00f3, hajsz\u00e1r\u00edt\u00f3, eserny\u0151:<\/strong>\u00a0korl\u00e1tozott sz\u00e1mban k\u00e9rhet\u0151 a recepci\u00f3n.<\/li><li><strong>Mosat\u00e1s:<\/strong>\u00a0t\u00e9r\u00edt\u00e9s ellen\u00e9ben ig\u00e9nyelhet\u0151.<\/li><\/ul><h4 style=\"font-weight: 400;\"><strong>Baba- \u00e9s gyermekbar\u00e1t szolg\u00e1ltat\u00e1sok<\/strong><\/h4><ul style=\"font-weight: 400;\"><li>Baba\u00e1gy, etet\u0151sz\u00e9k, babak\u00e1d k\u00e9r\u00e9sre, d\u00edjmentesen (korl\u00e1tozott sz\u00e1mban).<\/li><li>A gyermekek fel\u00fcgyelete a sz\u00fcl\u0151k felel\u0151ss\u00e9ge.<\/li><\/ul><h4 style=\"font-weight: 400;\"><strong>Internet \/ Wi-Fi<\/strong><\/h4><ul style=\"font-weight: 400;\"><li>A horg\u00e1szpark ter\u00fclet\u00e9n Wi-Fi el\u00e9rhet\u0151.<\/li><li>H\u00e1l\u00f3zat:\u00a0<strong>AP01<\/strong><\/li><li>Jelsz\u00f3: a recepci\u00f3n k\u00e9rhet\u0151, t\u00e9r\u00edt\u00e9s ellen\u00e9ben.<\/li><\/ul><h4 style=\"font-weight: 400;\"><strong>Bolt, \u00e9tkez\u00e9s, bev\u00e1s\u00e1rl\u00e1s<\/strong><\/h4><ul style=\"font-weight: 400;\"><li>A recepci\u00f3n mini\u00a0<strong>horg\u00e1szbolt<\/strong>\u00a0(Mikbaits term\u00e9kek, csalik, italok, aj\u00e1nd\u00e9kt\u00e1rgyak).<\/li><li><strong>Berek Men\u00fc:<\/strong>\u00a0helyi partner\u00fcnk friss, h\u00e1zias eb\u00e9det sz\u00e1ll\u00edt k\u00f6zvetlen\u00fcl a sz\u00e1ll\u00e1shelyre.<br \/>Rendel\u00e9s: \u00e9rkez\u00e9skor a recepci\u00f3n.<br \/>Aktu\u00e1lis men\u00fc:\u00a0<a href=\"https:\/\/www.facebook.com\/berekmenu\">facebook.com\/berekmenu<\/a><\/li><li><strong>\u00c9lelmiszerbolt:<\/strong>\u00a0500 m-en bel\u00fcl (H\u00f6vej).<\/li><li><strong>Mobil p\u00e9ks\u00e9g:<\/strong>\u00a0kedden, cs\u00fct\u00f6rt\u00f6k\u00f6n \u00e9s szombaton reggel \u00e9rkezik.<\/li><li><strong>Kapuv\u00e1r (8 km):<\/strong>\u00a0SPAR, Lidl, Penny, gy\u00f3gyszert\u00e1r, bev\u00e1s\u00e1rl\u00f3k\u00f6zpontok.<\/li><\/ul><h4 style=\"font-weight: 400;\"><strong>K\u00f6lcs\u00f6nz\u00e9s \u00e9s szabadid\u0151<\/strong><\/h4><ul style=\"font-weight: 400;\"><li><strong>Ker\u00e9kp\u00e1rk\u00f6lcs\u00f6nz\u00e9s<\/strong>, pontymatrac \u00e9s pontyb\u00f6lcs\u0151 b\u00e9relhet\u0151.<\/li><li>Programlehet\u0151s\u00e9gek: horg\u00e1szat, grillez\u00e9s, s\u00e9takocsik\u00e1z\u00e1s, erdei lovast\u00far\u00e1k, ker\u00e9kp\u00e1rt\u00far\u00e1k.<\/li><li>T\u00e9rk\u00e9pek \u00e9s programf\u00fczetek a recepci\u00f3n el\u00e9rhet\u0151k.<\/li><\/ul><h4 style=\"font-weight: 400;\"><strong>Hullad\u00e9kgy\u0171jt\u00e9s<\/strong><\/h4><ul style=\"font-weight: 400;\"><li>K\u00e9rj\u00fck, gy\u0171jts\u00e9k szelekt\u00edven a hullad\u00e9kot (m\u0171anyag, pap\u00edr, f\u00e9m).<\/li><li>A horg\u00e1szhelyet \u00e9s a sz\u00e1ll\u00e1st t\u00e1voz\u00e1s el\u0151tt\u00a0<strong>tiszt\u00e1n<\/strong>\u00a0kell h\u00e1trahagyni.<\/li><\/ul><h4 style=\"font-weight: 400;\"><strong>L\u00e1togat\u00f3k<\/strong><\/h4><ul style=\"font-weight: 400;\"><li>Vend\u00e9gek fogad\u00e1sa\u00a0<strong>napkelt\u00e9t\u0151l napnyugt\u00e1ig<\/strong>, el\u0151zetes bejelent\u00e9ssel.<\/li><li>H\u00e1zank\u00e9nt\u00a0<strong>max. 2 f\u0151<\/strong>\u00a0l\u00e1togat\u00f3 enged\u00e9lyezett.<\/li><\/ul><h4 style=\"font-weight: 400;\"><strong>E<\/strong><strong>lveszett t\u00e1rgyak<\/strong><\/h4><ul style=\"font-weight: 400;\"><li>Tal\u00e1lt t\u00e1rgyakat 2 h\u00f3napig \u0151rz\u00fcnk.<\/li><li>Ig\u00e9ny eset\u00e9n post\u00e1zzuk a megadott c\u00edmre (k\u00f6lts\u00e9gt\u00e9r\u00edt\u00e9ssel).<\/li><\/ul><h4 style=\"font-weight: 400;\"><strong>TV csatorn\u00e1k<\/strong><\/h4><ul style=\"font-weight: 400;\"><li>El\u00e9rhet\u0151k: M1, M2, Duna, Duna World, RTL.<\/li><\/ul><h4 style=\"font-weight: 400;\"><strong>Egy\u00e9b inform\u00e1ci\u00f3k<\/strong><\/h4><ul style=\"font-weight: 400;\"><li><strong>Gy\u00f3gyszert\u00e1r:<\/strong>\u00a0Kapuv\u00e1ron (8 km).<\/li><li><strong>ATM:<\/strong>\u00a0Kapuv\u00e1ron, a recepci\u00f3n k\u00e9rhet\u0151 t\u00e1j\u00e9koztat\u00e1s.<\/li><li><strong>Vezet\u00e9kes v\u00edz:<\/strong>\u00a0a teljes ter\u00fcleten ihat\u00f3.<\/li><\/ul><h4 style=\"font-weight: 400;\"><strong>Adatv\u00e9delem \u00e9s panaszkezel\u00e9s<\/strong><\/h4><ul style=\"font-weight: 400;\"><li>Szem\u00e9lyes adatok kezel\u00e9se az\u00a0<strong>Adatkezel\u00e9si t\u00e1j\u00e9koztat\u00f3<\/strong>\u00a0szerint (el\u00e9rhet\u0151 a honlapon \u00e9s a recepci\u00f3n).<\/li><li><strong>V\u00e1s\u00e1rl\u00f3k k\u00f6nyve<\/strong>\u00a0a recepci\u00f3n el\u00e9rhet\u0151.<\/li><li>\u00cdr\u00e1sos panasz eset\u00e9n 72 \u00f3r\u00e1n bel\u00fcl \u00e9rdemi v\u00e1laszt adunk.<\/li><\/ul><h4 style=\"font-weight: 400;\"><strong>H\u00e1zirend<\/strong><\/h4><p style=\"font-weight: 400;\">A h\u00e1zirend a vend\u00e9gt\u00e1j\u00e9koztat\u00f3 r\u00e9sz\u00e9t k\u00e9pezi, \u00e9s minden vend\u00e9gre k\u00f6telez\u0151 \u00e9rv\u00e9ny\u0171.<br \/>A h\u00e1zirend c\u00e9lja a biztons\u00e1gos, nyugodt pihen\u00e9s \u00e9s a term\u00e9szet meg\u00f3v\u00e1sa.<\/p><h4 style=\"font-weight: 400;\"><strong>J\u00f3 pihen\u00e9st \u00e9s eredm\u00e9nyes horg\u00e1szatot k\u00edv\u00e1nunk!<\/strong><\/h4><p style=\"font-weight: 400;\">K\u00e9rd\u00e9s eset\u00e9n forduljon bizalommal a\u00a0<strong>Berek Horg\u00e1szpark csapat\u00e1hoz!<\/strong><\/p><p style=\"font-weight: 400;\">\ud83d\udcde +36 20 944 9584<br \/>\ud83d\udce9 info@berekhorgaszpark.hu<\/p>\t\t\t\t\t\t\t\t<\/div>\n\t\t\t\t\t<\/div>\n\t\t\t\t<\/div>\n\t\t\t\t<\/div>","protected":false},"excerpt":{"rendered":"<p>Vend\u00e9gt\u00e1j\u00e9kozat\u00f3 Berek Horg\u00e1szpark \u2013 H\u00f6vej, Napsug\u00e1r u. 25.NTAK regisztr\u00e1ci\u00f3s sz\u00e1m: UD19014680 K\u00f6sz\u00f6ntj\u00fck a Berek Horg\u00e1szparkban! Csendes, v\u00edzparti k\u00f6rnyezetben, a term\u00e9szet k\u00f6zels\u00e9g\u00e9ben v\u00e1rjuk vend\u00e9geinket.A gondtalan pihen\u00e9s \u00e9s a biztons\u00e1g \u00e9rdek\u00e9ben k\u00e9rj\u00fck, ismerj\u00e9k meg \u00e9s tarts\u00e1k be az al\u00e1bbi t\u00e1j\u00e9koztat\u00f3t \u00e9s\u00a0h\u00e1zirendet. \u00a0Be- \u00e9s kijelentkez\u00e9s Check-in: \u00e9rkez\u00e9s napj\u00e1n 14:00\u201320:00 Check-out:\u00a0t\u00e1voz\u00e1s napj\u00e1n 10:00-ig Horg\u00e1szhely \u00e1tad\u00e1s \/ \u00e1tv\u00e9tel:\u00a012:00 Online check-in: [&hellip;]<\/p>","protected":false},"author":1,"featured_media":0,"parent":0,"menu_order":0,"comment_status":"closed","ping_status":"closed","template":"","meta":{"footnotes":""},"class_list":["post-937","page","type-page","status-publish","hentry"],"_links":{"self":[{"href":"https:\/\/berek.finegroup.hu\/de\/wp-json\/wp\/v2\/pages\/937","targetHints":{"allow":["GET"]}}],"collection":[{"href":"https:\/\/berek.finegroup.hu\/de\/wp-json\/wp\/v2\/pages"}],"about":[{"href":"https:\/\/berek.finegroup.hu\/de\/wp-json\/wp\/v2\/types\/page"}],"author":[{"embeddable":true,"href":"https:\/\/berek.finegroup.hu\/de\/wp-json\/wp\/v2\/users\/1"}],"replies":[{"embeddable":true,"href":"https:\/\/berek.finegroup.hu\/de\/wp-json\/wp\/v2\/comments?post=937"}],"version-history":[{"count":19,"href":"https:\/\/berek.finegroup.hu\/de\/wp-json\/wp\/v2\/pages\/937\/revisions"}],"predecessor-version":[{"id":1760,"href":"https:\/\/berek.finegroup.hu\/de\/wp-json\/wp\/v2\/pages\/937\/revisions\/1760"}],"wp:attachment":[{"href":"https:\/\/berek.finegroup.hu\/de\/wp-json\/wp\/v2\/media?parent=937"}],"curies":[{"name":"wp","href":"https:\/\/api.w.org\/{rel}","templated":true}]}}