{"id":714,"date":"2025-11-07T13:15:14","date_gmt":"2025-11-07T12:15:14","guid":{"rendered":"https:\/\/berek.finegroup.hu\/?page_id=714"},"modified":"2025-11-18T09:35:52","modified_gmt":"2025-11-18T08:35:52","slug":"ronkhaz-szaunaval-vizparti-szallas","status":"publish","type":"page","link":"https:\/\/berek.finegroup.hu\/de\/ronkhaz-szaunaval-vizparti-szallas\/","title":{"rendered":"R\u00f6nkh\u00e1z szaun\u00e1val \u2013 v\u00edzparti sz\u00e1ll\u00e1s"},"content":{"rendered":"<div data-elementor-type=\"wp-page\" data-elementor-id=\"714\" class=\"elementor elementor-714\" data-elementor-post-type=\"page\">\n\t\t\t\t<div class=\"elementor-element elementor-element-f41111a e-flex e-con-boxed e-con e-parent\" data-id=\"f41111a\" data-element_type=\"container\" data-settings=\"{&quot;background_background&quot;:&quot;classic&quot;}\">\n\t\t\t\t\t<div class=\"e-con-inner\">\n\t\t\t\t<div class=\"elementor-element elementor-element-eb12ce3 elementor-widget elementor-widget-heading\" data-id=\"eb12ce3\" data-element_type=\"widget\" data-widget_type=\"heading.default\">\n\t\t\t\t\t<h1 class=\"elementor-heading-title elementor-size-default\">R\u00f6nkh\u00e1z szaun\u00e1val \u2013 v\u00edzparti sz\u00e1ll\u00e1s<\/h1>\t\t\t\t<\/div>\n\t\t\t\t<div class=\"elementor-element elementor-element-f4d194f elementor-align-center elementor-widget elementor-widget-button\" data-id=\"f4d194f\" data-element_type=\"widget\" data-widget_type=\"button.default\">\n\t\t\t\t\t\t\t\t\t\t<a class=\"elementor-button elementor-button-link elementor-size-sm\" href=\"#\">\n\t\t\t\t\t\t<span class=\"elementor-button-content-wrapper\">\n\t\t\t\t\t\t\t\t\t<span class=\"elementor-button-text\">foglal\u00e1s<\/span>\n\t\t\t\t\t<\/span>\n\t\t\t\t\t<\/a>\n\t\t\t\t\t\t\t\t<\/div>\n\t\t\t\t\t<\/div>\n\t\t\t\t<\/div>\n\t\t<div class=\"elementor-element elementor-element-5c35372 e-flex e-con-boxed e-con e-parent\" data-id=\"5c35372\" data-element_type=\"container\" data-settings=\"{&quot;background_background&quot;:&quot;classic&quot;}\">\n\t\t\t\t\t<div class=\"e-con-inner\">\n\t\t\t\t<div class=\"elementor-element elementor-element-a8f1665 elementor-widget elementor-widget-heading\" data-id=\"a8f1665\" data-element_type=\"widget\" data-widget_type=\"heading.default\">\n\t\t\t\t\t<h2 class=\"elementor-heading-title elementor-size-default\">Fah\u00e1z le\u00edr\u00e1sa<\/h2>\t\t\t\t<\/div>\n\t\t<div class=\"elementor-element elementor-element-e7a3a94 e-con-full e-flex e-con e-child\" data-id=\"e7a3a94\" data-element_type=\"container\">\n\t\t\t\t<div class=\"elementor-element elementor-element-ec3d99c elementor-widget__width-initial elementor-widget elementor-widget-image\" data-id=\"ec3d99c\" data-element_type=\"widget\" data-widget_type=\"image.default\">\n\t\t\t\t\t\t\t\t\t\t\t\t\t\t\t<img fetchpriority=\"high\" decoding=\"async\" width=\"800\" height=\"527\" src=\"https:\/\/berek.finegroup.hu\/wp-content\/uploads\/2025\/11\/Berek-Horgaszpark-Hovej-Ronk_-kulter-001-haz-utca-felol-1024x674.jpg\" class=\"attachment-large size-large wp-image-1138\" alt=\"\" srcset=\"https:\/\/berek.finegroup.hu\/wp-content\/uploads\/2025\/11\/Berek-Horgaszpark-Hovej-Ronk_-kulter-001-haz-utca-felol-1024x674.jpg 1024w, https:\/\/berek.finegroup.hu\/wp-content\/uploads\/2025\/11\/Berek-Horgaszpark-Hovej-Ronk_-kulter-001-haz-utca-felol-300x198.jpg 300w, https:\/\/berek.finegroup.hu\/wp-content\/uploads\/2025\/11\/Berek-Horgaszpark-Hovej-Ronk_-kulter-001-haz-utca-felol-768x506.jpg 768w, https:\/\/berek.finegroup.hu\/wp-content\/uploads\/2025\/11\/Berek-Horgaszpark-Hovej-Ronk_-kulter-001-haz-utca-felol-1536x1011.jpg 1536w, https:\/\/berek.finegroup.hu\/wp-content\/uploads\/2025\/11\/Berek-Horgaszpark-Hovej-Ronk_-kulter-001-haz-utca-felol-2048x1348.jpg 2048w, https:\/\/berek.finegroup.hu\/wp-content\/uploads\/2025\/11\/Berek-Horgaszpark-Hovej-Ronk_-kulter-001-haz-utca-felol-18x12.jpg 18w\" sizes=\"(max-width: 800px) 100vw, 800px\" \/>\t\t\t\t\t\t\t\t\t\t\t\t\t\t\t<\/div>\n\t\t<div class=\"elementor-element elementor-element-8588811 e-con-full e-flex e-con e-child\" data-id=\"8588811\" data-element_type=\"container\">\n\t\t\t\t<div class=\"elementor-element elementor-element-20c20a9 elementor-widget elementor-widget-heading\" data-id=\"20c20a9\" data-element_type=\"widget\" data-widget_type=\"heading.default\">\n\t\t\t\t\t<p class=\"elementor-heading-title elementor-size-default\">2\u20134 szem\u00e9lyes, p\u00f3t\u00e1ggyal max. 6 f\u0151<\/p>\t\t\t\t<\/div>\n\t\t\t\t<div class=\"elementor-element elementor-element-6632815 elementor-widget elementor-widget-text-editor\" data-id=\"6632815\" data-element_type=\"widget\" data-widget_type=\"text-editor.default\">\n\t\t\t\t\t\t\t\t\t<div><p>A r\u00f6nkh\u00e1z egyedi hangulat\u00e1val \u00e9s saj\u00e1t szaun\u00e1j\u00e1val a horg\u00e1szok \u00e9s a pihen\u00e9s szerelmeseinek kedvence. A v\u00edzpart k\u00f6zels\u00e9ge \u00e9s a saj\u00e1t nagy st\u00e9g biztos\u00edtja, hogy a horg\u00e1szat igazi \u00e9lm\u00e9ny legyen, mik\u00f6zben a h\u00e1z minden k\u00e9nyelme adott egy hosszabb tart\u00f3zkod\u00e1shoz is.<\/p><\/div>\t\t\t\t\t\t\t\t<\/div>\n\t\t\t\t<\/div>\n\t\t\t\t<\/div>\n\t\t\t\t\t<\/div>\n\t\t\t\t<\/div>\n\t\t<div class=\"elementor-element elementor-element-489a1c1 e-flex e-con-boxed e-con e-parent\" data-id=\"489a1c1\" data-element_type=\"container\" data-settings=\"{&quot;background_background&quot;:&quot;classic&quot;}\">\n\t\t\t\t\t<div class=\"e-con-inner\">\n\t\t\t\t<div class=\"elementor-element elementor-element-2b6f4ca elementor-widget elementor-widget-heading\" data-id=\"2b6f4ca\" data-element_type=\"widget\" data-widget_type=\"heading.default\">\n\t\t\t\t\t<h2 class=\"elementor-heading-title elementor-size-default\">Foglalj id\u0151pontot<\/h2>\t\t\t\t<\/div>\n\t\t\t\t<div class=\"elementor-element elementor-element-2ad22cc elementor-align-center elementor-widget elementor-widget-button\" data-id=\"2ad22cc\" data-element_type=\"widget\" data-widget_type=\"button.default\">\n\t\t\t\t\t\t\t\t\t\t<a class=\"elementor-button elementor-button-link elementor-size-sm\" href=\"#\">\n\t\t\t\t\t\t<span class=\"elementor-button-content-wrapper\">\n\t\t\t\t\t\t\t\t\t<span class=\"elementor-button-text\">Foglal\u00e1s<\/span>\n\t\t\t\t\t<\/span>\n\t\t\t\t\t<\/a>\n\t\t\t\t\t\t\t\t<\/div>\n\t\t\t\t\t<\/div>\n\t\t\t\t<\/div>\n\t\t<div class=\"elementor-element elementor-element-53c5697 e-flex e-con-boxed e-con e-parent\" data-id=\"53c5697\" data-element_type=\"container\" data-settings=\"{&quot;background_background&quot;:&quot;classic&quot;}\">\n\t\t\t\t\t<div class=\"e-con-inner\">\n\t\t<div class=\"elementor-element elementor-element-8d5ddbb e-con-full e-flex e-con e-child\" data-id=\"8d5ddbb\" data-element_type=\"container\">\n\t\t\t\t<div class=\"elementor-element elementor-element-767b8ae elementor-widget elementor-widget-heading\" data-id=\"767b8ae\" data-element_type=\"widget\" data-widget_type=\"heading.default\">\n\t\t\t\t\t<h2 class=\"elementor-heading-title elementor-size-default\">\u00c1rak<\/h2>\t\t\t\t<\/div>\n\t\t<div class=\"elementor-element elementor-element-a1e2faa e-con-full e-flex e-con e-child\" data-id=\"a1e2faa\" data-element_type=\"container\">\n\t\t<div class=\"elementor-element elementor-element-e007049 e-con-full e-grid e-con e-child\" data-id=\"e007049\" data-element_type=\"container\">\n\t\t\t\t<div class=\"elementor-element elementor-element-90074d8 elementor-widget elementor-widget-text-editor\" data-id=\"90074d8\" data-element_type=\"widget\" data-widget_type=\"text-editor.default\">\n\t\t\t\t\t\t\t\t\t<p>El\u0151 \u00e9s ut\u00f3szezonban vas\u00e1rnapt\u00f3l p\u00e9ntekig\u00a0<\/p>\t\t\t\t\t\t\t\t<\/div>\n\t\t\t\t<div class=\"elementor-element elementor-element-ca54e33 elementor-widget elementor-widget-text-editor\" data-id=\"ca54e33\" data-element_type=\"widget\" data-widget_type=\"text-editor.default\">\n\t\t\t\t\t\t\t\t\t<ul><li>1\u20132 f\u0151 \u2013 32.000 Ft\/\u00e9j<\/li><li>3 f\u0151 \u2013 36.000 Ft\/\u00e9j<\/li><li>4 f\u0151 \u2013 40.000 Ft\/\u00e9j<\/li><li>4+1 f\u0151 \u2013 45.000 Ft\/\u00e9j<\/li><li>4+2 f\u0151 \u2013 50.000 Ft\/\u00e9j<\/li><li>Szaunahaszn\u00e1lat: 5000 Ft\/alkalom<\/li><\/ul>\t\t\t\t\t\t\t\t<\/div>\n\t\t\t\t<\/div>\n\t\t<div class=\"elementor-element elementor-element-266c4f7 e-con-full e-grid e-con e-child\" data-id=\"266c4f7\" data-element_type=\"container\">\n\t\t\t\t<div class=\"elementor-element elementor-element-e3c8a6a elementor-widget elementor-widget-text-editor\" data-id=\"e3c8a6a\" data-element_type=\"widget\" data-widget_type=\"text-editor.default\">\n\t\t\t\t\t\t\t\t\t<p>El\u0151 \u00e9s ut\u00f3szezonban p\u00e9ntekt\u0151l-vas\u00e1rnapig F\u0151szezonban vas\u00e1rnapt\u00f3l p\u00e9ntekig\u00a0<\/p>\t\t\t\t\t\t\t\t<\/div>\n\t\t\t\t<div class=\"elementor-element elementor-element-8f70ac9 elementor-widget elementor-widget-text-editor\" data-id=\"8f70ac9\" data-element_type=\"widget\" data-widget_type=\"text-editor.default\">\n\t\t\t\t\t\t\t\t\t<ul><li>1\u20132 f\u0151 \u2013 36.000 Ft\/\u00e9j<\/li><li>3 f\u0151 \u2013 40.000 Ft\/\u00e9j<\/li><li>4 f\u0151 \u2013 44.000 Ft\/\u00e9j<\/li><li>4+1 f\u0151 \u2013 49.000 Ft\/\u00e9j<\/li><li>4+2 f\u0151 \u2013 54.000 Ft\/\u00e9j<\/li><li>Szaunahaszn\u00e1lat: 5000 Ft\/alkalom<\/li><\/ul>\t\t\t\t\t\t\t\t<\/div>\n\t\t\t\t<\/div>\n\t\t<div class=\"elementor-element elementor-element-c593c7f e-con-full e-grid e-con e-child\" data-id=\"c593c7f\" data-element_type=\"container\">\n\t\t\t\t<div class=\"elementor-element elementor-element-0c970cf elementor-widget elementor-widget-text-editor\" data-id=\"0c970cf\" data-element_type=\"widget\" data-widget_type=\"text-editor.default\">\n\t\t\t\t\t\t\t\t\t<p>F\u0151szezonban p\u00e9ntekt\u0151l-vas\u00e1rnapig \u00e9s \u00fcnnepnapokon\u00a0<\/p>\t\t\t\t\t\t\t\t<\/div>\n\t\t\t\t<div class=\"elementor-element elementor-element-9702aab elementor-widget elementor-widget-text-editor\" data-id=\"9702aab\" data-element_type=\"widget\" data-widget_type=\"text-editor.default\">\n\t\t\t\t\t\t\t\t\t<ul><li>1\u20132 f\u0151 \u2013 38.000 Ft\/\u00e9j<\/li><li>3 f\u0151 \u2013 42.000 Ft\/\u00e9j<\/li><li>4 f\u0151 \u2013 46.000 Ft\/\u00e9j<\/li><li>4+1 f\u0151 \u2013 51.000 Ft\/\u00e9j<\/li><li>4+2 f\u0151 \u2013 56.000 Ft\/\u00e9j<\/li><li>Szaunahaszn\u00e1lat: 5000 Ft\/alkalom, csak valamennyi napra foglalhat\u00f3.<\/li><\/ul>\t\t\t\t\t\t\t\t<\/div>\n\t\t\t\t<\/div>\n\t\t\t\t<\/div>\n\t\t\t\t<\/div>\n\t\t<div class=\"elementor-element elementor-element-315ad18 e-con-full e-flex e-con e-child\" data-id=\"315ad18\" data-element_type=\"container\">\n\t\t\t\t<div class=\"elementor-element elementor-element-52979ce elementor-widget elementor-widget-heading\" data-id=\"52979ce\" data-element_type=\"widget\" data-widget_type=\"heading.default\">\n\t\t\t\t\t<h2 class=\"elementor-heading-title elementor-size-default\">Felszerelts\u00e9g<\/h2>\t\t\t\t<\/div>\n\t\t<div class=\"elementor-element elementor-element-4f92185 e-con-full e-flex e-con e-child\" data-id=\"4f92185\" data-element_type=\"container\">\n\t\t<div class=\"elementor-element elementor-element-937f1ab e-con-full e-flex e-con e-child\" data-id=\"937f1ab\" data-element_type=\"container\">\n\t\t\t\t<div class=\"elementor-element elementor-element-a8691e8 elementor-widget elementor-widget-heading\" data-id=\"a8691e8\" data-element_type=\"widget\" data-widget_type=\"heading.default\">\n\t\t\t\t\t<p class=\"elementor-heading-title elementor-size-default\">F\u00e9r\u0151hely<\/p>\t\t\t\t<\/div>\n\t\t\t\t<div class=\"elementor-element elementor-element-72a247c elementor-widget elementor-widget-text-editor\" data-id=\"72a247c\" data-element_type=\"widget\" data-widget_type=\"text-editor.default\">\n\t\t\t\t\t\t\t\t\t<ul><li>2 k\u00fcl\u00f6n h\u00e1l\u00f3szoba:<ul><li>1 db francia\u00e1gy<\/li><li>2 db feny\u0151 \u00e1gy<\/li><\/ul><\/li><li>nappaliban kih\u00fazhat\u00f3 k\u00e9tszem\u00e9lyes \u00e1gy (p\u00f3t\u00e1gy ig\u00e9ny szerint max. +2 f\u0151 r\u00e9sz\u00e9re el\u0151zetes egyeztet\u00e9ssel)<\/li><\/ul>\t\t\t\t\t\t\t\t<\/div>\n\t\t\t\t<\/div>\n\t\t<div class=\"elementor-element elementor-element-7a27d4c e-con-full e-flex e-con e-child\" data-id=\"7a27d4c\" data-element_type=\"container\">\n\t\t\t\t<div class=\"elementor-element elementor-element-e885c5f elementor-widget elementor-widget-heading\" data-id=\"e885c5f\" data-element_type=\"widget\" data-widget_type=\"heading.default\">\n\t\t\t\t\t<p class=\"elementor-heading-title elementor-size-default\">Felszerel\u00e9s<\/p>\t\t\t\t<\/div>\n\t\t\t\t<div class=\"elementor-element elementor-element-36ddf14 elementor-widget elementor-widget-text-editor\" data-id=\"36ddf14\" data-element_type=\"widget\" data-widget_type=\"text-editor.default\">\n\t\t\t\t\t\t\t\t\t<ul><li>teljesen felszerelt konyha, \u00e9tkez\u0151 \u00e9s nappali<\/li><li>f\u00fcrd\u0151szoba \u00e9s WC<\/li><li>fedett terasz kerti b\u00fatorokkal<\/li><li>szauna<\/li><li>z\u00e1rt udvar parkol\u00f3val<\/li><li>grillez\u00e9si \u00e9s bogr\u00e1csoz\u00e1si lehet\u0151s\u00e9g a kertben<\/li><li>TV, wifi<\/li><li>elektromos f\u0171t\u00e9s<\/li><\/ul>\t\t\t\t\t\t\t\t<\/div>\n\t\t\t\t<\/div>\n\t\t<div class=\"elementor-element elementor-element-a66dc65 e-con-full e-flex e-con e-child\" data-id=\"a66dc65\" data-element_type=\"container\">\n\t\t\t\t<div class=\"elementor-element elementor-element-fb839dc elementor-widget elementor-widget-heading\" data-id=\"fb839dc\" data-element_type=\"widget\" data-widget_type=\"heading.default\">\n\t\t\t\t\t<p class=\"elementor-heading-title elementor-size-default\">Horg\u00e1szat a r\u00f6nkh\u00e1zn\u00e1l<\/p>\t\t\t\t<\/div>\n\t\t\t\t<div class=\"elementor-element elementor-element-2eccf6e elementor-widget elementor-widget-text-editor\" data-id=\"2eccf6e\" data-element_type=\"widget\" data-widget_type=\"text-editor.default\">\n\t\t\t\t\t\t\t\t\t<ul><li>k\u00f6zvetlen\u00fcl a r\u00f6nkh\u00e1z el\u0151tt 20 m\u00e9ter partszakasz saj\u00e1t, nagy st\u00e9ggel<\/li><li>2 horg\u00e1sz sz\u00e1m\u00e1ra ide\u00e1lis helysz\u00edn<\/li><li>a dob\u00e1si t\u00e1vols\u00e1g miatt a partszakasz<strong>nem kedvez a bojlis horg\u00e1szatnak<\/strong>\u00a0(kb. 20 m)<\/li><li>horg\u00e1szhely t\u00e1vols\u00e1ga a sz\u00e1ll\u00e1st\u00f3l: kb. 15 m<\/li><\/ul>\t\t\t\t\t\t\t\t<\/div>\n\t\t\t\t<\/div>\n\t\t<div class=\"elementor-element elementor-element-c73107a e-con-full e-flex e-con e-child\" data-id=\"c73107a\" data-element_type=\"container\">\n\t\t<div class=\"elementor-element elementor-element-8cfbca0 e-con-full e-flex e-con e-child\" data-id=\"8cfbca0\" data-element_type=\"container\">\n\t\t\t\t<div class=\"elementor-element elementor-element-ebc6175 elementor-widget elementor-widget-heading\" data-id=\"ebc6175\" data-element_type=\"widget\" data-widget_type=\"heading.default\">\n\t\t\t\t\t<p class=\"elementor-heading-title elementor-size-default\">\u00a0Kutyabar\u00e1t sz\u00e1ll\u00e1shely<\/p>\t\t\t\t<\/div>\n\t\t\t\t<div class=\"elementor-element elementor-element-5ef02c5 elementor-widget elementor-widget-text-editor\" data-id=\"5ef02c5\" data-element_type=\"widget\" data-widget_type=\"text-editor.default\">\n\t\t\t\t\t\t\t\t\t<p>A h\u00e1z teljesen k\u00f6rbeker\u00edtett, \u00edgy n\u00e9gyl\u00e1b\u00fa kedvenceddel is biztons\u00e1gosan pihenhetsz.<\/p>\t\t\t\t\t\t\t\t<\/div>\n\t\t\t\t<\/div>\n\t\t\t\t<\/div>\n\t\t\t\t<\/div>\n\t\t\t\t<\/div>\n\t\t\t\t\t<\/div>\n\t\t\t\t<\/div>\n\t\t<div class=\"elementor-element elementor-element-b32f1fa e-flex e-con-boxed e-con e-parent\" data-id=\"b32f1fa\" data-element_type=\"container\">\n\t\t\t\t\t<div class=\"e-con-inner\">\n\t\t\t\t<div class=\"elementor-element elementor-element-6ef3ceb elementor-widget elementor-widget-heading\" data-id=\"6ef3ceb\" data-element_type=\"widget\" data-widget_type=\"heading.default\">\n\t\t\t\t\t<h2 class=\"elementor-heading-title elementor-size-default\">Gal\u00e9ria<\/h2>\t\t\t\t<\/div>\n\t\t\t\t<div class=\"elementor-element elementor-element-7164089 elementor-widget elementor-widget-gallery\" data-id=\"7164089\" data-element_type=\"widget\" data-settings=\"{&quot;columns&quot;:2,&quot;gap&quot;:{&quot;unit&quot;:&quot;px&quot;,&quot;size&quot;:16,&quot;sizes&quot;:[]},&quot;lazyload&quot;:&quot;yes&quot;,&quot;gallery_layout&quot;:&quot;grid&quot;,&quot;columns_tablet&quot;:2,&quot;columns_mobile&quot;:1,&quot;gap_widescreen&quot;:{&quot;unit&quot;:&quot;px&quot;,&quot;size&quot;:&quot;&quot;,&quot;sizes&quot;:[]},&quot;gap_laptop&quot;:{&quot;unit&quot;:&quot;px&quot;,&quot;size&quot;:10,&quot;sizes&quot;:[]},&quot;gap_tablet_extra&quot;:{&quot;unit&quot;:&quot;px&quot;,&quot;size&quot;:10,&quot;sizes&quot;:[]},&quot;gap_tablet&quot;:{&quot;unit&quot;:&quot;px&quot;,&quot;size&quot;:10,&quot;sizes&quot;:[]},&quot;gap_mobile_extra&quot;:{&quot;unit&quot;:&quot;px&quot;,&quot;size&quot;:10,&quot;sizes&quot;:[]},&quot;gap_mobile&quot;:{&quot;unit&quot;:&quot;px&quot;,&quot;size&quot;:10,&quot;sizes&quot;:[]},&quot;link_to&quot;:&quot;file&quot;,&quot;aspect_ratio&quot;:&quot;3:2&quot;,&quot;overlay_background&quot;:&quot;yes&quot;,&quot;content_hover_animation&quot;:&quot;fade-in&quot;}\" data-widget_type=\"gallery.default\">\n\t\t\t\t\t\t\t<div class=\"elementor-gallery__container\">\n\t\t\t\t\t\t\t<a class=\"e-gallery-item elementor-gallery-item elementor-animated-content\" href=\"https:\/\/berek.finegroup.hu\/wp-content\/uploads\/2025\/11\/Berek-Horgaszpark-Hovej-Ronk_-kulter-002-haz-part-felol-scaled.jpg\" data-elementor-open-lightbox=\"yes\" data-elementor-lightbox-slideshow=\"7164089\" data-elementor-lightbox-title=\"Berek Horg\u00e1szpark H\u00f6vej R\u00f6nk_ k\u00fclt\u00e9r 002 - h\u00e1z part fel\u0151l\" data-e-action-hash=\"#elementor-action%3Aaction%3Dlightbox%26settings%3DeyJpZCI6MTEzOSwidXJsIjoiaHR0cHM6XC9cL2JlcmVrLmZpbmVncm91cC5odVwvd3AtY29udGVudFwvdXBsb2Fkc1wvMjAyNVwvMTFcL0JlcmVrLUhvcmdhc3pwYXJrLUhvdmVqLVJvbmtfLWt1bHRlci0wMDItaGF6LXBhcnQtZmVsb2wtc2NhbGVkLmpwZyIsInNsaWRlc2hvdyI6IjcxNjQwODkifQ%3D%3D\">\n\t\t\t\t\t<div class=\"e-gallery-image elementor-gallery-item__image\" data-thumbnail=\"https:\/\/berek.finegroup.hu\/wp-content\/uploads\/2025\/11\/Berek-Horgaszpark-Hovej-Ronk_-kulter-002-haz-part-felol-scaled.jpg\" data-width=\"2560\" data-height=\"1622\" aria-label=\"\" role=\"img\" ><\/div>\n\t\t\t\t\t\t\t\t\t\t\t<div class=\"elementor-gallery-item__overlay\"><\/div>\n\t\t\t\t\t\t\t\t\t\t\t\t\t\t<\/a>\n\t\t\t\t\t\t\t<a class=\"e-gallery-item elementor-gallery-item elementor-animated-content\" href=\"https:\/\/berek.finegroup.hu\/wp-content\/uploads\/2025\/11\/Berek-Horgaszpark-Hovej-Ronk_-belter-001-etkezo-scaled.jpg\" data-elementor-open-lightbox=\"yes\" data-elementor-lightbox-slideshow=\"7164089\" data-elementor-lightbox-title=\"Berek Horg\u00e1szpark H\u00f6vej R\u00f6nk_ belt\u00e9r 001 - \u00e9tkez\u0151\" data-e-action-hash=\"#elementor-action%3Aaction%3Dlightbox%26settings%3DeyJpZCI6MTEzMiwidXJsIjoiaHR0cHM6XC9cL2JlcmVrLmZpbmVncm91cC5odVwvd3AtY29udGVudFwvdXBsb2Fkc1wvMjAyNVwvMTFcL0JlcmVrLUhvcmdhc3pwYXJrLUhvdmVqLVJvbmtfLWJlbHRlci0wMDEtZXRrZXpvLXNjYWxlZC5qcGciLCJzbGlkZXNob3ciOiI3MTY0MDg5In0%3D\">\n\t\t\t\t\t<div class=\"e-gallery-image elementor-gallery-item__image\" data-thumbnail=\"https:\/\/berek.finegroup.hu\/wp-content\/uploads\/2025\/11\/Berek-Horgaszpark-Hovej-Ronk_-belter-001-etkezo-scaled.jpg\" data-width=\"2560\" data-height=\"1737\" aria-label=\"\" role=\"img\" ><\/div>\n\t\t\t\t\t\t\t\t\t\t\t<div class=\"elementor-gallery-item__overlay\"><\/div>\n\t\t\t\t\t\t\t\t\t\t\t\t\t\t<\/a>\n\t\t\t\t\t\t\t<a class=\"e-gallery-item elementor-gallery-item elementor-animated-content\" href=\"https:\/\/berek.finegroup.hu\/wp-content\/uploads\/2025\/11\/Berek-Horgaszpark-Hovej-Ronk_-belter-004-franciaagyas-szoba-scaled.jpg\" data-elementor-open-lightbox=\"yes\" data-elementor-lightbox-slideshow=\"7164089\" data-elementor-lightbox-title=\"Berek Horg\u00e1szpark H\u00f6vej R\u00f6nk_ belt\u00e9r 004 - francia\u00e1gyas szoba\" data-e-action-hash=\"#elementor-action%3Aaction%3Dlightbox%26settings%3DeyJpZCI6MTEzNCwidXJsIjoiaHR0cHM6XC9cL2JlcmVrLmZpbmVncm91cC5odVwvd3AtY29udGVudFwvdXBsb2Fkc1wvMjAyNVwvMTFcL0JlcmVrLUhvcmdhc3pwYXJrLUhvdmVqLVJvbmtfLWJlbHRlci0wMDQtZnJhbmNpYWFneWFzLXN6b2JhLXNjYWxlZC5qcGciLCJzbGlkZXNob3ciOiI3MTY0MDg5In0%3D\">\n\t\t\t\t\t<div class=\"e-gallery-image elementor-gallery-item__image\" data-thumbnail=\"https:\/\/berek.finegroup.hu\/wp-content\/uploads\/2025\/11\/Berek-Horgaszpark-Hovej-Ronk_-belter-004-franciaagyas-szoba-scaled.jpg\" data-width=\"2560\" data-height=\"1611\" aria-label=\"\" role=\"img\" ><\/div>\n\t\t\t\t\t\t\t\t\t\t\t<div class=\"elementor-gallery-item__overlay\"><\/div>\n\t\t\t\t\t\t\t\t\t\t\t\t\t\t<\/a>\n\t\t\t\t\t\t\t<a class=\"e-gallery-item elementor-gallery-item elementor-animated-content\" href=\"https:\/\/berek.finegroup.hu\/wp-content\/uploads\/2025\/11\/Berek-Horgaszpark-Hovej-Ronk_-belter-009-2-agyas-szoba-scaled.jpg\" data-elementor-open-lightbox=\"yes\" data-elementor-lightbox-slideshow=\"7164089\" data-elementor-lightbox-title=\"Berek Horg\u00e1szpark H\u00f6vej R\u00f6nk_ belt\u00e9r 009 - 2 \u00e1gyas szoba\" data-e-action-hash=\"#elementor-action%3Aaction%3Dlightbox%26settings%3DeyJpZCI6MTEzNiwidXJsIjoiaHR0cHM6XC9cL2JlcmVrLmZpbmVncm91cC5odVwvd3AtY29udGVudFwvdXBsb2Fkc1wvMjAyNVwvMTFcL0JlcmVrLUhvcmdhc3pwYXJrLUhvdmVqLVJvbmtfLWJlbHRlci0wMDktMi1hZ3lhcy1zem9iYS1zY2FsZWQuanBnIiwic2xpZGVzaG93IjoiNzE2NDA4OSJ9\">\n\t\t\t\t\t<div class=\"e-gallery-image elementor-gallery-item__image\" data-thumbnail=\"https:\/\/berek.finegroup.hu\/wp-content\/uploads\/2025\/11\/Berek-Horgaszpark-Hovej-Ronk_-belter-009-2-agyas-szoba-scaled.jpg\" data-width=\"2560\" data-height=\"1636\" aria-label=\"\" role=\"img\" ><\/div>\n\t\t\t\t\t\t\t\t\t\t\t<div class=\"elementor-gallery-item__overlay\"><\/div>\n\t\t\t\t\t\t\t\t\t\t\t\t\t\t<\/a>\n\t\t\t\t\t\t\t<a class=\"e-gallery-item elementor-gallery-item elementor-animated-content\" href=\"https:\/\/berek.finegroup.hu\/wp-content\/uploads\/2025\/11\/Berek-Horgaszpark-Hovej-Ronk_-belter-007-furdo-scaled.jpg\" data-elementor-open-lightbox=\"yes\" data-elementor-lightbox-slideshow=\"7164089\" data-elementor-lightbox-title=\"Berek Horg\u00e1szpark H\u00f6vej R\u00f6nk_ belt\u00e9r 007 - f\u00fcrd\u0151\" data-e-action-hash=\"#elementor-action%3Aaction%3Dlightbox%26settings%3DeyJpZCI6MTEzNSwidXJsIjoiaHR0cHM6XC9cL2JlcmVrLmZpbmVncm91cC5odVwvd3AtY29udGVudFwvdXBsb2Fkc1wvMjAyNVwvMTFcL0JlcmVrLUhvcmdhc3pwYXJrLUhvdmVqLVJvbmtfLWJlbHRlci0wMDctZnVyZG8tc2NhbGVkLmpwZyIsInNsaWRlc2hvdyI6IjcxNjQwODkifQ%3D%3D\">\n\t\t\t\t\t<div class=\"e-gallery-image elementor-gallery-item__image\" data-thumbnail=\"https:\/\/berek.finegroup.hu\/wp-content\/uploads\/2025\/11\/Berek-Horgaszpark-Hovej-Ronk_-belter-007-furdo-scaled.jpg\" data-width=\"2560\" data-height=\"1665\" aria-label=\"\" role=\"img\" ><\/div>\n\t\t\t\t\t\t\t\t\t\t\t<div class=\"elementor-gallery-item__overlay\"><\/div>\n\t\t\t\t\t\t\t\t\t\t\t\t\t\t<\/a>\n\t\t\t\t\t\t\t<a class=\"e-gallery-item elementor-gallery-item elementor-animated-content\" href=\"https:\/\/berek.finegroup.hu\/wp-content\/uploads\/2025\/11\/Berek-Horgaszpark-Hovej-Ronk_-belter-012-kandallo-scaled.jpg\" data-elementor-open-lightbox=\"yes\" data-elementor-lightbox-slideshow=\"7164089\" data-elementor-lightbox-title=\"Berek Horg\u00e1szpark H\u00f6vej R\u00f6nk_ belt\u00e9r 012 - kandall\u00f3\" data-e-action-hash=\"#elementor-action%3Aaction%3Dlightbox%26settings%3DeyJpZCI6MTEzNywidXJsIjoiaHR0cHM6XC9cL2JlcmVrLmZpbmVncm91cC5odVwvd3AtY29udGVudFwvdXBsb2Fkc1wvMjAyNVwvMTFcL0JlcmVrLUhvcmdhc3pwYXJrLUhvdmVqLVJvbmtfLWJlbHRlci0wMTIta2FuZGFsbG8tc2NhbGVkLmpwZyIsInNsaWRlc2hvdyI6IjcxNjQwODkifQ%3D%3D\">\n\t\t\t\t\t<div class=\"e-gallery-image elementor-gallery-item__image\" data-thumbnail=\"https:\/\/berek.finegroup.hu\/wp-content\/uploads\/2025\/11\/Berek-Horgaszpark-Hovej-Ronk_-belter-012-kandallo-scaled.jpg\" data-width=\"1737\" data-height=\"2560\" aria-label=\"\" role=\"img\" ><\/div>\n\t\t\t\t\t\t\t\t\t\t\t<div class=\"elementor-gallery-item__overlay\"><\/div>\n\t\t\t\t\t\t\t\t\t\t\t\t\t\t<\/a>\n\t\t\t\t\t\t\t<a class=\"e-gallery-item elementor-gallery-item elementor-animated-content\" href=\"https:\/\/berek.finegroup.hu\/wp-content\/uploads\/2025\/11\/rj5.jpg\" data-elementor-open-lightbox=\"yes\" data-elementor-lightbox-slideshow=\"7164089\" data-elementor-lightbox-title=\"rj5\" data-e-action-hash=\"#elementor-action%3Aaction%3Dlightbox%26settings%3DeyJpZCI6MTE4MSwidXJsIjoiaHR0cHM6XC9cL2JlcmVrLmZpbmVncm91cC5odVwvd3AtY29udGVudFwvdXBsb2Fkc1wvMjAyNVwvMTFcL3JqNS5qcGciLCJzbGlkZXNob3ciOiI3MTY0MDg5In0%3D\">\n\t\t\t\t\t<div class=\"e-gallery-image elementor-gallery-item__image\" data-thumbnail=\"https:\/\/berek.finegroup.hu\/wp-content\/uploads\/2025\/11\/rj5.jpg\" data-width=\"1502\" data-height=\"2048\" aria-label=\"\" role=\"img\" ><\/div>\n\t\t\t\t\t\t\t\t\t\t\t<div class=\"elementor-gallery-item__overlay\"><\/div>\n\t\t\t\t\t\t\t\t\t\t\t\t\t\t<\/a>\n\t\t\t\t\t\t\t<a class=\"e-gallery-item elementor-gallery-item elementor-animated-content\" href=\"https:\/\/berek.finegroup.hu\/wp-content\/uploads\/2025\/11\/ronk-steg.jpg\" data-elementor-open-lightbox=\"yes\" data-elementor-lightbox-slideshow=\"7164089\" data-elementor-lightbox-title=\"r\u00f6nk st\u00e9g\" data-e-action-hash=\"#elementor-action%3Aaction%3Dlightbox%26settings%3DeyJpZCI6MTQ1OCwidXJsIjoiaHR0cHM6XC9cL2JlcmVrLmZpbmVncm91cC5odVwvd3AtY29udGVudFwvdXBsb2Fkc1wvMjAyNVwvMTFcL3Jvbmstc3RlZy5qcGciLCJzbGlkZXNob3ciOiI3MTY0MDg5In0%3D\">\n\t\t\t\t\t<div class=\"e-gallery-image elementor-gallery-item__image\" data-thumbnail=\"https:\/\/berek.finegroup.hu\/wp-content\/uploads\/2025\/11\/ronk-steg.jpg\" data-width=\"2048\" data-height=\"1536\" aria-label=\"\" role=\"img\" ><\/div>\n\t\t\t\t\t\t\t\t\t\t\t<div class=\"elementor-gallery-item__overlay\"><\/div>\n\t\t\t\t\t\t\t\t\t\t\t\t\t\t<\/a>\n\t\t\t\t\t<\/div>\n\t\t\t\t\t<\/div>\n\t\t\t\t\t<\/div>\n\t\t\t\t<\/div>\n\t\t\t\t<\/div>","protected":false},"excerpt":{"rendered":"<p>foglal\u00e1s Fah\u00e1z le\u00edr\u00e1sa 2\u20134 szem\u00e9lyes, p\u00f3t\u00e1ggyal max. 6 f\u0151 A r\u00f6nkh\u00e1z egyedi hangulat\u00e1val \u00e9s saj\u00e1t szaun\u00e1j\u00e1val a horg\u00e1szok \u00e9s a pihen\u00e9s szerelmeseinek kedvence. A v\u00edzpart k\u00f6zels\u00e9ge \u00e9s a saj\u00e1t nagy st\u00e9g biztos\u00edtja, hogy a horg\u00e1szat igazi \u00e9lm\u00e9ny legyen, mik\u00f6zben a h\u00e1z minden k\u00e9nyelme adott egy hosszabb tart\u00f3zkod\u00e1shoz is. Foglalj id\u0151pontot Foglal\u00e1s \u00c1rak El\u0151 \u00e9s ut\u00f3szezonban [&hellip;]<\/p>","protected":false},"author":1,"featured_media":0,"parent":0,"menu_order":0,"comment_status":"closed","ping_status":"closed","template":"","meta":{"footnotes":""},"class_list":["post-714","page","type-page","status-publish","hentry"],"_links":{"self":[{"href":"https:\/\/berek.finegroup.hu\/de\/wp-json\/wp\/v2\/pages\/714","targetHints":{"allow":["GET"]}}],"collection":[{"href":"https:\/\/berek.finegroup.hu\/de\/wp-json\/wp\/v2\/pages"}],"about":[{"href":"https:\/\/berek.finegroup.hu\/de\/wp-json\/wp\/v2\/types\/page"}],"author":[{"embeddable":true,"href":"https:\/\/berek.finegroup.hu\/de\/wp-json\/wp\/v2\/users\/1"}],"replies":[{"embeddable":true,"href":"https:\/\/berek.finegroup.hu\/de\/wp-json\/wp\/v2\/comments?post=714"}],"version-history":[{"count":45,"href":"https:\/\/berek.finegroup.hu\/de\/wp-json\/wp\/v2\/pages\/714\/revisions"}],"predecessor-version":[{"id":1461,"href":"https:\/\/berek.finegroup.hu\/de\/wp-json\/wp\/v2\/pages\/714\/revisions\/1461"}],"wp:attachment":[{"href":"https:\/\/berek.finegroup.hu\/de\/wp-json\/wp\/v2\/media?parent=714"}],"curies":[{"name":"wp","href":"https:\/\/api.w.org\/{rel}","templated":true}]}}