{"id":709,"date":"2025-11-07T13:09:46","date_gmt":"2025-11-07T12:09:46","guid":{"rendered":"https:\/\/berek.finegroup.hu\/?page_id=709"},"modified":"2025-11-18T09:36:22","modified_gmt":"2025-11-18T08:36:22","slug":"d9-horgasznyaralo-vizparti-gerendahaz-jacuzzival","status":"publish","type":"page","link":"https:\/\/berek.finegroup.hu\/de\/d9-horgasznyaralo-vizparti-gerendahaz-jacuzzival\/","title":{"rendered":"D9 Horg\u00e1sznyaral\u00f3 \u2013 v\u00edzparti gerendah\u00e1z jacuzzival"},"content":{"rendered":"<div data-elementor-type=\"wp-page\" data-elementor-id=\"709\" class=\"elementor elementor-709\" data-elementor-post-type=\"page\">\n\t\t\t\t<div class=\"elementor-element elementor-element-f41111a e-flex e-con-boxed e-con e-parent\" data-id=\"f41111a\" data-element_type=\"container\" data-settings=\"{&quot;background_background&quot;:&quot;classic&quot;}\">\n\t\t\t\t\t<div class=\"e-con-inner\">\n\t\t\t\t<div class=\"elementor-element elementor-element-eb12ce3 elementor-widget elementor-widget-heading\" data-id=\"eb12ce3\" data-element_type=\"widget\" data-widget_type=\"heading.default\">\n\t\t\t\t\t<h1 class=\"elementor-heading-title elementor-size-default\">D9 Horg\u00e1sznyaral\u00f3 \u2013 v\u00edzparti gerendah\u00e1z jacuzzival<\/h1>\t\t\t\t<\/div>\n\t\t\t\t<div class=\"elementor-element elementor-element-f4d194f elementor-align-center elementor-widget elementor-widget-button\" data-id=\"f4d194f\" data-element_type=\"widget\" data-widget_type=\"button.default\">\n\t\t\t\t\t\t\t\t\t\t<a class=\"elementor-button elementor-button-link elementor-size-sm\" href=\"#\">\n\t\t\t\t\t\t<span class=\"elementor-button-content-wrapper\">\n\t\t\t\t\t\t\t\t\t<span class=\"elementor-button-text\">foglal\u00e1s<\/span>\n\t\t\t\t\t<\/span>\n\t\t\t\t\t<\/a>\n\t\t\t\t\t\t\t\t<\/div>\n\t\t\t\t\t<\/div>\n\t\t\t\t<\/div>\n\t\t<div class=\"elementor-element elementor-element-5c35372 e-flex e-con-boxed e-con e-parent\" data-id=\"5c35372\" data-element_type=\"container\" data-settings=\"{&quot;background_background&quot;:&quot;classic&quot;}\">\n\t\t\t\t\t<div class=\"e-con-inner\">\n\t\t\t\t<div class=\"elementor-element elementor-element-a8f1665 elementor-widget elementor-widget-heading\" data-id=\"a8f1665\" data-element_type=\"widget\" data-widget_type=\"heading.default\">\n\t\t\t\t\t<h2 class=\"elementor-heading-title elementor-size-default\">Fah\u00e1z le\u00edr\u00e1sa<\/h2>\t\t\t\t<\/div>\n\t\t<div class=\"elementor-element elementor-element-e7a3a94 e-con-full e-flex e-con e-child\" data-id=\"e7a3a94\" data-element_type=\"container\">\n\t\t\t\t<div class=\"elementor-element elementor-element-ec3d99c elementor-widget__width-initial elementor-widget elementor-widget-image\" data-id=\"ec3d99c\" data-element_type=\"widget\" data-widget_type=\"image.default\">\n\t\t\t\t\t\t\t\t\t\t\t\t\t\t\t<img fetchpriority=\"high\" decoding=\"async\" width=\"800\" height=\"498\" src=\"https:\/\/berek.finegroup.hu\/wp-content\/uploads\/2025\/11\/Berek-Horgaszpark-Hovej-D9-_-kulter-004-haz-utca-felol-1024x637.jpg\" class=\"attachment-large size-large wp-image-1114\" alt=\"\" srcset=\"https:\/\/berek.finegroup.hu\/wp-content\/uploads\/2025\/11\/Berek-Horgaszpark-Hovej-D9-_-kulter-004-haz-utca-felol-1024x637.jpg 1024w, https:\/\/berek.finegroup.hu\/wp-content\/uploads\/2025\/11\/Berek-Horgaszpark-Hovej-D9-_-kulter-004-haz-utca-felol-300x187.jpg 300w, https:\/\/berek.finegroup.hu\/wp-content\/uploads\/2025\/11\/Berek-Horgaszpark-Hovej-D9-_-kulter-004-haz-utca-felol-768x478.jpg 768w, https:\/\/berek.finegroup.hu\/wp-content\/uploads\/2025\/11\/Berek-Horgaszpark-Hovej-D9-_-kulter-004-haz-utca-felol-1536x956.jpg 1536w, https:\/\/berek.finegroup.hu\/wp-content\/uploads\/2025\/11\/Berek-Horgaszpark-Hovej-D9-_-kulter-004-haz-utca-felol-2048x1274.jpg 2048w, https:\/\/berek.finegroup.hu\/wp-content\/uploads\/2025\/11\/Berek-Horgaszpark-Hovej-D9-_-kulter-004-haz-utca-felol-18x12.jpg 18w\" sizes=\"(max-width: 800px) 100vw, 800px\" \/>\t\t\t\t\t\t\t\t\t\t\t\t\t\t\t<\/div>\n\t\t<div class=\"elementor-element elementor-element-8588811 e-con-full e-flex e-con e-child\" data-id=\"8588811\" data-element_type=\"container\">\n\t\t\t\t<div class=\"elementor-element elementor-element-20c20a9 elementor-widget elementor-widget-heading\" data-id=\"20c20a9\" data-element_type=\"widget\" data-widget_type=\"heading.default\">\n\t\t\t\t\t<p class=\"elementor-heading-title elementor-size-default\">2-4 szem\u00e9lyes + p\u00f3t\u00e1gy<\/p>\t\t\t\t<\/div>\n\t\t\t\t<div class=\"elementor-element elementor-element-6632815 elementor-widget elementor-widget-text-editor\" data-id=\"6632815\" data-element_type=\"widget\" data-widget_type=\"text-editor.default\">\n\t\t\t\t\t\t\t\t\t<div><p>A D9-es horg\u00e1sznyaral\u00f3 a Berek Horg\u00e1szpark egyik legkedveltebb sz\u00e1ll\u00e1sa: k\u00f6zvetlen v\u00edzparti elhelyezked\u00e9s\u00e9vel, saj\u00e1t partszakasz\u00e1val \u00e9s jacuzzij\u00e1val igazi k\u00fcl\u00f6nlegess\u00e9get k\u00edn\u00e1l. Ide\u00e1lis v\u00e1laszt\u00e1s horg\u00e1szoknak, akik a pihen\u00e9st \u00e9s a pec\u00e1t egyszerre szeretn\u00e9k \u00e9lvezni.<\/p><\/div>\t\t\t\t\t\t\t\t<\/div>\n\t\t\t\t<\/div>\n\t\t\t\t<\/div>\n\t\t\t\t\t<\/div>\n\t\t\t\t<\/div>\n\t\t<div class=\"elementor-element elementor-element-489a1c1 e-flex e-con-boxed e-con e-parent\" data-id=\"489a1c1\" data-element_type=\"container\" data-settings=\"{&quot;background_background&quot;:&quot;classic&quot;}\">\n\t\t\t\t\t<div class=\"e-con-inner\">\n\t\t\t\t<div class=\"elementor-element elementor-element-2b6f4ca elementor-widget elementor-widget-heading\" data-id=\"2b6f4ca\" data-element_type=\"widget\" data-widget_type=\"heading.default\">\n\t\t\t\t\t<h2 class=\"elementor-heading-title elementor-size-default\">Foglalj id\u0151pontot<\/h2>\t\t\t\t<\/div>\n\t\t\t\t<div class=\"elementor-element elementor-element-2ad22cc elementor-align-center elementor-widget elementor-widget-button\" data-id=\"2ad22cc\" data-element_type=\"widget\" data-widget_type=\"button.default\">\n\t\t\t\t\t\t\t\t\t\t<a class=\"elementor-button elementor-button-link elementor-size-sm\" href=\"#\">\n\t\t\t\t\t\t<span class=\"elementor-button-content-wrapper\">\n\t\t\t\t\t\t\t\t\t<span class=\"elementor-button-text\">foglal\u00e1s<\/span>\n\t\t\t\t\t<\/span>\n\t\t\t\t\t<\/a>\n\t\t\t\t\t\t\t\t<\/div>\n\t\t\t\t\t<\/div>\n\t\t\t\t<\/div>\n\t\t<div class=\"elementor-element elementor-element-53c5697 e-flex e-con-boxed e-con e-parent\" data-id=\"53c5697\" data-element_type=\"container\" data-settings=\"{&quot;background_background&quot;:&quot;classic&quot;}\">\n\t\t\t\t\t<div class=\"e-con-inner\">\n\t\t<div class=\"elementor-element elementor-element-8d5ddbb e-con-full e-flex e-con e-child\" data-id=\"8d5ddbb\" data-element_type=\"container\">\n\t\t\t\t<div class=\"elementor-element elementor-element-767b8ae elementor-widget elementor-widget-heading\" data-id=\"767b8ae\" data-element_type=\"widget\" data-widget_type=\"heading.default\">\n\t\t\t\t\t<h2 class=\"elementor-heading-title elementor-size-default\">\u00c1rak<\/h2>\t\t\t\t<\/div>\n\t\t<div class=\"elementor-element elementor-element-a1e2faa e-con-full e-flex e-con e-child\" data-id=\"a1e2faa\" data-element_type=\"container\">\n\t\t<div class=\"elementor-element elementor-element-e007049 e-con-full e-grid e-con e-child\" data-id=\"e007049\" data-element_type=\"container\">\n\t\t\t\t<div class=\"elementor-element elementor-element-90074d8 elementor-widget elementor-widget-text-editor\" data-id=\"90074d8\" data-element_type=\"widget\" data-widget_type=\"text-editor.default\">\n\t\t\t\t\t\t\t\t\t<p>El\u0151 \u00e9s ut\u00f3szezonban vas\u00e1rnapt\u00f3l p\u00e9ntekig\u00a0<\/p>\t\t\t\t\t\t\t\t<\/div>\n\t\t\t\t<div class=\"elementor-element elementor-element-ca54e33 elementor-widget elementor-widget-text-editor\" data-id=\"ca54e33\" data-element_type=\"widget\" data-widget_type=\"text-editor.default\">\n\t\t\t\t\t\t\t\t\t<ul><li>1\u20132 f\u0151 \u2013 32.000 Ft\/\u00e9j<\/li><li>3 f\u0151 \u2013 36.000 Ft\/\u00e9j<\/li><li>4 f\u0151 \u2013 40.000 Ft\/\u00e9j<\/li><li>4+1 f\u0151 \u2013 45.000 Ft\/\u00e9j<\/li><li>4+2 f\u0151 \u2013 50.000 Ft\/\u00e9j<\/li><li>Jakuzzi haszn\u00e1lat: 5000 Ft\/nap<\/li><\/ul>\t\t\t\t\t\t\t\t<\/div>\n\t\t\t\t<\/div>\n\t\t<div class=\"elementor-element elementor-element-266c4f7 e-con-full e-grid e-con e-child\" data-id=\"266c4f7\" data-element_type=\"container\">\n\t\t\t\t<div class=\"elementor-element elementor-element-e3c8a6a elementor-widget elementor-widget-text-editor\" data-id=\"e3c8a6a\" data-element_type=\"widget\" data-widget_type=\"text-editor.default\">\n\t\t\t\t\t\t\t\t\t<p>El\u0151 \u00e9s ut\u00f3szezonban p\u00e9ntekt\u0151l-vas\u00e1rnapig F\u0151szezonban vas\u00e1rnapt\u00f3l p\u00e9ntekig<\/p>\t\t\t\t\t\t\t\t<\/div>\n\t\t\t\t<div class=\"elementor-element elementor-element-8f70ac9 elementor-widget elementor-widget-text-editor\" data-id=\"8f70ac9\" data-element_type=\"widget\" data-widget_type=\"text-editor.default\">\n\t\t\t\t\t\t\t\t\t<ul><li>1\u20132 f\u0151 \u2013 36.000 Ft\/\u00e9j<\/li><li>3 f\u0151 \u2013 40.000 Ft\/\u00e9j<\/li><li>4 f\u0151 \u2013 44.000 Ft\/\u00e9j<\/li><li>4+1 f\u0151 \u2013 49.000 Ft\/\u00e9j<\/li><li>4+2 f\u0151 \u2013 54.000 Ft\/\u00e9j<\/li><li>Jakuzzi haszn\u00e1lat: 5000 Ft\/nap<\/li><\/ul>\t\t\t\t\t\t\t\t<\/div>\n\t\t\t\t<\/div>\n\t\t<div class=\"elementor-element elementor-element-c593c7f e-con-full e-grid e-con e-child\" data-id=\"c593c7f\" data-element_type=\"container\">\n\t\t\t\t<div class=\"elementor-element elementor-element-0c970cf elementor-widget elementor-widget-text-editor\" data-id=\"0c970cf\" data-element_type=\"widget\" data-widget_type=\"text-editor.default\">\n\t\t\t\t\t\t\t\t\t<p>F\u0151szezonban p\u00e9ntekt\u0151l-vas\u00e1rnapig \u00e9s \u00fcnnepnapokon\u00a0<\/p>\t\t\t\t\t\t\t\t<\/div>\n\t\t\t\t<div class=\"elementor-element elementor-element-9702aab elementor-widget elementor-widget-text-editor\" data-id=\"9702aab\" data-element_type=\"widget\" data-widget_type=\"text-editor.default\">\n\t\t\t\t\t\t\t\t\t<ul><li>1\u20132 f\u0151 \u2013 38.000 Ft\/\u00e9j<\/li><li>3 f\u0151 \u2013 42.000 Ft\/\u00e9j<\/li><li>4 f\u0151 \u2013 46.000 Ft\/\u00e9j<\/li><li>4+1 f\u0151 \u2013 51.000 Ft\/\u00e9j<\/li><li>4+2 f\u0151 \u2013 56.000 Ft\/\u00e9j<\/li><li>Jakuzzi haszn\u00e1lat: 5000 Ft\/nap, csak valamennyi napra foglalhat\u00f3.<\/li><\/ul>\t\t\t\t\t\t\t\t<\/div>\n\t\t\t\t<\/div>\n\t\t\t\t<\/div>\n\t\t\t\t<\/div>\n\t\t<div class=\"elementor-element elementor-element-315ad18 e-con-full e-flex e-con e-child\" data-id=\"315ad18\" data-element_type=\"container\">\n\t\t\t\t<div class=\"elementor-element elementor-element-52979ce elementor-widget elementor-widget-heading\" data-id=\"52979ce\" data-element_type=\"widget\" data-widget_type=\"heading.default\">\n\t\t\t\t\t<h2 class=\"elementor-heading-title elementor-size-default\">Felszerelts\u00e9g<\/h2>\t\t\t\t<\/div>\n\t\t<div class=\"elementor-element elementor-element-4f92185 e-con-full e-flex e-con e-child\" data-id=\"4f92185\" data-element_type=\"container\">\n\t\t<div class=\"elementor-element elementor-element-937f1ab e-con-full e-flex e-con e-child\" data-id=\"937f1ab\" data-element_type=\"container\">\n\t\t\t\t<div class=\"elementor-element elementor-element-a8691e8 elementor-widget elementor-widget-heading\" data-id=\"a8691e8\" data-element_type=\"widget\" data-widget_type=\"heading.default\">\n\t\t\t\t\t<p class=\"elementor-heading-title elementor-size-default\">F\u00e9r\u0151hely<\/p>\t\t\t\t<\/div>\n\t\t\t\t<div class=\"elementor-element elementor-element-72a247c elementor-widget elementor-widget-text-editor\" data-id=\"72a247c\" data-element_type=\"widget\" data-widget_type=\"text-editor.default\">\n\t\t\t\t\t\t\t\t\t<ul><li>2 k\u00fcl\u00f6n h\u00e1l\u00f3szoba<ul><li>1 db francia\u00e1gy<\/li><li>2 db feny\u0151 \u00e1gy<\/li><\/ul><\/li><li>nappaliban kih\u00fazhat\u00f3 kanap\u00e9 (p\u00f3t\u00e1gy +2 f\u0151 r\u00e9sz\u00e9re, el\u0151zetes egyeztet\u00e9ssel)<\/li><\/ul>\t\t\t\t\t\t\t\t<\/div>\n\t\t\t\t<\/div>\n\t\t<div class=\"elementor-element elementor-element-7a27d4c e-con-full e-flex e-con e-child\" data-id=\"7a27d4c\" data-element_type=\"container\">\n\t\t\t\t<div class=\"elementor-element elementor-element-e885c5f elementor-widget elementor-widget-heading\" data-id=\"e885c5f\" data-element_type=\"widget\" data-widget_type=\"heading.default\">\n\t\t\t\t\t<p class=\"elementor-heading-title elementor-size-default\">Felszerel\u00e9s<\/p>\t\t\t\t<\/div>\n\t\t\t\t<div class=\"elementor-element elementor-element-36ddf14 elementor-widget elementor-widget-text-editor\" data-id=\"36ddf14\" data-element_type=\"widget\" data-widget_type=\"text-editor.default\">\n\t\t\t\t\t\t\t\t\t<ul><li>teljesen felszerelt konyha \u00e9s \u00e9tkez\u0151-nappali<\/li><li>f\u00fcrd\u0151szoba \u00e9s WC<\/li><li>fedett terasz kerti b\u00fatorokkal<\/li><li>z\u00e1rt udvar parkol\u00f3val<\/li><li>grillez\u00e9si \u00e9s bogr\u00e1csoz\u00e1si lehet\u0151s\u00e9g a kertben<\/li><li>jacuzzi a teljes kikapcsol\u00f3d\u00e1shoz<\/li><li>l\u00e9gkondicion\u00e1l\u00e1s<\/li><li>TV, wifi<\/li><\/ul>\t\t\t\t\t\t\t\t<\/div>\n\t\t\t\t<\/div>\n\t\t<div class=\"elementor-element elementor-element-a66dc65 e-con-full e-flex e-con e-child\" data-id=\"a66dc65\" data-element_type=\"container\">\n\t\t\t\t<div class=\"elementor-element elementor-element-fb839dc elementor-widget elementor-widget-heading\" data-id=\"fb839dc\" data-element_type=\"widget\" data-widget_type=\"heading.default\">\n\t\t\t\t\t<p class=\"elementor-heading-title elementor-size-default\">Horg\u00e1szat a fah\u00e1zhoz<\/p>\t\t\t\t<\/div>\n\t\t\t\t<div class=\"elementor-element elementor-element-2eccf6e elementor-widget elementor-widget-text-editor\" data-id=\"2eccf6e\" data-element_type=\"widget\" data-widget_type=\"text-editor.default\">\n\t\t\t\t\t\t\t\t\t<ul><li>k\u00f6zvetlen\u00fcl a nyaral\u00f3 el\u0151tt 20 m partszakasz \u00e1ll rendelkez\u00e9sre<\/li><li>2 horg\u00e1szhely, amely 3 horg\u00e1sz sz\u00e1m\u00e1ra alkalmas \u00fasz\u00f3s, fenekez\u0151 vagy feeder horg\u00e1szatra<\/li><li>a dob\u00e1si t\u00e1vols\u00e1g miatt a partszakasz <strong>nem ide\u00e1lis bojlis horg\u00e1szathoz<\/strong> (kb. 20 m)<\/li><\/ul>\t\t\t\t\t\t\t\t<\/div>\n\t\t\t\t<\/div>\n\t\t<div class=\"elementor-element elementor-element-5e5b236 e-con-full e-flex e-con e-child\" data-id=\"5e5b236\" data-element_type=\"container\">\n\t\t\t\t<div class=\"elementor-element elementor-element-9744b3c elementor-widget elementor-widget-heading\" data-id=\"9744b3c\" data-element_type=\"widget\" data-widget_type=\"heading.default\">\n\t\t\t\t\t<p class=\"elementor-heading-title elementor-size-default\">\u00a0Kutyabar\u00e1t nyaral\u00f3n\u00e1l<\/p>\t\t\t\t<\/div>\n\t\t\t\t<div class=\"elementor-element elementor-element-6d91b29 elementor-widget elementor-widget-text-editor\" data-id=\"6d91b29\" data-element_type=\"widget\" data-widget_type=\"text-editor.default\">\n\t\t\t\t\t\t\t\t\t<p>A h\u00e1z teljesen k\u00f6rbeker\u00edtett, \u00edgy n\u00e9gyl\u00e1b\u00fa kedvenceddel is biztons\u00e1gosan pihenhetsz.<\/p>\t\t\t\t\t\t\t\t<\/div>\n\t\t\t\t<\/div>\n\t\t\t\t<\/div>\n\t\t\t\t<\/div>\n\t\t\t\t\t<\/div>\n\t\t\t\t<\/div>\n\t\t<div class=\"elementor-element elementor-element-b32f1fa e-flex e-con-boxed e-con e-parent\" data-id=\"b32f1fa\" data-element_type=\"container\">\n\t\t\t\t\t<div class=\"e-con-inner\">\n\t\t\t\t<div class=\"elementor-element elementor-element-6ef3ceb elementor-widget elementor-widget-heading\" data-id=\"6ef3ceb\" data-element_type=\"widget\" data-widget_type=\"heading.default\">\n\t\t\t\t\t<h2 class=\"elementor-heading-title elementor-size-default\">Gal\u00e9ria<\/h2>\t\t\t\t<\/div>\n\t\t\t\t<div class=\"elementor-element elementor-element-7164089 elementor-widget elementor-widget-gallery\" data-id=\"7164089\" data-element_type=\"widget\" data-settings=\"{&quot;columns&quot;:2,&quot;gap&quot;:{&quot;unit&quot;:&quot;px&quot;,&quot;size&quot;:16,&quot;sizes&quot;:[]},&quot;lazyload&quot;:&quot;yes&quot;,&quot;gallery_layout&quot;:&quot;grid&quot;,&quot;columns_tablet&quot;:2,&quot;columns_mobile&quot;:1,&quot;gap_widescreen&quot;:{&quot;unit&quot;:&quot;px&quot;,&quot;size&quot;:&quot;&quot;,&quot;sizes&quot;:[]},&quot;gap_laptop&quot;:{&quot;unit&quot;:&quot;px&quot;,&quot;size&quot;:10,&quot;sizes&quot;:[]},&quot;gap_tablet_extra&quot;:{&quot;unit&quot;:&quot;px&quot;,&quot;size&quot;:10,&quot;sizes&quot;:[]},&quot;gap_tablet&quot;:{&quot;unit&quot;:&quot;px&quot;,&quot;size&quot;:10,&quot;sizes&quot;:[]},&quot;gap_mobile_extra&quot;:{&quot;unit&quot;:&quot;px&quot;,&quot;size&quot;:10,&quot;sizes&quot;:[]},&quot;gap_mobile&quot;:{&quot;unit&quot;:&quot;px&quot;,&quot;size&quot;:10,&quot;sizes&quot;:[]},&quot;link_to&quot;:&quot;file&quot;,&quot;aspect_ratio&quot;:&quot;3:2&quot;,&quot;overlay_background&quot;:&quot;yes&quot;,&quot;content_hover_animation&quot;:&quot;fade-in&quot;}\" data-widget_type=\"gallery.default\">\n\t\t\t\t\t\t\t<div class=\"elementor-gallery__container\">\n\t\t\t\t\t\t\t<a class=\"e-gallery-item elementor-gallery-item elementor-animated-content\" href=\"https:\/\/berek.finegroup.hu\/wp-content\/uploads\/2025\/11\/Berek-Horgaszpark-Hovej-D9-_-kulter-001-terasz-messzirol-scaled.jpg\" data-elementor-open-lightbox=\"yes\" data-elementor-lightbox-slideshow=\"7164089\" data-elementor-lightbox-title=\"Berek Horg\u00e1szpark H\u00f6vej D9 _ k\u00fclt\u00e9r 001 - terasz messzir\u0151l\" data-e-action-hash=\"#elementor-action%3Aaction%3Dlightbox%26settings%3DeyJpZCI6MTEyMSwidXJsIjoiaHR0cHM6XC9cL2JlcmVrLmZpbmVncm91cC5odVwvd3AtY29udGVudFwvdXBsb2Fkc1wvMjAyNVwvMTFcL0JlcmVrLUhvcmdhc3pwYXJrLUhvdmVqLUQ5LV8ta3VsdGVyLTAwMS10ZXJhc3otbWVzc3ppcm9sLXNjYWxlZC5qcGciLCJzbGlkZXNob3ciOiI3MTY0MDg5In0%3D\">\n\t\t\t\t\t<div class=\"e-gallery-image elementor-gallery-item__image\" data-thumbnail=\"https:\/\/berek.finegroup.hu\/wp-content\/uploads\/2025\/11\/Berek-Horgaszpark-Hovej-D9-_-kulter-001-terasz-messzirol-scaled.jpg\" data-width=\"2560\" data-height=\"1639\" aria-label=\"\" role=\"img\" ><\/div>\n\t\t\t\t\t\t\t\t\t\t\t<div class=\"elementor-gallery-item__overlay\"><\/div>\n\t\t\t\t\t\t\t\t\t\t\t\t\t\t<\/a>\n\t\t\t\t\t\t\t<a class=\"e-gallery-item elementor-gallery-item elementor-animated-content\" href=\"https:\/\/berek.finegroup.hu\/wp-content\/uploads\/2025\/11\/Berek-Horgaszpark-Hovej-D9-_-belter-007-nappali-scaled.jpg\" data-elementor-open-lightbox=\"yes\" data-elementor-lightbox-slideshow=\"7164089\" data-elementor-lightbox-title=\"Berek Horg\u00e1szpark H\u00f6vej D9 _ belt\u00e9r 007 - nappali\" data-e-action-hash=\"#elementor-action%3Aaction%3Dlightbox%26settings%3DeyJpZCI6MTExOSwidXJsIjoiaHR0cHM6XC9cL2JlcmVrLmZpbmVncm91cC5odVwvd3AtY29udGVudFwvdXBsb2Fkc1wvMjAyNVwvMTFcL0JlcmVrLUhvcmdhc3pwYXJrLUhvdmVqLUQ5LV8tYmVsdGVyLTAwNy1uYXBwYWxpLXNjYWxlZC5qcGciLCJzbGlkZXNob3ciOiI3MTY0MDg5In0%3D\">\n\t\t\t\t\t<div class=\"e-gallery-image elementor-gallery-item__image\" data-thumbnail=\"https:\/\/berek.finegroup.hu\/wp-content\/uploads\/2025\/11\/Berek-Horgaszpark-Hovej-D9-_-belter-007-nappali-scaled.jpg\" data-width=\"2560\" data-height=\"1612\" aria-label=\"\" role=\"img\" ><\/div>\n\t\t\t\t\t\t\t\t\t\t\t<div class=\"elementor-gallery-item__overlay\"><\/div>\n\t\t\t\t\t\t\t\t\t\t\t\t\t\t<\/a>\n\t\t\t\t\t\t\t<a class=\"e-gallery-item elementor-gallery-item elementor-animated-content\" href=\"https:\/\/berek.finegroup.hu\/wp-content\/uploads\/2025\/11\/Berek-Horgaszpark-Hovej-D9-_-belter-001-nappali-scaled.jpg\" data-elementor-open-lightbox=\"yes\" data-elementor-lightbox-slideshow=\"7164089\" data-elementor-lightbox-title=\"Berek Horg\u00e1szpark H\u00f6vej D9 _ belt\u00e9r 001 - nappali\" data-e-action-hash=\"#elementor-action%3Aaction%3Dlightbox%26settings%3DeyJpZCI6MTExNSwidXJsIjoiaHR0cHM6XC9cL2JlcmVrLmZpbmVncm91cC5odVwvd3AtY29udGVudFwvdXBsb2Fkc1wvMjAyNVwvMTFcL0JlcmVrLUhvcmdhc3pwYXJrLUhvdmVqLUQ5LV8tYmVsdGVyLTAwMS1uYXBwYWxpLXNjYWxlZC5qcGciLCJzbGlkZXNob3ciOiI3MTY0MDg5In0%3D\">\n\t\t\t\t\t<div class=\"e-gallery-image elementor-gallery-item__image\" data-thumbnail=\"https:\/\/berek.finegroup.hu\/wp-content\/uploads\/2025\/11\/Berek-Horgaszpark-Hovej-D9-_-belter-001-nappali-scaled.jpg\" data-width=\"2560\" data-height=\"1625\" aria-label=\"\" role=\"img\" ><\/div>\n\t\t\t\t\t\t\t\t\t\t\t<div class=\"elementor-gallery-item__overlay\"><\/div>\n\t\t\t\t\t\t\t\t\t\t\t\t\t\t<\/a>\n\t\t\t\t\t\t\t<a class=\"e-gallery-item elementor-gallery-item elementor-animated-content\" href=\"https:\/\/berek.finegroup.hu\/wp-content\/uploads\/2025\/11\/Berek-Horgaszpark-Hovej-D9-_-belter-006-nagyszoba-scaled.jpg\" data-elementor-open-lightbox=\"yes\" data-elementor-lightbox-slideshow=\"7164089\" data-elementor-lightbox-title=\"Berek Horg\u00e1szpark H\u00f6vej D9 _ belt\u00e9r 006 - nagyszoba\" data-e-action-hash=\"#elementor-action%3Aaction%3Dlightbox%26settings%3DeyJpZCI6MTExNywidXJsIjoiaHR0cHM6XC9cL2JlcmVrLmZpbmVncm91cC5odVwvd3AtY29udGVudFwvdXBsb2Fkc1wvMjAyNVwvMTFcL0JlcmVrLUhvcmdhc3pwYXJrLUhvdmVqLUQ5LV8tYmVsdGVyLTAwNi1uYWd5c3pvYmEtc2NhbGVkLmpwZyIsInNsaWRlc2hvdyI6IjcxNjQwODkifQ%3D%3D\">\n\t\t\t\t\t<div class=\"e-gallery-image elementor-gallery-item__image\" data-thumbnail=\"https:\/\/berek.finegroup.hu\/wp-content\/uploads\/2025\/11\/Berek-Horgaszpark-Hovej-D9-_-belter-006-nagyszoba-scaled.jpg\" data-width=\"2560\" data-height=\"1648\" aria-label=\"\" role=\"img\" ><\/div>\n\t\t\t\t\t\t\t\t\t\t\t<div class=\"elementor-gallery-item__overlay\"><\/div>\n\t\t\t\t\t\t\t\t\t\t\t\t\t\t<\/a>\n\t\t\t\t\t\t\t<a class=\"e-gallery-item elementor-gallery-item elementor-animated-content\" href=\"https:\/\/berek.finegroup.hu\/wp-content\/uploads\/2025\/11\/Berek-Horgaszpark-Hovej-D9-_-belter-004-kisszoba-scaled.jpg\" data-elementor-open-lightbox=\"yes\" data-elementor-lightbox-slideshow=\"7164089\" data-elementor-lightbox-title=\"Berek Horg\u00e1szpark H\u00f6vej D9 _ belt\u00e9r 004 - kisszoba\" data-e-action-hash=\"#elementor-action%3Aaction%3Dlightbox%26settings%3DeyJpZCI6MTExNiwidXJsIjoiaHR0cHM6XC9cL2JlcmVrLmZpbmVncm91cC5odVwvd3AtY29udGVudFwvdXBsb2Fkc1wvMjAyNVwvMTFcL0JlcmVrLUhvcmdhc3pwYXJrLUhvdmVqLUQ5LV8tYmVsdGVyLTAwNC1raXNzem9iYS1zY2FsZWQuanBnIiwic2xpZGVzaG93IjoiNzE2NDA4OSJ9\">\n\t\t\t\t\t<div class=\"e-gallery-image elementor-gallery-item__image\" data-thumbnail=\"https:\/\/berek.finegroup.hu\/wp-content\/uploads\/2025\/11\/Berek-Horgaszpark-Hovej-D9-_-belter-004-kisszoba-scaled.jpg\" data-width=\"2560\" data-height=\"1657\" aria-label=\"\" role=\"img\" ><\/div>\n\t\t\t\t\t\t\t\t\t\t\t<div class=\"elementor-gallery-item__overlay\"><\/div>\n\t\t\t\t\t\t\t\t\t\t\t\t\t\t<\/a>\n\t\t\t\t\t\t\t<a class=\"e-gallery-item elementor-gallery-item elementor-animated-content\" href=\"https:\/\/berek.finegroup.hu\/wp-content\/uploads\/2025\/11\/Berek-Horgaszpark-Hovej-D9-_-belter-009-furdo-scaled.jpg\" data-elementor-open-lightbox=\"yes\" data-elementor-lightbox-slideshow=\"7164089\" data-elementor-lightbox-title=\"Berek Horg\u00e1szpark H\u00f6vej D9 _ belt\u00e9r 009 - f\u00fcrd\u0151\" data-e-action-hash=\"#elementor-action%3Aaction%3Dlightbox%26settings%3DeyJpZCI6MTEyMCwidXJsIjoiaHR0cHM6XC9cL2JlcmVrLmZpbmVncm91cC5odVwvd3AtY29udGVudFwvdXBsb2Fkc1wvMjAyNVwvMTFcL0JlcmVrLUhvcmdhc3pwYXJrLUhvdmVqLUQ5LV8tYmVsdGVyLTAwOS1mdXJkby1zY2FsZWQuanBnIiwic2xpZGVzaG93IjoiNzE2NDA4OSJ9\">\n\t\t\t\t\t<div class=\"e-gallery-image elementor-gallery-item__image\" data-thumbnail=\"https:\/\/berek.finegroup.hu\/wp-content\/uploads\/2025\/11\/Berek-Horgaszpark-Hovej-D9-_-belter-009-furdo-scaled.jpg\" data-width=\"2560\" data-height=\"1809\" aria-label=\"\" role=\"img\" ><\/div>\n\t\t\t\t\t\t\t\t\t\t\t<div class=\"elementor-gallery-item__overlay\"><\/div>\n\t\t\t\t\t\t\t\t\t\t\t\t\t\t<\/a>\n\t\t\t\t\t\t\t<a class=\"e-gallery-item elementor-gallery-item elementor-animated-content\" href=\"https:\/\/berek.finegroup.hu\/wp-content\/uploads\/2025\/11\/Berek-Horgaszpark-Hovej-D9-_-kulter-007-jakuzzi-scaled.jpg\" data-elementor-open-lightbox=\"yes\" data-elementor-lightbox-slideshow=\"7164089\" data-elementor-lightbox-title=\"Berek Horg\u00e1szpark H\u00f6vej D9 _ k\u00fclt\u00e9r 007 - jakuzzi\" data-e-action-hash=\"#elementor-action%3Aaction%3Dlightbox%26settings%3DeyJpZCI6MTEyNCwidXJsIjoiaHR0cHM6XC9cL2JlcmVrLmZpbmVncm91cC5odVwvd3AtY29udGVudFwvdXBsb2Fkc1wvMjAyNVwvMTFcL0JlcmVrLUhvcmdhc3pwYXJrLUhvdmVqLUQ5LV8ta3VsdGVyLTAwNy1qYWt1enppLXNjYWxlZC5qcGciLCJzbGlkZXNob3ciOiI3MTY0MDg5In0%3D\">\n\t\t\t\t\t<div class=\"e-gallery-image elementor-gallery-item__image\" data-thumbnail=\"https:\/\/berek.finegroup.hu\/wp-content\/uploads\/2025\/11\/Berek-Horgaszpark-Hovej-D9-_-kulter-007-jakuzzi-scaled.jpg\" data-width=\"2560\" data-height=\"1574\" aria-label=\"\" role=\"img\" ><\/div>\n\t\t\t\t\t\t\t\t\t\t\t<div class=\"elementor-gallery-item__overlay\"><\/div>\n\t\t\t\t\t\t\t\t\t\t\t\t\t\t<\/a>\n\t\t\t\t\t<\/div>\n\t\t\t\t\t<\/div>\n\t\t\t\t\t<\/div>\n\t\t\t\t<\/div>\n\t\t\t\t<\/div>","protected":false},"excerpt":{"rendered":"<p>foglal\u00e1s Fah\u00e1z le\u00edr\u00e1sa 2-4 szem\u00e9lyes + p\u00f3t\u00e1gy A D9-es horg\u00e1sznyaral\u00f3 a Berek Horg\u00e1szpark egyik legkedveltebb sz\u00e1ll\u00e1sa: k\u00f6zvetlen v\u00edzparti elhelyezked\u00e9s\u00e9vel, saj\u00e1t partszakasz\u00e1val \u00e9s jacuzzij\u00e1val igazi k\u00fcl\u00f6nlegess\u00e9get k\u00edn\u00e1l. Ide\u00e1lis v\u00e1laszt\u00e1s horg\u00e1szoknak, akik a pihen\u00e9st \u00e9s a pec\u00e1t egyszerre szeretn\u00e9k \u00e9lvezni. Foglalj id\u0151pontot foglal\u00e1s \u00c1rak El\u0151 \u00e9s ut\u00f3szezonban vas\u00e1rnapt\u00f3l p\u00e9ntekig\u00a0 1\u20132 f\u0151 \u2013 32.000 Ft\/\u00e9j 3 f\u0151 \u2013 [&hellip;]<\/p>","protected":false},"author":1,"featured_media":0,"parent":0,"menu_order":0,"comment_status":"closed","ping_status":"closed","template":"","meta":{"footnotes":""},"class_list":["post-709","page","type-page","status-publish","hentry"],"_links":{"self":[{"href":"https:\/\/berek.finegroup.hu\/de\/wp-json\/wp\/v2\/pages\/709","targetHints":{"allow":["GET"]}}],"collection":[{"href":"https:\/\/berek.finegroup.hu\/de\/wp-json\/wp\/v2\/pages"}],"about":[{"href":"https:\/\/berek.finegroup.hu\/de\/wp-json\/wp\/v2\/types\/page"}],"author":[{"embeddable":true,"href":"https:\/\/berek.finegroup.hu\/de\/wp-json\/wp\/v2\/users\/1"}],"replies":[{"embeddable":true,"href":"https:\/\/berek.finegroup.hu\/de\/wp-json\/wp\/v2\/comments?post=709"}],"version-history":[{"count":31,"href":"https:\/\/berek.finegroup.hu\/de\/wp-json\/wp\/v2\/pages\/709\/revisions"}],"predecessor-version":[{"id":1464,"href":"https:\/\/berek.finegroup.hu\/de\/wp-json\/wp\/v2\/pages\/709\/revisions\/1464"}],"wp:attachment":[{"href":"https:\/\/berek.finegroup.hu\/de\/wp-json\/wp\/v2\/media?parent=709"}],"curies":[{"name":"wp","href":"https:\/\/api.w.org\/{rel}","templated":true}]}}