{"id":704,"date":"2025-11-07T13:07:38","date_gmt":"2025-11-07T12:07:38","guid":{"rendered":"https:\/\/berek.finegroup.hu\/?page_id=704"},"modified":"2025-12-15T09:34:24","modified_gmt":"2025-12-15T08:34:24","slug":"f-tipusu-vizparti-horgaszhaz","status":"publish","type":"page","link":"https:\/\/berek.finegroup.hu\/de\/f-tipusu-vizparti-horgaszhaz\/","title":{"rendered":"F t\u00edpus\u00fa v\u00edzparti horg\u00e1szh\u00e1z"},"content":{"rendered":"<div data-elementor-type=\"wp-page\" data-elementor-id=\"704\" class=\"elementor elementor-704\" data-elementor-post-type=\"page\">\n\t\t\t\t<div class=\"elementor-element elementor-element-f41111a e-flex e-con-boxed e-con e-parent\" data-id=\"f41111a\" data-element_type=\"container\" data-settings=\"{&quot;background_background&quot;:&quot;classic&quot;}\">\n\t\t\t\t\t<div class=\"e-con-inner\">\n\t\t\t\t<div class=\"elementor-element elementor-element-eb12ce3 elementor-widget elementor-widget-heading\" data-id=\"eb12ce3\" data-element_type=\"widget\" data-widget_type=\"heading.default\">\n\t\t\t\t\t<h1 class=\"elementor-heading-title elementor-size-default\">F t\u00edpus\u00fa v\u00edzparti horg\u00e1szh\u00e1z<\/h1>\t\t\t\t<\/div>\n\t\t\t\t<div class=\"elementor-element elementor-element-f4d194f elementor-align-center elementor-widget elementor-widget-button\" data-id=\"f4d194f\" data-element_type=\"widget\" data-widget_type=\"button.default\">\n\t\t\t\t\t\t\t\t\t\t<a class=\"elementor-button elementor-button-link elementor-size-sm\" href=\"#\">\n\t\t\t\t\t\t<span class=\"elementor-button-content-wrapper\">\n\t\t\t\t\t\t\t\t\t<span class=\"elementor-button-text\">Foglal\u00e1s<\/span>\n\t\t\t\t\t<\/span>\n\t\t\t\t\t<\/a>\n\t\t\t\t\t\t\t\t<\/div>\n\t\t\t\t\t<\/div>\n\t\t\t\t<\/div>\n\t\t<div class=\"elementor-element elementor-element-5c35372 e-flex e-con-boxed e-con e-parent\" data-id=\"5c35372\" data-element_type=\"container\" data-settings=\"{&quot;background_background&quot;:&quot;classic&quot;}\">\n\t\t\t\t\t<div class=\"e-con-inner\">\n\t\t\t\t<div class=\"elementor-element elementor-element-a8f1665 elementor-widget elementor-widget-heading\" data-id=\"a8f1665\" data-element_type=\"widget\" data-widget_type=\"heading.default\">\n\t\t\t\t\t<h2 class=\"elementor-heading-title elementor-size-default\">Fah\u00e1z le\u00edr\u00e1sa<\/h2>\t\t\t\t<\/div>\n\t\t<div class=\"elementor-element elementor-element-e7a3a94 e-con-full e-flex e-con e-child\" data-id=\"e7a3a94\" data-element_type=\"container\">\n\t\t\t\t<div class=\"elementor-element elementor-element-ec3d99c elementor-widget__width-initial elementor-widget elementor-widget-image\" data-id=\"ec3d99c\" data-element_type=\"widget\" data-widget_type=\"image.default\">\n\t\t\t\t\t\t\t\t\t\t\t\t\t\t\t<img fetchpriority=\"high\" decoding=\"async\" width=\"800\" height=\"501\" src=\"https:\/\/berek.finegroup.hu\/wp-content\/uploads\/2025\/11\/Berek-Horgaszpark-Hovej-F-tipusu-_-kulter-002-haz-oldalrol-1024x641.jpg\" class=\"attachment-large size-large wp-image-1131\" alt=\"\" srcset=\"https:\/\/berek.finegroup.hu\/wp-content\/uploads\/2025\/11\/Berek-Horgaszpark-Hovej-F-tipusu-_-kulter-002-haz-oldalrol-1024x641.jpg 1024w, https:\/\/berek.finegroup.hu\/wp-content\/uploads\/2025\/11\/Berek-Horgaszpark-Hovej-F-tipusu-_-kulter-002-haz-oldalrol-300x188.jpg 300w, https:\/\/berek.finegroup.hu\/wp-content\/uploads\/2025\/11\/Berek-Horgaszpark-Hovej-F-tipusu-_-kulter-002-haz-oldalrol-768x481.jpg 768w, https:\/\/berek.finegroup.hu\/wp-content\/uploads\/2025\/11\/Berek-Horgaszpark-Hovej-F-tipusu-_-kulter-002-haz-oldalrol-1536x962.jpg 1536w, https:\/\/berek.finegroup.hu\/wp-content\/uploads\/2025\/11\/Berek-Horgaszpark-Hovej-F-tipusu-_-kulter-002-haz-oldalrol-2048x1282.jpg 2048w, https:\/\/berek.finegroup.hu\/wp-content\/uploads\/2025\/11\/Berek-Horgaszpark-Hovej-F-tipusu-_-kulter-002-haz-oldalrol-18x12.jpg 18w\" sizes=\"(max-width: 800px) 100vw, 800px\" \/>\t\t\t\t\t\t\t\t\t\t\t\t\t\t\t<\/div>\n\t\t<div class=\"elementor-element elementor-element-8588811 e-con-full e-flex e-con e-child\" data-id=\"8588811\" data-element_type=\"container\">\n\t\t\t\t<div class=\"elementor-element elementor-element-20c20a9 elementor-widget elementor-widget-heading\" data-id=\"20c20a9\" data-element_type=\"widget\" data-widget_type=\"heading.default\">\n\t\t\t\t\t<p class=\"elementor-heading-title elementor-size-default\">2-4 szem\u00e9lyes, 2db<\/p>\t\t\t\t<\/div>\n\t\t\t\t<div class=\"elementor-element elementor-element-6632815 elementor-widget elementor-widget-text-editor\" data-id=\"6632815\" data-element_type=\"widget\" data-widget_type=\"text-editor.default\">\n\t\t\t\t\t\t\t\t\t<div><p>Az F t\u00edpus\u00fa horg\u00e1szh\u00e1zaink a<span class=\"apple-converted-space\">\u00a0<\/span>k\u00f6zvetlen v\u00edzparton<span class=\"apple-converted-space\">\u00a0<\/span>tal\u00e1lhat\u00f3k, nagy \u00fcvegfel\u00fclettel a nappaliban, amely k\u00f6zvetlen kil\u00e1t\u00e1st biztos\u00edt a t\u00f3ra \u00e9s a saj\u00e1t st\u00e9gre. Ez a sz\u00e1ll\u00e1s t\u00f6k\u00e9letes v\u00e1laszt\u00e1s azoknak a horg\u00e1szoknak, akik szeretn\u00e9k, hogy a horg\u00e1szat \u00e9lm\u00e9nye sz\u00f3 szerint a h\u00e1zb\u00f3l kil\u00e9pve kezd\u0151dj\u00f6n.<\/p><\/div>\t\t\t\t\t\t\t\t<\/div>\n\t\t\t\t<\/div>\n\t\t\t\t<\/div>\n\t\t\t\t\t<\/div>\n\t\t\t\t<\/div>\n\t\t<div class=\"elementor-element elementor-element-489a1c1 e-flex e-con-boxed e-con e-parent\" data-id=\"489a1c1\" data-element_type=\"container\" data-settings=\"{&quot;background_background&quot;:&quot;classic&quot;}\">\n\t\t\t\t\t<div class=\"e-con-inner\">\n\t\t\t\t<div class=\"elementor-element elementor-element-2b6f4ca elementor-widget elementor-widget-heading\" data-id=\"2b6f4ca\" data-element_type=\"widget\" data-widget_type=\"heading.default\">\n\t\t\t\t\t<h2 class=\"elementor-heading-title elementor-size-default\">Foglalj id\u0151pontot<\/h2>\t\t\t\t<\/div>\n\t\t\t\t<div class=\"elementor-element elementor-element-2ad22cc elementor-align-center elementor-widget elementor-widget-button\" data-id=\"2ad22cc\" data-element_type=\"widget\" data-widget_type=\"button.default\">\n\t\t\t\t\t\t\t\t\t\t<a class=\"elementor-button elementor-button-link elementor-size-sm\" href=\"#\">\n\t\t\t\t\t\t<span class=\"elementor-button-content-wrapper\">\n\t\t\t\t\t\t\t\t\t<span class=\"elementor-button-text\">foglal\u00e1s<\/span>\n\t\t\t\t\t<\/span>\n\t\t\t\t\t<\/a>\n\t\t\t\t\t\t\t\t<\/div>\n\t\t\t\t\t<\/div>\n\t\t\t\t<\/div>\n\t\t<div class=\"elementor-element elementor-element-53c5697 e-flex e-con-boxed e-con e-parent\" data-id=\"53c5697\" data-element_type=\"container\" data-settings=\"{&quot;background_background&quot;:&quot;classic&quot;}\">\n\t\t\t\t\t<div class=\"e-con-inner\">\n\t\t<div class=\"elementor-element elementor-element-8d5ddbb e-con-full e-flex e-con e-child\" data-id=\"8d5ddbb\" data-element_type=\"container\">\n\t\t\t\t<div class=\"elementor-element elementor-element-767b8ae elementor-widget elementor-widget-heading\" data-id=\"767b8ae\" data-element_type=\"widget\" data-widget_type=\"heading.default\">\n\t\t\t\t\t<h2 class=\"elementor-heading-title elementor-size-default\">\u00c1rak<\/h2>\t\t\t\t<\/div>\n\t\t<div class=\"elementor-element elementor-element-a1e2faa e-con-full e-flex e-con e-child\" data-id=\"a1e2faa\" data-element_type=\"container\">\n\t\t<div class=\"elementor-element elementor-element-e007049 e-con-full e-grid e-con e-child\" data-id=\"e007049\" data-element_type=\"container\">\n\t\t\t\t<div class=\"elementor-element elementor-element-90074d8 elementor-widget elementor-widget-text-editor\" data-id=\"90074d8\" data-element_type=\"widget\" data-widget_type=\"text-editor.default\">\n\t\t\t\t\t\t\t\t\t<p>El\u0151 \u00e9s ut\u00f3szezonban vas\u00e1rnapt\u00f3l p\u00e9ntekig\u00a0<\/p>\t\t\t\t\t\t\t\t<\/div>\n\t\t\t\t<div class=\"elementor-element elementor-element-ca54e33 elementor-widget elementor-widget-text-editor\" data-id=\"ca54e33\" data-element_type=\"widget\" data-widget_type=\"text-editor.default\">\n\t\t\t\t\t\t\t\t\t<ul><li>1\u20132 f\u0151 \u2013 24.000 Ft\/\u00e9j<\/li><li>3 f\u0151 \u2013 29.000 Ft\/\u00e9j<\/li><li>4 f\u0151 \u2013 34.000 Ft\/\u00e9j<\/li><\/ul>\t\t\t\t\t\t\t\t<\/div>\n\t\t\t\t<\/div>\n\t\t<div class=\"elementor-element elementor-element-266c4f7 e-con-full e-grid e-con e-child\" data-id=\"266c4f7\" data-element_type=\"container\">\n\t\t\t\t<div class=\"elementor-element elementor-element-e3c8a6a elementor-widget elementor-widget-text-editor\" data-id=\"e3c8a6a\" data-element_type=\"widget\" data-widget_type=\"text-editor.default\">\n\t\t\t\t\t\t\t\t\t<p>El\u0151 \u00e9s ut\u00f3szezonban p\u00e9ntekt\u0151l-vas\u00e1rnapig F\u0151szezonban vas\u00e1rnapt\u00f3l p\u00e9ntekig\u00a0<\/p>\t\t\t\t\t\t\t\t<\/div>\n\t\t\t\t<div class=\"elementor-element elementor-element-8f70ac9 elementor-widget elementor-widget-text-editor\" data-id=\"8f70ac9\" data-element_type=\"widget\" data-widget_type=\"text-editor.default\">\n\t\t\t\t\t\t\t\t\t<ul><li>1\u20132 f\u0151 \u2013 26.000 Ft\/\u00e9j<\/li><li>3 f\u0151 \u2013 31.000 Ft\/\u00e9j<\/li><li>4 f\u0151 \u2013 36.000 Ft\/\u00e9j<\/li><\/ul>\t\t\t\t\t\t\t\t<\/div>\n\t\t\t\t<\/div>\n\t\t<div class=\"elementor-element elementor-element-c593c7f e-con-full e-grid e-con e-child\" data-id=\"c593c7f\" data-element_type=\"container\">\n\t\t\t\t<div class=\"elementor-element elementor-element-0c970cf elementor-widget elementor-widget-text-editor\" data-id=\"0c970cf\" data-element_type=\"widget\" data-widget_type=\"text-editor.default\">\n\t\t\t\t\t\t\t\t\t<p>F\u0151szezonban p\u00e9ntekt\u0151l-vas\u00e1rnapig \u00e9s \u00fcnnepnapokon\u00a0<\/p>\t\t\t\t\t\t\t\t<\/div>\n\t\t\t\t<div class=\"elementor-element elementor-element-9702aab elementor-widget elementor-widget-text-editor\" data-id=\"9702aab\" data-element_type=\"widget\" data-widget_type=\"text-editor.default\">\n\t\t\t\t\t\t\t\t\t<ul><li>1\u20132 f\u0151 \u2013 28.000 Ft\/\u00e9j<\/li><li>3 f\u0151 \u2013 33.000 Ft\/\u00e9j<\/li><li>4 f\u0151 \u2013 38.000 Ft\/\u00e9j<\/li><\/ul>\t\t\t\t\t\t\t\t<\/div>\n\t\t\t\t<\/div>\n\t\t\t\t<\/div>\n\t\t\t\t<\/div>\n\t\t<div class=\"elementor-element elementor-element-315ad18 e-con-full e-flex e-con e-child\" data-id=\"315ad18\" data-element_type=\"container\">\n\t\t\t\t<div class=\"elementor-element elementor-element-52979ce elementor-widget elementor-widget-heading\" data-id=\"52979ce\" data-element_type=\"widget\" data-widget_type=\"heading.default\">\n\t\t\t\t\t<h2 class=\"elementor-heading-title elementor-size-default\">Felszerelts\u00e9g<\/h2>\t\t\t\t<\/div>\n\t\t<div class=\"elementor-element elementor-element-4f92185 e-con-full e-flex e-con e-child\" data-id=\"4f92185\" data-element_type=\"container\">\n\t\t<div class=\"elementor-element elementor-element-937f1ab e-con-full e-flex e-con e-child\" data-id=\"937f1ab\" data-element_type=\"container\">\n\t\t\t\t<div class=\"elementor-element elementor-element-a8691e8 elementor-widget elementor-widget-heading\" data-id=\"a8691e8\" data-element_type=\"widget\" data-widget_type=\"heading.default\">\n\t\t\t\t\t<p class=\"elementor-heading-title elementor-size-default\">F\u00e9r\u0151hely<\/p>\t\t\t\t<\/div>\n\t\t\t\t<div class=\"elementor-element elementor-element-72a247c elementor-widget elementor-widget-text-editor\" data-id=\"72a247c\" data-element_type=\"widget\" data-widget_type=\"text-editor.default\">\n\t\t\t\t\t\t\t\t\t<ul><li>2 f\u0151 r\u00e9sz\u00e9re kih\u00fazhat\u00f3 kanap\u00e9<\/li><li>2 f\u0151 r\u00e9sz\u00e9re kih\u00fazhat\u00f3 kanap\u00e9\u00a0<\/li><li>\u00f6sszesen: 4 f\u0151 (p\u00f3t\u00e1gy nincs)<\/li><\/ul>\t\t\t\t\t\t\t\t<\/div>\n\t\t\t\t<\/div>\n\t\t<div class=\"elementor-element elementor-element-7a27d4c e-con-full e-flex e-con e-child\" data-id=\"7a27d4c\" data-element_type=\"container\">\n\t\t\t\t<div class=\"elementor-element elementor-element-e885c5f elementor-widget elementor-widget-heading\" data-id=\"e885c5f\" data-element_type=\"widget\" data-widget_type=\"heading.default\">\n\t\t\t\t\t<p class=\"elementor-heading-title elementor-size-default\">Felszerel\u00e9s<\/p>\t\t\t\t<\/div>\n\t\t\t\t<div class=\"elementor-element elementor-element-36ddf14 elementor-widget elementor-widget-text-editor\" data-id=\"36ddf14\" data-element_type=\"widget\" data-widget_type=\"text-editor.default\">\n\t\t\t\t\t\t\t\t\t<ul><li>nappali \u00e9tkez\u0151vel \u00e9s nagy \u00fcvegfel\u00fclettel a t\u00f3 fel\u00e9<\/li><li>minikonyha sarok (f\u0151z\u0151lap, h\u0171t\u0151, ed\u00e9nyek)<\/li><li>h\u00e1l\u00f3f\u00fclke kih\u00fazhat\u00f3 kanap\u00e9val<\/li><li>f\u00fcrd\u0151szoba \u00e9s WC<\/li><li>terasz kerti b\u00fatorokkal<\/li><li>TV, wifi<\/li><li>elektromos f\u0171t\u00e9s<\/li><li>kl\u00edma<\/li><\/ul>\t\t\t\t\t\t\t\t<\/div>\n\t\t\t\t<\/div>\n\t\t<div class=\"elementor-element elementor-element-a66dc65 e-con-full e-flex e-con e-child\" data-id=\"a66dc65\" data-element_type=\"container\">\n\t\t\t\t<div class=\"elementor-element elementor-element-fb839dc elementor-widget elementor-widget-heading\" data-id=\"fb839dc\" data-element_type=\"widget\" data-widget_type=\"heading.default\">\n\t\t\t\t\t<p class=\"elementor-heading-title elementor-size-default\">Horg\u00e1szat a horg\u00e1szh\u00e1zhoz<\/p>\t\t\t\t<\/div>\n\t\t\t\t<div class=\"elementor-element elementor-element-2eccf6e elementor-widget elementor-widget-text-editor\" data-id=\"2eccf6e\" data-element_type=\"widget\" data-widget_type=\"text-editor.default\">\n\t\t\t\t\t\t\t\t\t<ul><li>2 kijel\u00f6lt horg\u00e1szhely tartozik minden h\u00e1zhoz<ul><li>F10 \u2192 H5\u20136<\/li><li>F11 \u2192 H8\u20139<\/li><\/ul><\/li><li>a horg\u00e1szhelyek t\u00e1vols\u00e1ga: kb. 15 m<\/li><\/ul>\t\t\t\t\t\t\t\t<\/div>\n\t\t\t\t<\/div>\n\t\t\t\t<\/div>\n\t\t\t\t<\/div>\n\t\t\t\t\t<\/div>\n\t\t\t\t<\/div>\n\t\t<div class=\"elementor-element elementor-element-b32f1fa e-flex e-con-boxed e-con e-parent\" data-id=\"b32f1fa\" data-element_type=\"container\">\n\t\t\t\t\t<div class=\"e-con-inner\">\n\t\t\t\t<div class=\"elementor-element elementor-element-6ef3ceb elementor-widget elementor-widget-heading\" data-id=\"6ef3ceb\" data-element_type=\"widget\" data-widget_type=\"heading.default\">\n\t\t\t\t\t<h2 class=\"elementor-heading-title elementor-size-default\">Gal\u00e9ria<\/h2>\t\t\t\t<\/div>\n\t\t\t\t<div class=\"elementor-element elementor-element-7164089 elementor-widget elementor-widget-gallery\" data-id=\"7164089\" data-element_type=\"widget\" data-settings=\"{&quot;columns&quot;:2,&quot;gap&quot;:{&quot;unit&quot;:&quot;px&quot;,&quot;size&quot;:16,&quot;sizes&quot;:[]},&quot;lazyload&quot;:&quot;yes&quot;,&quot;gallery_layout&quot;:&quot;grid&quot;,&quot;columns_tablet&quot;:2,&quot;columns_mobile&quot;:1,&quot;gap_widescreen&quot;:{&quot;unit&quot;:&quot;px&quot;,&quot;size&quot;:&quot;&quot;,&quot;sizes&quot;:[]},&quot;gap_laptop&quot;:{&quot;unit&quot;:&quot;px&quot;,&quot;size&quot;:10,&quot;sizes&quot;:[]},&quot;gap_tablet_extra&quot;:{&quot;unit&quot;:&quot;px&quot;,&quot;size&quot;:10,&quot;sizes&quot;:[]},&quot;gap_tablet&quot;:{&quot;unit&quot;:&quot;px&quot;,&quot;size&quot;:10,&quot;sizes&quot;:[]},&quot;gap_mobile_extra&quot;:{&quot;unit&quot;:&quot;px&quot;,&quot;size&quot;:10,&quot;sizes&quot;:[]},&quot;gap_mobile&quot;:{&quot;unit&quot;:&quot;px&quot;,&quot;size&quot;:10,&quot;sizes&quot;:[]},&quot;link_to&quot;:&quot;file&quot;,&quot;aspect_ratio&quot;:&quot;3:2&quot;,&quot;overlay_background&quot;:&quot;yes&quot;,&quot;content_hover_animation&quot;:&quot;fade-in&quot;}\" data-widget_type=\"gallery.default\">\n\t\t\t\t\t\t\t<div class=\"elementor-gallery__container\">\n\t\t\t\t\t\t\t<a class=\"e-gallery-item elementor-gallery-item elementor-animated-content\" href=\"https:\/\/berek.finegroup.hu\/wp-content\/uploads\/2025\/11\/f-10-kinti-2.jpg\" data-elementor-open-lightbox=\"yes\" data-elementor-lightbox-slideshow=\"7164089\" data-elementor-lightbox-title=\"f 10 kinti 2\" data-e-action-hash=\"#elementor-action%3Aaction%3Dlightbox%26settings%3DeyJpZCI6MTQyOSwidXJsIjoiaHR0cHM6XC9cL2JlcmVrLmZpbmVncm91cC5odVwvd3AtY29udGVudFwvdXBsb2Fkc1wvMjAyNVwvMTFcL2YtMTAta2ludGktMi5qcGciLCJzbGlkZXNob3ciOiI3MTY0MDg5In0%3D\">\n\t\t\t\t\t<div class=\"e-gallery-image elementor-gallery-item__image\" data-thumbnail=\"https:\/\/berek.finegroup.hu\/wp-content\/uploads\/2025\/11\/f-10-kinti-2.jpg\" data-width=\"2048\" data-height=\"1363\" aria-label=\"\" role=\"img\" ><\/div>\n\t\t\t\t\t\t\t\t\t\t\t<div class=\"elementor-gallery-item__overlay\"><\/div>\n\t\t\t\t\t\t\t\t\t\t\t\t\t\t<\/a>\n\t\t\t\t\t\t\t<a class=\"e-gallery-item elementor-gallery-item elementor-animated-content\" href=\"https:\/\/berek.finegroup.hu\/wp-content\/uploads\/2025\/11\/Berek-Horgaszpark-Hovej-F-tipusu-_-kulter-001-terasz-scaled.jpg\" data-elementor-open-lightbox=\"yes\" data-elementor-lightbox-slideshow=\"7164089\" data-elementor-lightbox-title=\"Berek Horg\u00e1szpark H\u00f6vej F t\u00edpus\u00fa _ k\u00fclt\u00e9r 001 - terasz\" data-e-action-hash=\"#elementor-action%3Aaction%3Dlightbox%26settings%3DeyJpZCI6MTEzMCwidXJsIjoiaHR0cHM6XC9cL2JlcmVrLmZpbmVncm91cC5odVwvd3AtY29udGVudFwvdXBsb2Fkc1wvMjAyNVwvMTFcL0JlcmVrLUhvcmdhc3pwYXJrLUhvdmVqLUYtdGlwdXN1LV8ta3VsdGVyLTAwMS10ZXJhc3otc2NhbGVkLmpwZyIsInNsaWRlc2hvdyI6IjcxNjQwODkifQ%3D%3D\">\n\t\t\t\t\t<div class=\"e-gallery-image elementor-gallery-item__image\" data-thumbnail=\"https:\/\/berek.finegroup.hu\/wp-content\/uploads\/2025\/11\/Berek-Horgaszpark-Hovej-F-tipusu-_-kulter-001-terasz-scaled.jpg\" data-width=\"1896\" data-height=\"2560\" aria-label=\"\" role=\"img\" ><\/div>\n\t\t\t\t\t\t\t\t\t\t\t<div class=\"elementor-gallery-item__overlay\"><\/div>\n\t\t\t\t\t\t\t\t\t\t\t\t\t\t<\/a>\n\t\t\t\t\t\t\t<a class=\"e-gallery-item elementor-gallery-item elementor-animated-content\" href=\"https:\/\/berek.finegroup.hu\/wp-content\/uploads\/2025\/11\/Berek-Horgaszpark-Hovej-F-tipusu-_-belter-001-nappali-etkezo-scaled.jpg\" data-elementor-open-lightbox=\"yes\" data-elementor-lightbox-slideshow=\"7164089\" data-elementor-lightbox-title=\"Berek Horg\u00e1szpark H\u00f6vej F t\u00edpus\u00fa _ belt\u00e9r 001 - nappali , \u00e9tkez\u0151\" data-e-action-hash=\"#elementor-action%3Aaction%3Dlightbox%26settings%3DeyJpZCI6MTEyNSwidXJsIjoiaHR0cHM6XC9cL2JlcmVrLmZpbmVncm91cC5odVwvd3AtY29udGVudFwvdXBsb2Fkc1wvMjAyNVwvMTFcL0JlcmVrLUhvcmdhc3pwYXJrLUhvdmVqLUYtdGlwdXN1LV8tYmVsdGVyLTAwMS1uYXBwYWxpLWV0a2V6by1zY2FsZWQuanBnIiwic2xpZGVzaG93IjoiNzE2NDA4OSJ9\">\n\t\t\t\t\t<div class=\"e-gallery-image elementor-gallery-item__image\" data-thumbnail=\"https:\/\/berek.finegroup.hu\/wp-content\/uploads\/2025\/11\/Berek-Horgaszpark-Hovej-F-tipusu-_-belter-001-nappali-etkezo-scaled.jpg\" data-width=\"2560\" data-height=\"1695\" aria-label=\"\" role=\"img\" ><\/div>\n\t\t\t\t\t\t\t\t\t\t\t<div class=\"elementor-gallery-item__overlay\"><\/div>\n\t\t\t\t\t\t\t\t\t\t\t\t\t\t<\/a>\n\t\t\t\t\t\t\t<a class=\"e-gallery-item elementor-gallery-item elementor-animated-content\" href=\"https:\/\/berek.finegroup.hu\/wp-content\/uploads\/2025\/11\/Berek-Horgaszpark-Hovej-F-tipusu-_-belter-003-nappali-konyha-scaled.jpg\" data-elementor-open-lightbox=\"yes\" data-elementor-lightbox-slideshow=\"7164089\" data-elementor-lightbox-title=\"Berek Horg\u00e1szpark H\u00f6vej F t\u00edpus\u00fa _ belt\u00e9r 003 - nappali , konyha\" data-e-action-hash=\"#elementor-action%3Aaction%3Dlightbox%26settings%3DeyJpZCI6MTEyNiwidXJsIjoiaHR0cHM6XC9cL2JlcmVrLmZpbmVncm91cC5odVwvd3AtY29udGVudFwvdXBsb2Fkc1wvMjAyNVwvMTFcL0JlcmVrLUhvcmdhc3pwYXJrLUhvdmVqLUYtdGlwdXN1LV8tYmVsdGVyLTAwMy1uYXBwYWxpLWtvbnloYS1zY2FsZWQuanBnIiwic2xpZGVzaG93IjoiNzE2NDA4OSJ9\">\n\t\t\t\t\t<div class=\"e-gallery-image elementor-gallery-item__image\" data-thumbnail=\"https:\/\/berek.finegroup.hu\/wp-content\/uploads\/2025\/11\/Berek-Horgaszpark-Hovej-F-tipusu-_-belter-003-nappali-konyha-scaled.jpg\" data-width=\"2560\" data-height=\"1622\" aria-label=\"\" role=\"img\" ><\/div>\n\t\t\t\t\t\t\t\t\t\t\t<div class=\"elementor-gallery-item__overlay\"><\/div>\n\t\t\t\t\t\t\t\t\t\t\t\t\t\t<\/a>\n\t\t\t\t\t\t\t<a class=\"e-gallery-item elementor-gallery-item elementor-animated-content\" href=\"https:\/\/berek.finegroup.hu\/wp-content\/uploads\/2025\/11\/Berek-Horgaszpark-Hovej-F-tipusu-_-belter-007-szoba-scaled.jpg\" data-elementor-open-lightbox=\"yes\" data-elementor-lightbox-slideshow=\"7164089\" data-elementor-lightbox-title=\"Berek Horg\u00e1szpark H\u00f6vej F t\u00edpus\u00fa _ belt\u00e9r 007 - szoba\" data-e-action-hash=\"#elementor-action%3Aaction%3Dlightbox%26settings%3DeyJpZCI6MTEyOSwidXJsIjoiaHR0cHM6XC9cL2JlcmVrLmZpbmVncm91cC5odVwvd3AtY29udGVudFwvdXBsb2Fkc1wvMjAyNVwvMTFcL0JlcmVrLUhvcmdhc3pwYXJrLUhvdmVqLUYtdGlwdXN1LV8tYmVsdGVyLTAwNy1zem9iYS1zY2FsZWQuanBnIiwic2xpZGVzaG93IjoiNzE2NDA4OSJ9\">\n\t\t\t\t\t<div class=\"e-gallery-image elementor-gallery-item__image\" data-thumbnail=\"https:\/\/berek.finegroup.hu\/wp-content\/uploads\/2025\/11\/Berek-Horgaszpark-Hovej-F-tipusu-_-belter-007-szoba-scaled.jpg\" data-width=\"1771\" data-height=\"2560\" aria-label=\"\" role=\"img\" ><\/div>\n\t\t\t\t\t\t\t\t\t\t\t<div class=\"elementor-gallery-item__overlay\"><\/div>\n\t\t\t\t\t\t\t\t\t\t\t\t\t\t<\/a>\n\t\t\t\t\t\t\t<a class=\"e-gallery-item elementor-gallery-item elementor-animated-content\" href=\"https:\/\/berek.finegroup.hu\/wp-content\/uploads\/2025\/11\/Berek-Horgaszpark-Hovej-F-tipusu-_-belter-004-furdo-scaled.jpg\" data-elementor-open-lightbox=\"yes\" data-elementor-lightbox-slideshow=\"7164089\" data-elementor-lightbox-title=\"Berek Horg\u00e1szpark H\u00f6vej F t\u00edpus\u00fa _ belt\u00e9r 004 - f\u00fcrd\u0151\" data-e-action-hash=\"#elementor-action%3Aaction%3Dlightbox%26settings%3DeyJpZCI6MTEyNywidXJsIjoiaHR0cHM6XC9cL2JlcmVrLmZpbmVncm91cC5odVwvd3AtY29udGVudFwvdXBsb2Fkc1wvMjAyNVwvMTFcL0JlcmVrLUhvcmdhc3pwYXJrLUhvdmVqLUYtdGlwdXN1LV8tYmVsdGVyLTAwNC1mdXJkby1zY2FsZWQuanBnIiwic2xpZGVzaG93IjoiNzE2NDA4OSJ9\">\n\t\t\t\t\t<div class=\"e-gallery-image elementor-gallery-item__image\" data-thumbnail=\"https:\/\/berek.finegroup.hu\/wp-content\/uploads\/2025\/11\/Berek-Horgaszpark-Hovej-F-tipusu-_-belter-004-furdo-scaled.jpg\" data-width=\"1824\" data-height=\"2560\" aria-label=\"\" role=\"img\" ><\/div>\n\t\t\t\t\t\t\t\t\t\t\t<div class=\"elementor-gallery-item__overlay\"><\/div>\n\t\t\t\t\t\t\t\t\t\t\t\t\t\t<\/a>\n\t\t\t\t\t\t\t<a class=\"e-gallery-item elementor-gallery-item elementor-animated-content\" href=\"https:\/\/berek.finegroup.hu\/wp-content\/uploads\/2025\/11\/Berek-Horgaszpark-Hovej-F-tipusu-_-belter-006-furdo-scaled.jpg\" data-elementor-open-lightbox=\"yes\" data-elementor-lightbox-slideshow=\"7164089\" data-elementor-lightbox-title=\"Berek Horg\u00e1szpark H\u00f6vej F t\u00edpus\u00fa _ belt\u00e9r 006 - f\u00fcrd\u0151\" data-e-action-hash=\"#elementor-action%3Aaction%3Dlightbox%26settings%3DeyJpZCI6MTEyOCwidXJsIjoiaHR0cHM6XC9cL2JlcmVrLmZpbmVncm91cC5odVwvd3AtY29udGVudFwvdXBsb2Fkc1wvMjAyNVwvMTFcL0JlcmVrLUhvcmdhc3pwYXJrLUhvdmVqLUYtdGlwdXN1LV8tYmVsdGVyLTAwNi1mdXJkby1zY2FsZWQuanBnIiwic2xpZGVzaG93IjoiNzE2NDA4OSJ9\">\n\t\t\t\t\t<div class=\"e-gallery-image elementor-gallery-item__image\" data-thumbnail=\"https:\/\/berek.finegroup.hu\/wp-content\/uploads\/2025\/11\/Berek-Horgaszpark-Hovej-F-tipusu-_-belter-006-furdo-scaled.jpg\" data-width=\"1969\" data-height=\"2560\" aria-label=\"\" role=\"img\" ><\/div>\n\t\t\t\t\t\t\t\t\t\t\t<div class=\"elementor-gallery-item__overlay\"><\/div>\n\t\t\t\t\t\t\t\t\t\t\t\t\t\t<\/a>\n\t\t\t\t\t<\/div>\n\t\t\t\t\t<\/div>\n\t\t\t\t\t<\/div>\n\t\t\t\t<\/div>\n\t\t\t\t<\/div>","protected":false},"excerpt":{"rendered":"<p>Foglal\u00e1s Fah\u00e1z le\u00edr\u00e1sa 2-4 szem\u00e9lyes, 2db Az F t\u00edpus\u00fa horg\u00e1szh\u00e1zaink a\u00a0k\u00f6zvetlen v\u00edzparton\u00a0tal\u00e1lhat\u00f3k, nagy \u00fcvegfel\u00fclettel a nappaliban, amely k\u00f6zvetlen kil\u00e1t\u00e1st biztos\u00edt a t\u00f3ra \u00e9s a saj\u00e1t st\u00e9gre. Ez a sz\u00e1ll\u00e1s t\u00f6k\u00e9letes v\u00e1laszt\u00e1s azoknak a horg\u00e1szoknak, akik szeretn\u00e9k, hogy a horg\u00e1szat \u00e9lm\u00e9nye sz\u00f3 szerint a h\u00e1zb\u00f3l kil\u00e9pve kezd\u0151dj\u00f6n. Foglalj id\u0151pontot foglal\u00e1s \u00c1rak El\u0151 \u00e9s ut\u00f3szezonban vas\u00e1rnapt\u00f3l p\u00e9ntekig\u00a0 [&hellip;]<\/p>","protected":false},"author":1,"featured_media":0,"parent":0,"menu_order":0,"comment_status":"closed","ping_status":"closed","template":"","meta":{"footnotes":""},"class_list":["post-704","page","type-page","status-publish","hentry"],"_links":{"self":[{"href":"https:\/\/berek.finegroup.hu\/de\/wp-json\/wp\/v2\/pages\/704","targetHints":{"allow":["GET"]}}],"collection":[{"href":"https:\/\/berek.finegroup.hu\/de\/wp-json\/wp\/v2\/pages"}],"about":[{"href":"https:\/\/berek.finegroup.hu\/de\/wp-json\/wp\/v2\/types\/page"}],"author":[{"embeddable":true,"href":"https:\/\/berek.finegroup.hu\/de\/wp-json\/wp\/v2\/users\/1"}],"replies":[{"embeddable":true,"href":"https:\/\/berek.finegroup.hu\/de\/wp-json\/wp\/v2\/comments?post=704"}],"version-history":[{"count":46,"href":"https:\/\/berek.finegroup.hu\/de\/wp-json\/wp\/v2\/pages\/704\/revisions"}],"predecessor-version":[{"id":1776,"href":"https:\/\/berek.finegroup.hu\/de\/wp-json\/wp\/v2\/pages\/704\/revisions\/1776"}],"wp:attachment":[{"href":"https:\/\/berek.finegroup.hu\/de\/wp-json\/wp\/v2\/media?parent=704"}],"curies":[{"name":"wp","href":"https:\/\/api.w.org\/{rel}","templated":true}]}}