{"id":478,"date":"2025-10-15T09:10:03","date_gmt":"2025-10-15T07:10:03","guid":{"rendered":"https:\/\/berek.finegroup.hu\/?page_id=478"},"modified":"2025-11-17T09:27:18","modified_gmt":"2025-11-17T08:27:18","slug":"glamping-house-hovej","status":"publish","type":"page","link":"https:\/\/berek.finegroup.hu\/de\/glamping-house-hovej\/","title":{"rendered":"Glamping House H\u00f6vej"},"content":{"rendered":"<div data-elementor-type=\"wp-page\" data-elementor-id=\"478\" class=\"elementor elementor-478\" data-elementor-post-type=\"page\">\n\t\t\t\t<div class=\"elementor-element elementor-element-f41111a e-flex e-con-boxed e-con e-parent\" data-id=\"f41111a\" data-element_type=\"container\" data-settings=\"{&quot;background_background&quot;:&quot;classic&quot;}\">\n\t\t\t\t\t<div class=\"e-con-inner\">\n\t\t\t\t<div class=\"elementor-element elementor-element-eb12ce3 elementor-widget elementor-widget-heading\" data-id=\"eb12ce3\" data-element_type=\"widget\" data-widget_type=\"heading.default\">\n\t\t\t\t\t<h1 class=\"elementor-heading-title elementor-size-default\">Glamping House H\u00f6vej<\/h1>\t\t\t\t<\/div>\n\t\t\t\t<div class=\"elementor-element elementor-element-f4d194f elementor-align-center elementor-widget elementor-widget-button\" data-id=\"f4d194f\" data-element_type=\"widget\" data-widget_type=\"button.default\">\n\t\t\t\t\t\t\t\t\t\t<a class=\"elementor-button elementor-button-link elementor-size-sm\" href=\"#\">\n\t\t\t\t\t\t<span class=\"elementor-button-content-wrapper\">\n\t\t\t\t\t\t\t\t\t<span class=\"elementor-button-text\">Tov\u00e1bb<\/span>\n\t\t\t\t\t<\/span>\n\t\t\t\t\t<\/a>\n\t\t\t\t\t\t\t\t<\/div>\n\t\t\t\t\t<\/div>\n\t\t\t\t<\/div>\n\t\t<div class=\"elementor-element elementor-element-5c35372 e-flex e-con-boxed e-con e-parent\" data-id=\"5c35372\" data-element_type=\"container\" data-settings=\"{&quot;background_background&quot;:&quot;classic&quot;}\">\n\t\t\t\t\t<div class=\"e-con-inner\">\n\t\t\t\t<div class=\"elementor-element elementor-element-a8f1665 elementor-widget elementor-widget-heading\" data-id=\"a8f1665\" data-element_type=\"widget\" data-widget_type=\"heading.default\">\n\t\t\t\t\t<h2 class=\"elementor-heading-title elementor-size-default\">Hamarosan<\/h2>\t\t\t\t<\/div>\n\t\t<div class=\"elementor-element elementor-element-e7a3a94 e-con-full e-flex e-con e-child\" data-id=\"e7a3a94\" data-element_type=\"container\">\n\t\t\t\t<div class=\"elementor-element elementor-element-ec3d99c elementor-widget__width-initial elementor-widget elementor-widget-image\" data-id=\"ec3d99c\" data-element_type=\"widget\" data-widget_type=\"image.default\">\n\t\t\t\t\t\t\t\t\t\t\t\t\t\t\t<img fetchpriority=\"high\" decoding=\"async\" width=\"800\" height=\"524\" src=\"https:\/\/berek.finegroup.hu\/wp-content\/uploads\/2025\/11\/Berek-Horgaszpark-Hovej-037_-glamping-1024x671.jpg\" class=\"attachment-large size-large wp-image-1167\" alt=\"\" srcset=\"https:\/\/berek.finegroup.hu\/wp-content\/uploads\/2025\/11\/Berek-Horgaszpark-Hovej-037_-glamping-1024x671.jpg 1024w, https:\/\/berek.finegroup.hu\/wp-content\/uploads\/2025\/11\/Berek-Horgaszpark-Hovej-037_-glamping-300x197.jpg 300w, https:\/\/berek.finegroup.hu\/wp-content\/uploads\/2025\/11\/Berek-Horgaszpark-Hovej-037_-glamping-768x503.jpg 768w, https:\/\/berek.finegroup.hu\/wp-content\/uploads\/2025\/11\/Berek-Horgaszpark-Hovej-037_-glamping-1536x1007.jpg 1536w, https:\/\/berek.finegroup.hu\/wp-content\/uploads\/2025\/11\/Berek-Horgaszpark-Hovej-037_-glamping-2048x1342.jpg 2048w, https:\/\/berek.finegroup.hu\/wp-content\/uploads\/2025\/11\/Berek-Horgaszpark-Hovej-037_-glamping-18x12.jpg 18w\" sizes=\"(max-width: 800px) 100vw, 800px\" \/>\t\t\t\t\t\t\t\t\t\t\t\t\t\t\t<\/div>\n\t\t<div class=\"elementor-element elementor-element-8588811 e-con-full e-flex e-con e-child\" data-id=\"8588811\" data-element_type=\"container\">\n\t\t\t\t<div class=\"elementor-element elementor-element-20c20a9 elementor-widget elementor-widget-heading\" data-id=\"20c20a9\" data-element_type=\"widget\" data-widget_type=\"heading.default\">\n\t\t\t\t\t<p class=\"elementor-heading-title elementor-size-default\">term\u00e9szetk\u00f6zeli pihen\u00e9s a horg\u00e1szparkban<\/p>\t\t\t\t<\/div>\n\t\t\t\t<div class=\"elementor-element elementor-element-6632815 elementor-widget elementor-widget-text-editor\" data-id=\"6632815\" data-element_type=\"widget\" data-widget_type=\"text-editor.default\">\n\t\t\t\t\t\t\t\t\t<div><p>A Glamping House azoknak k\u00e9sz\u00fclt, akik szeretik a term\u00e9szet k\u00f6zels\u00e9g\u00e9t, de a k\u00e9nyelmet sem szeretn\u00e9k n\u00e9lk\u00fcl\u00f6zni. Itt a s\u00e1toroz\u00e1s szabads\u00e1g\u00e1t \u00f6tv\u00f6zz\u00fck a komfortos sz\u00e1ll\u00e1s k\u00e9nyelm\u00e9vel \u2013 igazi \u201eglamping\u201d \u00e9lm\u00e9ny, a Berek Horg\u00e1szpark nyugodt, z\u00f6ld k\u00f6rnyezet\u00e9ben.<\/p><\/div><div><p>Ez a fah\u00e1z ide\u00e1lis v\u00e1laszt\u00e1s azoknak, akik szeretn\u00e9nek kiszakadni a mindennapokb\u00f3l, elcsendesedni, \u00e9s meg\u00e9lni a t\u00f3part nyugalm\u00e1t. Nincs TV, nincs rohan\u00e1s \u2013 csak Te, a term\u00e9szet \u00e9s a val\u00f3di kikapcsol\u00f3d\u00e1s.<\/p><\/div>\t\t\t\t\t\t\t\t<\/div>\n\t\t\t\t<\/div>\n\t\t\t\t<\/div>\n\t\t\t\t\t<\/div>\n\t\t\t\t<\/div>\n\t\t<div class=\"elementor-element elementor-element-53c5697 e-flex e-con-boxed e-con e-parent\" data-id=\"53c5697\" data-element_type=\"container\" data-settings=\"{&quot;background_background&quot;:&quot;classic&quot;}\">\n\t\t\t\t\t<div class=\"e-con-inner\">\n\t\t<div class=\"elementor-element elementor-element-315ad18 e-con-full e-flex e-con e-child\" data-id=\"315ad18\" data-element_type=\"container\">\n\t\t\t\t<div class=\"elementor-element elementor-element-52979ce elementor-widget elementor-widget-heading\" data-id=\"52979ce\" data-element_type=\"widget\" data-widget_type=\"heading.default\">\n\t\t\t\t\t<h2 class=\"elementor-heading-title elementor-size-default\">Felszerelts\u00e9g<\/h2>\t\t\t\t<\/div>\n\t\t<div class=\"elementor-element elementor-element-4f92185 e-con-full e-flex e-con e-child\" data-id=\"4f92185\" data-element_type=\"container\">\n\t\t<div class=\"elementor-element elementor-element-7a27d4c e-con-full e-flex e-con e-child\" data-id=\"7a27d4c\" data-element_type=\"container\">\n\t\t\t\t<div class=\"elementor-element elementor-element-e885c5f elementor-widget elementor-widget-heading\" data-id=\"e885c5f\" data-element_type=\"widget\" data-widget_type=\"heading.default\">\n\t\t\t\t\t<p class=\"elementor-heading-title elementor-size-default\">Felszerel\u00e9s<\/p>\t\t\t\t<\/div>\n\t\t\t\t<div class=\"elementor-element elementor-element-36ddf14 elementor-widget elementor-widget-text-editor\" data-id=\"36ddf14\" data-element_type=\"widget\" data-widget_type=\"text-editor.default\">\n\t\t\t\t\t\t\t\t\t<ul><li>k\u00e9nyelmes francia\u00e1gy<\/li><li>terasz pihen\u0151r\u00e9sszel \u00e9s napoz\u00f3val<\/li><li>20 m\u00e9terre: recepci\u00f3, b\u00fcf\u00e9, k\u00f6z\u00f6ss\u00e9gi t\u00e9r f\u0151z\u00e9si, bogr\u00e1csoz\u00e1si \u00e9s grillez\u00e9si lehet\u0151s\u00e9ggel<\/li><li>k\u00f6z\u00f6s h\u0171t\u0151 \u00e9s mikrohull\u00e1m\u00fa s\u00fct\u0151<\/li><li>f\u00fcrd\u0151 \u00e9s WC 20 m-re a h\u00e1zt\u00f3l<\/li><\/ul>\t\t\t\t\t\t\t\t<\/div>\n\t\t\t\t<\/div>\n\t\t<div class=\"elementor-element elementor-element-a66dc65 e-con-full e-flex e-con e-child\" data-id=\"a66dc65\" data-element_type=\"container\">\n\t\t\t\t<div class=\"elementor-element elementor-element-fb839dc elementor-widget elementor-widget-heading\" data-id=\"fb839dc\" data-element_type=\"widget\" data-widget_type=\"heading.default\">\n\t\t\t\t\t<p class=\"elementor-heading-title elementor-size-default\">Horg\u00e1szati inform\u00e1ci\u00f3<\/p>\t\t\t\t<\/div>\n\t\t\t\t<div class=\"elementor-element elementor-element-2eccf6e elementor-widget elementor-widget-text-editor\" data-id=\"2eccf6e\" data-element_type=\"widget\" data-widget_type=\"text-editor.default\">\n\t\t\t\t\t\t\t\t\t<ul><li><div><p>A glamping h\u00e1z<span class=\"apple-converted-space\">\u00a0<\/span><strong>nem rendelkezik kijel\u00f6lt horg\u00e1szhellyel<\/strong>, de el\u0151re egyeztetett helyen \u00e9lvezheted a horg\u00e1szat hangulat\u00e1t \u00e9s a t\u00f3parti k\u00f6rnyezetet.<\/p><\/div><\/li><\/ul>\t\t\t\t\t\t\t\t<\/div>\n\t\t\t\t<\/div>\n\t\t\t\t<\/div>\n\t\t\t\t<\/div>\n\t\t\t\t\t<\/div>\n\t\t\t\t<\/div>\n\t\t<div class=\"elementor-element elementor-element-b32f1fa e-flex e-con-boxed e-con e-parent\" data-id=\"b32f1fa\" data-element_type=\"container\">\n\t\t\t\t\t<div class=\"e-con-inner\">\n\t\t\t\t<div class=\"elementor-element elementor-element-6ef3ceb elementor-widget elementor-widget-heading\" data-id=\"6ef3ceb\" data-element_type=\"widget\" data-widget_type=\"heading.default\">\n\t\t\t\t\t<h2 class=\"elementor-heading-title elementor-size-default\">Gal\u00e9ria<\/h2>\t\t\t\t<\/div>\n\t\t\t\t<div class=\"elementor-element elementor-element-7164089 elementor-widget elementor-widget-gallery\" data-id=\"7164089\" data-element_type=\"widget\" data-settings=\"{&quot;columns&quot;:2,&quot;gap&quot;:{&quot;unit&quot;:&quot;px&quot;,&quot;size&quot;:16,&quot;sizes&quot;:[]},&quot;lazyload&quot;:&quot;yes&quot;,&quot;gallery_layout&quot;:&quot;grid&quot;,&quot;columns_tablet&quot;:2,&quot;columns_mobile&quot;:1,&quot;gap_widescreen&quot;:{&quot;unit&quot;:&quot;px&quot;,&quot;size&quot;:&quot;&quot;,&quot;sizes&quot;:[]},&quot;gap_laptop&quot;:{&quot;unit&quot;:&quot;px&quot;,&quot;size&quot;:10,&quot;sizes&quot;:[]},&quot;gap_tablet_extra&quot;:{&quot;unit&quot;:&quot;px&quot;,&quot;size&quot;:10,&quot;sizes&quot;:[]},&quot;gap_tablet&quot;:{&quot;unit&quot;:&quot;px&quot;,&quot;size&quot;:10,&quot;sizes&quot;:[]},&quot;gap_mobile_extra&quot;:{&quot;unit&quot;:&quot;px&quot;,&quot;size&quot;:10,&quot;sizes&quot;:[]},&quot;gap_mobile&quot;:{&quot;unit&quot;:&quot;px&quot;,&quot;size&quot;:10,&quot;sizes&quot;:[]},&quot;link_to&quot;:&quot;file&quot;,&quot;aspect_ratio&quot;:&quot;3:2&quot;,&quot;overlay_background&quot;:&quot;yes&quot;,&quot;content_hover_animation&quot;:&quot;fade-in&quot;}\" data-widget_type=\"gallery.default\">\n\t\t\t\t\t\t\t<div class=\"elementor-gallery__container\">\n\t\t\t\t\t\t\t<a class=\"e-gallery-item elementor-gallery-item elementor-animated-content\" href=\"https:\/\/berek.finegroup.hu\/wp-content\/uploads\/2025\/11\/Berek-Horgaszpark-Hovej-037_-glamping-scaled.jpg\" data-elementor-open-lightbox=\"yes\" data-elementor-lightbox-slideshow=\"7164089\" data-elementor-lightbox-title=\"Berek Horg\u00e1szpark H\u00f6vej 037_ glamping\" data-e-action-hash=\"#elementor-action%3Aaction%3Dlightbox%26settings%3DeyJpZCI6MTE2NywidXJsIjoiaHR0cHM6XC9cL2JlcmVrLmZpbmVncm91cC5odVwvd3AtY29udGVudFwvdXBsb2Fkc1wvMjAyNVwvMTFcL0JlcmVrLUhvcmdhc3pwYXJrLUhvdmVqLTAzN18tZ2xhbXBpbmctc2NhbGVkLmpwZyIsInNsaWRlc2hvdyI6IjcxNjQwODkifQ%3D%3D\">\n\t\t\t\t\t<div class=\"e-gallery-image elementor-gallery-item__image\" data-thumbnail=\"https:\/\/berek.finegroup.hu\/wp-content\/uploads\/2025\/11\/Berek-Horgaszpark-Hovej-037_-glamping-scaled.jpg\" data-width=\"2560\" data-height=\"1678\" aria-label=\"\" role=\"img\" ><\/div>\n\t\t\t\t\t\t\t\t\t\t\t<div class=\"elementor-gallery-item__overlay\"><\/div>\n\t\t\t\t\t\t\t\t\t\t\t\t\t\t<\/a>\n\t\t\t\t\t\t\t<a class=\"e-gallery-item elementor-gallery-item elementor-animated-content\" href=\"https:\/\/berek.finegroup.hu\/wp-content\/uploads\/2025\/11\/GL11.jpg\" data-elementor-open-lightbox=\"yes\" data-elementor-lightbox-slideshow=\"7164089\" data-elementor-lightbox-title=\"GL11\" data-e-action-hash=\"#elementor-action%3Aaction%3Dlightbox%26settings%3DeyJpZCI6MTIwMywidXJsIjoiaHR0cHM6XC9cL2JlcmVrLmZpbmVncm91cC5odVwvd3AtY29udGVudFwvdXBsb2Fkc1wvMjAyNVwvMTFcL0dMMTEuanBnIiwic2xpZGVzaG93IjoiNzE2NDA4OSJ9\">\n\t\t\t\t\t<div class=\"e-gallery-image elementor-gallery-item__image\" data-thumbnail=\"https:\/\/berek.finegroup.hu\/wp-content\/uploads\/2025\/11\/GL11.jpg\" data-width=\"1923\" data-height=\"2048\" aria-label=\"\" role=\"img\" ><\/div>\n\t\t\t\t\t\t\t\t\t\t\t<div class=\"elementor-gallery-item__overlay\"><\/div>\n\t\t\t\t\t\t\t\t\t\t\t\t\t\t<\/a>\n\t\t\t\t\t\t\t<a class=\"e-gallery-item elementor-gallery-item elementor-animated-content\" href=\"https:\/\/berek.finegroup.hu\/wp-content\/uploads\/2025\/11\/GL14.jpeg\" data-elementor-open-lightbox=\"yes\" data-elementor-lightbox-slideshow=\"7164089\" data-elementor-lightbox-title=\"GL14\" data-e-action-hash=\"#elementor-action%3Aaction%3Dlightbox%26settings%3DeyJpZCI6MTIwNSwidXJsIjoiaHR0cHM6XC9cL2JlcmVrLmZpbmVncm91cC5odVwvd3AtY29udGVudFwvdXBsb2Fkc1wvMjAyNVwvMTFcL0dMMTQuanBlZyIsInNsaWRlc2hvdyI6IjcxNjQwODkifQ%3D%3D\">\n\t\t\t\t\t<div class=\"e-gallery-image elementor-gallery-item__image\" data-thumbnail=\"https:\/\/berek.finegroup.hu\/wp-content\/uploads\/2025\/11\/GL14.jpeg\" data-width=\"1920\" data-height=\"1280\" aria-label=\"\" role=\"img\" ><\/div>\n\t\t\t\t\t\t\t\t\t\t\t<div class=\"elementor-gallery-item__overlay\"><\/div>\n\t\t\t\t\t\t\t\t\t\t\t\t\t\t<\/a>\n\t\t\t\t\t<\/div>\n\t\t\t\t\t<\/div>\n\t\t\t\t\t<\/div>\n\t\t\t\t<\/div>\n\t\t\t\t<\/div>","protected":false},"excerpt":{"rendered":"<p>Tov\u00e1bb Hamarosan term\u00e9szetk\u00f6zeli pihen\u00e9s a horg\u00e1szparkban A Glamping House azoknak k\u00e9sz\u00fclt, akik szeretik a term\u00e9szet k\u00f6zels\u00e9g\u00e9t, de a k\u00e9nyelmet sem szeretn\u00e9k n\u00e9lk\u00fcl\u00f6zni. Itt a s\u00e1toroz\u00e1s szabads\u00e1g\u00e1t \u00f6tv\u00f6zz\u00fck a komfortos sz\u00e1ll\u00e1s k\u00e9nyelm\u00e9vel \u2013 igazi \u201eglamping\u201d \u00e9lm\u00e9ny, a Berek Horg\u00e1szpark nyugodt, z\u00f6ld k\u00f6rnyezet\u00e9ben. Ez a fah\u00e1z ide\u00e1lis v\u00e1laszt\u00e1s azoknak, akik szeretn\u00e9nek kiszakadni a mindennapokb\u00f3l, elcsendesedni, \u00e9s meg\u00e9lni [&hellip;]<\/p>","protected":false},"author":1,"featured_media":0,"parent":0,"menu_order":0,"comment_status":"closed","ping_status":"closed","template":"","meta":{"footnotes":""},"class_list":["post-478","page","type-page","status-publish","hentry"],"_links":{"self":[{"href":"https:\/\/berek.finegroup.hu\/de\/wp-json\/wp\/v2\/pages\/478","targetHints":{"allow":["GET"]}}],"collection":[{"href":"https:\/\/berek.finegroup.hu\/de\/wp-json\/wp\/v2\/pages"}],"about":[{"href":"https:\/\/berek.finegroup.hu\/de\/wp-json\/wp\/v2\/types\/page"}],"author":[{"embeddable":true,"href":"https:\/\/berek.finegroup.hu\/de\/wp-json\/wp\/v2\/users\/1"}],"replies":[{"embeddable":true,"href":"https:\/\/berek.finegroup.hu\/de\/wp-json\/wp\/v2\/comments?post=478"}],"version-history":[{"count":59,"href":"https:\/\/berek.finegroup.hu\/de\/wp-json\/wp\/v2\/pages\/478\/revisions"}],"predecessor-version":[{"id":1340,"href":"https:\/\/berek.finegroup.hu\/de\/wp-json\/wp\/v2\/pages\/478\/revisions\/1340"}],"wp:attachment":[{"href":"https:\/\/berek.finegroup.hu\/de\/wp-json\/wp\/v2\/media?parent=478"}],"curies":[{"name":"wp","href":"https:\/\/api.w.org\/{rel}","templated":true}]}}