{"id":354,"date":"2025-10-15T07:05:27","date_gmt":"2025-10-15T05:05:27","guid":{"rendered":"https:\/\/berek.finegroup.hu\/?page_id=354"},"modified":"2025-12-15T10:35:25","modified_gmt":"2025-12-15T09:35:25","slug":"sport-es-szabadido","status":"publish","type":"page","link":"https:\/\/berek.finegroup.hu\/de\/szolgaltatasok\/sport-es-szabadido\/","title":{"rendered":"Sport \u00e9s szabadid\u0151"},"content":{"rendered":"<div data-elementor-type=\"wp-page\" data-elementor-id=\"354\" class=\"elementor elementor-354\" data-elementor-post-type=\"page\">\n\t\t\t\t<div class=\"elementor-element elementor-element-67ab7e7 e-flex e-con-boxed e-con e-parent\" data-id=\"67ab7e7\" data-element_type=\"container\" data-settings=\"{&quot;background_background&quot;:&quot;classic&quot;}\">\n\t\t\t\t\t<div class=\"e-con-inner\">\n\t\t\t\t<div class=\"elementor-element elementor-element-fd94c87 elementor-widget elementor-widget-heading\" data-id=\"fd94c87\" data-element_type=\"widget\" data-widget_type=\"heading.default\">\n\t\t\t\t\t<p class=\"elementor-heading-title elementor-size-default\">Szolg\u00e1ltat\u00e1sok<\/p>\t\t\t\t<\/div>\n\t\t\t\t\t<\/div>\n\t\t\t\t<\/div>\n\t\t<div class=\"elementor-element elementor-element-3e7720e e-flex e-con-boxed e-con e-parent\" data-id=\"3e7720e\" data-element_type=\"container\">\n\t\t\t\t\t<div class=\"e-con-inner\">\n\t\t\t\t<div class=\"elementor-element elementor-element-e69b3ad elementor-widget elementor-widget-heading\" data-id=\"e69b3ad\" data-element_type=\"widget\" data-widget_type=\"heading.default\">\n\t\t\t\t\t<h1 class=\"elementor-heading-title elementor-size-default\">Sport \u00e9s szabadid\u0151<\/h1>\t\t\t\t<\/div>\n\t\t<div class=\"elementor-element elementor-element-c2fddc3 e-con-full e-flex e-con e-child\" data-id=\"c2fddc3\" data-element_type=\"container\">\n\t\t<div class=\"elementor-element elementor-element-de1177f e-con-full e-flex e-con e-child\" data-id=\"de1177f\" data-element_type=\"container\">\n\t\t<div class=\"elementor-element elementor-element-2f11026 e-con-full e-flex e-con e-child\" data-id=\"2f11026\" data-element_type=\"container\">\n\t\t\t\t<div class=\"elementor-element elementor-element-3b038f9 elementor-widget elementor-widget-heading\" data-id=\"3b038f9\" data-element_type=\"widget\" data-widget_type=\"heading.default\">\n\t\t\t\t\t<h2 class=\"elementor-heading-title elementor-size-default\">Gyalogt\u00far\u00e1k \u00e9s Nordic Walking<\/h2>\t\t\t\t<\/div>\n\t\t\t\t<\/div>\n\t\t<div class=\"elementor-element elementor-element-60b90ce e-con-full e-flex e-con e-child\" data-id=\"60b90ce\" data-element_type=\"container\">\n\t\t\t\t<div class=\"elementor-element elementor-element-e2d6af5 elementor-widget elementor-widget-text-editor\" data-id=\"e2d6af5\" data-element_type=\"widget\" data-widget_type=\"text-editor.default\">\n\t\t\t\t\t\t\t\t\t<p><span style=\"color: black;\">A Berek Horg\u00e1szpark k\u00f6rny\u00e9ke igazi paradicsom azok sz\u00e1m\u00e1ra, akik szeretik gyalogosan felfedezni a term\u00e9szet kincseit. A halastavak partj\u00e1t \u00f6lel\u0151 erd\u0151k csendje, a madarak hangja \u00e9s a v\u00edz k\u00f6zels\u00e9ge k\u00fcl\u00f6nleges atmoszf\u00e9r\u00e1t teremtenek \u2013 mintha egy nyugalom-szigetre l\u00e9pn\u00e9l be.<br \/>Ak\u00e1r egy lend\u00fcletes nordic walking t\u00far\u00e1t, ak\u00e1r egy k\u00e9nyelmes s\u00e9t\u00e1t v\u00e1lasztasz, minden l\u00e9p\u00e9sn\u00e9l \u00faj arc\u00e1t mutatja a t\u00e1j: \u00e1rnyas f\u00e1k, naps\u00fct\u00f6tte r\u00e9tek \u00e9s a t\u00f3 t\u00fckr\u00e9ben megcsillan\u00f3 f\u00e9nyek k\u00eds\u00e9rik utadat. Aki egyszer k\u00f6rbej\u00e1rja a Bereket, meg\u00e9rti, hogy a k\u00f6rny\u00e9k legszebb titkait val\u00f3ban csak gyalogosan lehet felfedezni.<\/span><\/p>\t\t\t\t\t\t\t\t<\/div>\n\t\t\t\t<\/div>\n\t\t\t\t<\/div>\n\t\t<div class=\"elementor-element elementor-element-a94de2f e-con-full e-flex e-con e-child\" data-id=\"a94de2f\" data-element_type=\"container\">\n\t\t<div class=\"elementor-element elementor-element-9cfcde0 e-con-full e-flex e-con e-child\" data-id=\"9cfcde0\" data-element_type=\"container\">\n\t\t\t\t<div class=\"elementor-element elementor-element-f29de98 elementor-widget elementor-widget-heading\" data-id=\"f29de98\" data-element_type=\"widget\" data-widget_type=\"heading.default\">\n\t\t\t\t\t<h2 class=\"elementor-heading-title elementor-size-default\">Ker\u00e9kp\u00e1rt\u00fara a T\u0151zike Tan\u00f6sv\u00e9nyhez <\/h2>\t\t\t\t<\/div>\n\t\t\t\t<\/div>\n\t\t<div class=\"elementor-element elementor-element-b7a5913 e-con-full e-flex e-con e-child\" data-id=\"b7a5913\" data-element_type=\"container\">\n\t\t\t\t<div class=\"elementor-element elementor-element-6a830c0 elementor-widget elementor-widget-text-editor\" data-id=\"6a830c0\" data-element_type=\"widget\" data-widget_type=\"text-editor.default\">\n\t\t\t\t\t\t\t\t\t<p>A term\u00e9szet szerelmeseinek kihagyhatatlan program a\u00a0T\u0151zike Tan\u00f6sv\u00e9ny, amely a R\u00e9pce ment\u00e9n,\u00a0Cs\u00e1fordj\u00e1nosfahat\u00e1r\u00e1ban vezet kereszt\u00fcl. A tan\u00f6sv\u00e9ny 4 kilom\u00e9teres gyalogos \u00fatvonala fahidakon \u00e9s \u00e1rnyas ligeterd\u0151k\u00f6n \u00e1t kanyarog, bemutatva a R\u00e9pce-vid\u00e9k k\u00fcl\u00f6nleges n\u00f6v\u00e9ny- \u00e9s \u00e1llatvil\u00e1g\u00e1t.<\/p><p>A tan\u00f6sv\u00e9ny nev\u00e9t a vid\u00e9k egyik legl\u00e1tv\u00e1nyosabb term\u00e9szeti jelens\u00e9g\u00e9r\u0151l kapta: a\u00a0v\u00e9dett tavaszi t\u0151zik\u00e9r\u0151l\u00a0(<em>Leucojum vernum<\/em>). Ez a h\u00f3feh\u00e9r, b\u00f3kol\u00f3 vir\u00e1g\u00a0m\u00e1rcius elej\u00e9n \u00e9s k\u00f6zep\u00e9n\u00a0t\u00f6megesen bor\u00edtja be az \u00e1rt\u00e9ri erd\u0151k talaj\u00e1t, leny\u0171g\u00f6z\u0151, szinte mes\u00e9be ill\u0151 l\u00e1tv\u00e1nyt ny\u00fajtva.<br \/>A t\u0151zike vir\u00e1gz\u00e1sa a tavasz els\u0151 jele a R\u00e1bak\u00f6zben, \u00e9s \u00e9vente term\u00e9szetkedvel\u0151k sz\u00e1zait vonzza ide.<\/p><p>A t\u00fara ker\u00e9kp\u00e1rral is k\u00f6nnyen kombin\u00e1lhat\u00f3:<br \/>H\u00f6vej \u2013 Gy\u00f3r\u00f3 \u2013 Iv\u00e1n \u2013 Cs\u00e1fordj\u00e1nosfa (22 km)<br \/>Gyalogosan: Cs\u00e1fordj\u00e1nosfa, T\u0151zike Tan\u00f6sv\u00e9ny (4 km)<br \/>Vissza\u00fat: Cs\u00e1fordj\u00e1nosfa \u2013 D\u00e9nesfa \u2013 Gy\u00f3r\u00f3 \u2013 H\u00f6vej (20 km)<\/p><p>A ter\u00fclet eg\u00e9sz \u00e9vben l\u00e1togathat\u00f3, de a\u00a0legszebb id\u0151szak a vir\u00e1gz\u00e1s ideje \u2013 m\u00e1rcius elej\u00e9t\u0151l \u00e1prilis k\u00f6zep\u00e9ig, amikor a tavaszi t\u0151zik\u00e9k h\u00f3feh\u00e9r sz\u0151nyege bor\u00edtja be az erd\u0151t.<\/p>\t\t\t\t\t\t\t\t<\/div>\n\t\t\t\t<\/div>\n\t\t\t\t<\/div>\n\t\t<div class=\"elementor-element elementor-element-0d89ea3 e-con-full e-flex e-con e-child\" data-id=\"0d89ea3\" data-element_type=\"container\">\n\t\t<div class=\"elementor-element elementor-element-ee320d3 e-con-full e-flex e-con e-child\" data-id=\"ee320d3\" data-element_type=\"container\">\n\t\t\t\t<div class=\"elementor-element elementor-element-f57f1e2 elementor-widget elementor-widget-heading\" data-id=\"f57f1e2\" data-element_type=\"widget\" data-widget_type=\"heading.default\">\n\t\t\t\t\t<h2 class=\"elementor-heading-title elementor-size-default\">Ker\u00e9kp\u00e1rt\u00fara a Hany Ist\u00f3k Tan\u00f6sv\u00e9nyhez <\/h2>\t\t\t\t<\/div>\n\t\t\t\t<\/div>\n\t\t<div class=\"elementor-element elementor-element-54b81e3 e-con-full e-flex e-con e-child\" data-id=\"54b81e3\" data-element_type=\"container\">\n\t\t\t\t<div class=\"elementor-element elementor-element-2d41978 elementor-widget elementor-widget-text-editor\" data-id=\"2d41978\" data-element_type=\"widget\" data-widget_type=\"text-editor.default\">\n\t\t\t\t\t\t\t\t\t<p>Fedezd fel a Fert\u0151\u2013Hans\u00e1g Nemzeti Park egyik legk\u00fcl\u00f6nlegesebb hely\u00e9t, a legend\u00e1s\u00a0Hany Ist\u00f3k Tan\u00f6sv\u00e9nyt, ahol a term\u00e9szet \u00e9s a mesevil\u00e1g tal\u00e1lkozik.<br \/>A 21 km-es ker\u00e9kp\u00e1ros \u00fatvonal\u00a0H\u00f6vejr\u0151l Kapuv\u00e1ron \u00e1t\u00a0vezet az\u00a0Osli Esterh\u00e1zy Mad\u00e1rv\u00e1rt\u00e1ig, ahonnan gyalogosan indulhatsz tov\u00e1bb a\u00a05 km hossz\u00fa tan\u00f6sv\u00e9nyen.<\/p><p>Az \u00fatvonal a\u00a0fokozottan v\u00e9dett Cs\u00edkos \u00c9gererd\u0151n\u00a0\u00e9s a\u00a0Kir\u00e1ly-\u00e9geresen\u00a0kereszt\u00fcl vezet a\u00a0Kir\u00e1ly-t\u00f3hoz\u00a0\u2014 ahhoz a helyhez, ahol a monda szerint egykor a l\u00e1p m\u00e9ly\u00e9r\u0151l kimentett\u00e9k\u00a0Hany Ist\u00f3kot, a Hans\u00e1g titokzatos \u201ev\u00edzi gyermek\u00e9t\u201d.<br \/>A tavat \u00e9s k\u00f6rny\u00e9k\u00e9t ma s\u0171r\u0171 n\u00f6v\u00e9nyzet, gazdag mad\u00e1rvil\u00e1g \u00e9s ritka n\u00f6v\u00e9nyfajok teszik k\u00fcl\u00f6nlegess\u00e9.<\/p><p>A t\u00fara\u00a0eg\u00e9sz \u00e9vben l\u00e1togathat\u00f3, de tavasszal \u00e9s kora ny\u00e1ron a legl\u00e1tv\u00e1nyosabb, amikor a l\u00e1pvid\u00e9k z\u00f6ldbe borul, \u00e9s a mad\u00e1rv\u00e1rta k\u00f6rny\u00e9k\u00e9n k\u00fcl\u00f6nleges fajok figyelhet\u0151k meg.<\/p><p>\u00datvonal:<\/p><ul><li>H\u00f6vej \u2013 Kapuv\u00e1r \u2013 Osli, Esterh\u00e1zy Mad\u00e1rv\u00e1rta (21 km)<\/li><li>Gyalogosan: Hany Ist\u00f3k Tan\u00f6sv\u00e9ny (5 km)<\/li><li>Vissza: Osli \u2013 Kapuv\u00e1r \u2013 H\u00f6vej (21 km)<\/li><\/ul>\t\t\t\t\t\t\t\t<\/div>\n\t\t\t\t<\/div>\n\t\t\t\t<\/div>\n\t\t\t\t<\/div>\n\t\t\t\t\t<\/div>\n\t\t\t\t<\/div>\n\t\t\t\t<\/div>","protected":false},"excerpt":{"rendered":"<p>Szolg\u00e1ltat\u00e1sok Gyalogt\u00far\u00e1k \u00e9s Nordic Walking A Berek Horg\u00e1szpark k\u00f6rny\u00e9ke igazi paradicsom azok sz\u00e1m\u00e1ra, akik szeretik gyalogosan felfedezni a term\u00e9szet kincseit. A halastavak partj\u00e1t \u00f6lel\u0151 erd\u0151k csendje, a madarak hangja \u00e9s a v\u00edz k\u00f6zels\u00e9ge k\u00fcl\u00f6nleges atmoszf\u00e9r\u00e1t teremtenek \u2013 mintha egy nyugalom-szigetre l\u00e9pn\u00e9l be.Ak\u00e1r egy lend\u00fcletes nordic walking t\u00far\u00e1t, ak\u00e1r egy k\u00e9nyelmes s\u00e9t\u00e1t v\u00e1lasztasz, minden l\u00e9p\u00e9sn\u00e9l \u00faj [&hellip;]<\/p>","protected":false},"author":1,"featured_media":0,"parent":18,"menu_order":0,"comment_status":"closed","ping_status":"closed","template":"","meta":{"footnotes":""},"class_list":["post-354","page","type-page","status-publish","hentry"],"_links":{"self":[{"href":"https:\/\/berek.finegroup.hu\/de\/wp-json\/wp\/v2\/pages\/354","targetHints":{"allow":["GET"]}}],"collection":[{"href":"https:\/\/berek.finegroup.hu\/de\/wp-json\/wp\/v2\/pages"}],"about":[{"href":"https:\/\/berek.finegroup.hu\/de\/wp-json\/wp\/v2\/types\/page"}],"author":[{"embeddable":true,"href":"https:\/\/berek.finegroup.hu\/de\/wp-json\/wp\/v2\/users\/1"}],"replies":[{"embeddable":true,"href":"https:\/\/berek.finegroup.hu\/de\/wp-json\/wp\/v2\/comments?post=354"}],"version-history":[{"count":16,"href":"https:\/\/berek.finegroup.hu\/de\/wp-json\/wp\/v2\/pages\/354\/revisions"}],"predecessor-version":[{"id":1790,"href":"https:\/\/berek.finegroup.hu\/de\/wp-json\/wp\/v2\/pages\/354\/revisions\/1790"}],"up":[{"embeddable":true,"href":"https:\/\/berek.finegroup.hu\/de\/wp-json\/wp\/v2\/pages\/18"}],"wp:attachment":[{"href":"https:\/\/berek.finegroup.hu\/de\/wp-json\/wp\/v2\/media?parent=354"}],"curies":[{"name":"wp","href":"https:\/\/api.w.org\/{rel}","templated":true}]}}