{"id":352,"date":"2025-10-15T07:05:10","date_gmt":"2025-10-15T05:05:10","guid":{"rendered":"https:\/\/berek.finegroup.hu\/?page_id=352"},"modified":"2025-12-15T10:32:10","modified_gmt":"2025-12-15T09:32:10","slug":"gasztronomia-es-vendeglatas","status":"publish","type":"page","link":"https:\/\/berek.finegroup.hu\/de\/szolgaltatasok\/gasztronomia-es-vendeglatas\/","title":{"rendered":"Gasztron\u00f3mia \u00e9s vend\u00e9gl\u00e1t\u00e1s"},"content":{"rendered":"<div data-elementor-type=\"wp-page\" data-elementor-id=\"352\" class=\"elementor elementor-352\" data-elementor-post-type=\"page\">\n\t\t\t\t<div class=\"elementor-element elementor-element-d4012a6 e-flex e-con-boxed e-con e-parent\" data-id=\"d4012a6\" data-element_type=\"container\" data-settings=\"{&quot;background_background&quot;:&quot;classic&quot;}\">\n\t\t\t\t\t<div class=\"e-con-inner\">\n\t\t\t\t<div class=\"elementor-element elementor-element-5eec80d elementor-widget elementor-widget-heading\" data-id=\"5eec80d\" data-element_type=\"widget\" data-widget_type=\"heading.default\">\n\t\t\t\t\t<p class=\"elementor-heading-title elementor-size-default\">Szolg\u00e1ltat\u00e1sok<\/p>\t\t\t\t<\/div>\n\t\t\t\t\t<\/div>\n\t\t\t\t<\/div>\n\t\t<div class=\"elementor-element elementor-element-375eb54 e-flex e-con-boxed e-con e-parent\" data-id=\"375eb54\" data-element_type=\"container\">\n\t\t\t\t\t<div class=\"e-con-inner\">\n\t\t\t\t<div class=\"elementor-element elementor-element-2034c35 elementor-widget elementor-widget-heading\" data-id=\"2034c35\" data-element_type=\"widget\" data-widget_type=\"heading.default\">\n\t\t\t\t\t<h1 class=\"elementor-heading-title elementor-size-default\">Gasztron\u00f3mia \u00e9s vend\u00e9gl\u00e1t\u00e1s<\/h1>\t\t\t\t<\/div>\n\t\t<div class=\"elementor-element elementor-element-ab26557 e-con-full e-flex e-con e-child\" data-id=\"ab26557\" data-element_type=\"container\">\n\t\t<div class=\"elementor-element elementor-element-272cd35 e-con-full e-flex e-con e-child\" data-id=\"272cd35\" data-element_type=\"container\">\n\t\t<div class=\"elementor-element elementor-element-23aff95 e-con-full e-flex e-con e-child\" data-id=\"23aff95\" data-element_type=\"container\">\n\t\t\t\t<div class=\"elementor-element elementor-element-aae2fd5 elementor-widget elementor-widget-heading\" data-id=\"aae2fd5\" data-element_type=\"widget\" data-widget_type=\"heading.default\">\n\t\t\t\t\t<h2 class=\"elementor-heading-title elementor-size-default\">Berek Men\u00fc<\/h2>\t\t\t\t<\/div>\n\t\t\t\t<\/div>\n\t\t<div class=\"elementor-element elementor-element-350d408 e-con-full e-flex e-con e-child\" data-id=\"350d408\" data-element_type=\"container\">\n\t\t\t\t<div class=\"elementor-element elementor-element-cdf5d64 elementor-widget elementor-widget-text-editor\" data-id=\"cdf5d64\" data-element_type=\"widget\" data-widget_type=\"text-editor.default\">\n\t\t\t\t\t\t\t\t\t<p>Ha a pihen\u00e9s alatt nem szeretn\u00e9l f\u0151z\u00e9ssel bajl\u00f3dni, a\u00a0<strong>Berek Men\u00fc<\/strong>\u00a0h\u00e1zias eb\u00e9dk\u00edn\u00e1lata a legjobb megold\u00e1s.<br \/>Helyi partner\u00fcnk mindennap\u00a0<strong>frissen k\u00e9sz\u00edtett, v\u00e1ltozatos men\u00fcket<\/strong>\u00a0sz\u00e1ll\u00edt\u00a0<strong>k\u00f6zvetlen\u00fcl a sz\u00e1ll\u00e1sodra<\/strong>, \u00edgy gondtalanul \u00e9lvezheted a t\u00f3parti nyugalmat \u00e9s a horg\u00e1szat \u00e9lm\u00e9ny\u00e9t.<\/p><p>Az aktu\u00e1lis men\u00fcr\u0151l a <a href=\"https:\/\/www.facebook.com\/berekmenu\/?locale=hu_HU\"><strong>Berek Men\u00fc Facebook-oldal\u00e1n<\/strong><\/a>\u00a0t\u00e1j\u00e9koz\u00f3dhatsz.<br \/>Rendel\u00e9sed k\u00e9nyelmesen leadhatod\u00a0<strong>a helysz\u00ednen, \u00e9rkez\u00e9skor<\/strong>\u00a0\u2013 mi pedig seg\u00edt\u00fcnk, hogy az eb\u00e9d kisz\u00e1ll\u00edt\u00e1sa z\u00f6kken\u0151mentesen t\u00f6rt\u00e9njen, \u00e9s te val\u00f3ban a pihen\u00e9sre koncentr\u00e1lhass.<\/p>\t\t\t\t\t\t\t\t<\/div>\n\t\t\t\t<\/div>\n\t\t\t\t<\/div>\n\t\t<div class=\"elementor-element elementor-element-e96ee36 e-con-full e-flex e-con e-child\" data-id=\"e96ee36\" data-element_type=\"container\">\n\t\t<div class=\"elementor-element elementor-element-841693f e-con-full e-flex e-con e-child\" data-id=\"841693f\" data-element_type=\"container\">\n\t\t\t\t<div class=\"elementor-element elementor-element-7dad402 elementor-widget elementor-widget-heading\" data-id=\"7dad402\" data-element_type=\"widget\" data-widget_type=\"heading.default\">\n\t\t\t\t\t<h2 class=\"elementor-heading-title elementor-size-default\">Ell\u00e1t\u00e1s helyben \u00e9s a k\u00f6rny\u00e9ken<\/h2>\t\t\t\t<\/div>\n\t\t\t\t<\/div>\n\t\t<div class=\"elementor-element elementor-element-f1a7916 e-con-full e-flex e-con e-child\" data-id=\"f1a7916\" data-element_type=\"container\">\n\t\t\t\t<div class=\"elementor-element elementor-element-ff39326 elementor-widget elementor-widget-text-editor\" data-id=\"ff39326\" data-element_type=\"widget\" data-widget_type=\"text-editor.default\">\n\t\t\t\t\t\t\t\t\t<p>N\u00e1lunk nem kell messzire menned a reggeli\u00e9rt sem!<br \/><strong>Mobil p\u00e9ks\u00e9g<\/strong>\u00a0\u00e9rkezik a horg\u00e1szparkba minden kedden, cs\u00fct\u00f6rt\u00f6k\u00f6n \u00e9s szombaton \u2013 friss p\u00e9k\u00e1ruval, croissant-nal \u00e9s keny\u00e9rrel.<br \/>A recepci\u00f3n \u00fczemel\u0151\u00a0<strong>italboltban<\/strong>\u00a0\u00fcd\u00edt\u0151k, s\u00f6r\u00f6k, borok \u00e9s r\u00f6viditalok is el\u00e9rhet\u0151k, valamint aj\u00e1nd\u00e9kt\u00e1rgyak, szuven\u00edrek a horg\u00e1szat szerelmeseinek.<\/p><p>A k\u00f6zelben (500 m\u00e9teren bel\u00fcl) H\u00f6vejen\u00a0<strong>\u00e9lelmiszerbolt<\/strong>, m\u00edg\u00a0<strong>Kapuv\u00e1ron<\/strong>\u00a0(6 km)\u00a0<strong>Spar, Lidl, Penny<\/strong>\u00a0\u00e9s t\u00f6bb p\u00e9ks\u00e9g, z\u00f6lds\u00e9ges is tal\u00e1lhat\u00f3.<\/p>\t\t\t\t\t\t\t\t<\/div>\n\t\t\t\t<\/div>\n\t\t\t\t<\/div>\n\t\t<div class=\"elementor-element elementor-element-6f52701 e-con-full e-flex e-con e-child\" data-id=\"6f52701\" data-element_type=\"container\">\n\t\t<div class=\"elementor-element elementor-element-92ef96c e-con-full e-flex e-con e-child\" data-id=\"92ef96c\" data-element_type=\"container\">\n\t\t\t\t<div class=\"elementor-element elementor-element-ec674e2 elementor-widget elementor-widget-heading\" data-id=\"ec674e2\" data-element_type=\"widget\" data-widget_type=\"heading.default\">\n\t\t\t\t\t<h2 class=\"elementor-heading-title elementor-size-default\">K\u00e1v\u00e9t se hozz magaddal \u2013 mi erre is gondoltunk<\/h2>\t\t\t\t<\/div>\n\t\t\t\t<\/div>\n\t\t<div class=\"elementor-element elementor-element-d34c4f7 e-con-full e-flex e-con e-child\" data-id=\"d34c4f7\" data-element_type=\"container\">\n\t\t\t\t<div class=\"elementor-element elementor-element-02b6eca elementor-widget elementor-widget-text-editor\" data-id=\"02b6eca\" data-element_type=\"widget\" data-widget_type=\"text-editor.default\">\n\t\t\t\t\t\t\t\t\t<p>A napind\u00edt\u00f3 k\u00e1v\u00e9r\u00f3l sem kell lemondanod! Minden sz\u00e1ll\u00e1shely\u00fcnk\u00f6n\u00a0<strong>Tchibo kapszul\u00e1s k\u00e1v\u00e9f\u0151z\u0151<\/strong>\u00a0v\u00e1r, hogy a reggelek is igaz\u00e1n kellemesen induljanak.<br \/>A recepci\u00f3n k\u00fcl\u00f6nb\u00f6z\u0151\u00a0<strong>\u00edzes\u00edt\u00e9s\u0171 \u00e9s intenzit\u00e1s\u00fa Tchibo kapszul\u00e1k<\/strong>\u00a0k\u00f6z\u00fcl v\u00e1logathatsz \u2013 \u00edgy mindenki megtal\u00e1lja a saj\u00e1t kedvenc\u00e9t, legyen sz\u00f3 l\u00e1gy, arom\u00e1s vagy er\u0151teljes eszpressz\u00f3r\u00f3l<\/p>\t\t\t\t\t\t\t\t<\/div>\n\t\t\t\t<\/div>\n\t\t\t\t<\/div>\n\t\t<div class=\"elementor-element elementor-element-1f729d7 e-con-full e-flex e-con e-child\" data-id=\"1f729d7\" data-element_type=\"container\">\n\t\t<div class=\"elementor-element elementor-element-9100fbb e-con-full e-flex e-con e-child\" data-id=\"9100fbb\" data-element_type=\"container\">\n\t\t\t\t<div class=\"elementor-element elementor-element-b0dff78 elementor-widget elementor-widget-heading\" data-id=\"b0dff78\" data-element_type=\"widget\" data-widget_type=\"heading.default\">\n\t\t\t\t\t<h2 class=\"elementor-heading-title elementor-size-default\"> Grillez\u00e9s \u00e9s bogr\u00e1csoz\u00e1s<\/h2>\t\t\t\t<\/div>\n\t\t\t\t<\/div>\n\t\t<div class=\"elementor-element elementor-element-7fb7070 e-con-full e-flex e-con e-child\" data-id=\"7fb7070\" data-element_type=\"container\">\n\t\t\t\t<div class=\"elementor-element elementor-element-6ddc56d elementor-widget elementor-widget-text-editor\" data-id=\"6ddc56d\" data-element_type=\"widget\" data-widget_type=\"text-editor.default\">\n\t\t\t\t\t\t\t\t\t<div><p>A t\u00f3parton minden horg\u00e1szhelyn\u00e9l lehet\u0151s\u00e9g van<span class=\"apple-converted-space\">\u00a0<\/span><strong>grillez\u00e9sre<\/strong><span class=\"apple-converted-space\">\u00a0<\/span>\u00e9s<span class=\"apple-converted-space\">\u00a0<\/span><strong>bogr\u00e1csoz\u00e1sra<\/strong>, \u00edgy az \u00e9lm\u00e9ny nemcsak a v\u00edzparton, hanem a t\u00e1ny\u00e9ron is folytat\u00f3dik.<br \/><strong>Grillt\u00e1lca<\/strong>,<span class=\"apple-converted-space\">\u00a0<\/span><strong>fasz\u00e9n<\/strong><span class=\"apple-converted-space\">\u00a0<\/span>\u00e9s<span class=\"apple-converted-space\">\u00a0<\/span><strong>t\u0171zifa<\/strong><span class=\"apple-converted-space\">\u00a0<\/span>a recepci\u00f3n megv\u00e1s\u00e1rolhat\u00f3,<span class=\"apple-converted-space\">\u00a0<\/span><strong>bogr\u00e1cs<\/strong><span class=\"apple-converted-space\">\u00a0<\/span>pedig t\u00e9r\u00edt\u00e9smentesen k\u00e9rhet\u0151.<br \/>A k\u00f6z\u00f6s fedett helyis\u00e9gben \u2013 amit vend\u00e9geink csak \u201ed\u00fch\u00f6ng\u0151nek\u201d h\u00edvnak \u2013 k\u00e9nyelmesen f\u0151zhettek, \u00e9tkezhettek vagy ak\u00e1r csak besz\u00e9lgethettek egy j\u00f3 k\u00e1v\u00e9 mellett.<\/p><\/div>\t\t\t\t\t\t\t\t<\/div>\n\t\t\t\t<\/div>\n\t\t\t\t<\/div>\n\t\t\t\t<\/div>\n\t\t\t\t\t<\/div>\n\t\t\t\t<\/div>\n\t\t<div class=\"elementor-element elementor-element-69b582b e-flex e-con-boxed e-con e-parent\" data-id=\"69b582b\" data-element_type=\"container\">\n\t\t\t\t\t<div class=\"e-con-inner\">\n\t\t\t\t\t<\/div>\n\t\t\t\t<\/div>\n\t\t\t\t<\/div>","protected":false},"excerpt":{"rendered":"<p>Szolg\u00e1ltat\u00e1sok Berek Men\u00fc Ha a pihen\u00e9s alatt nem szeretn\u00e9l f\u0151z\u00e9ssel bajl\u00f3dni, a\u00a0Berek Men\u00fc\u00a0h\u00e1zias eb\u00e9dk\u00edn\u00e1lata a legjobb megold\u00e1s.Helyi partner\u00fcnk mindennap\u00a0frissen k\u00e9sz\u00edtett, v\u00e1ltozatos men\u00fcket\u00a0sz\u00e1ll\u00edt\u00a0k\u00f6zvetlen\u00fcl a sz\u00e1ll\u00e1sodra, \u00edgy gondtalanul \u00e9lvezheted a t\u00f3parti nyugalmat \u00e9s a horg\u00e1szat \u00e9lm\u00e9ny\u00e9t. Az aktu\u00e1lis men\u00fcr\u0151l a Berek Men\u00fc Facebook-oldal\u00e1n\u00a0t\u00e1j\u00e9koz\u00f3dhatsz.Rendel\u00e9sed k\u00e9nyelmesen leadhatod\u00a0a helysz\u00ednen, \u00e9rkez\u00e9skor\u00a0\u2013 mi pedig seg\u00edt\u00fcnk, hogy az eb\u00e9d kisz\u00e1ll\u00edt\u00e1sa z\u00f6kken\u0151mentesen t\u00f6rt\u00e9njen, \u00e9s [&hellip;]<\/p>","protected":false},"author":1,"featured_media":0,"parent":18,"menu_order":0,"comment_status":"closed","ping_status":"closed","template":"","meta":{"footnotes":""},"class_list":["post-352","page","type-page","status-publish","hentry"],"_links":{"self":[{"href":"https:\/\/berek.finegroup.hu\/de\/wp-json\/wp\/v2\/pages\/352","targetHints":{"allow":["GET"]}}],"collection":[{"href":"https:\/\/berek.finegroup.hu\/de\/wp-json\/wp\/v2\/pages"}],"about":[{"href":"https:\/\/berek.finegroup.hu\/de\/wp-json\/wp\/v2\/types\/page"}],"author":[{"embeddable":true,"href":"https:\/\/berek.finegroup.hu\/de\/wp-json\/wp\/v2\/users\/1"}],"replies":[{"embeddable":true,"href":"https:\/\/berek.finegroup.hu\/de\/wp-json\/wp\/v2\/comments?post=352"}],"version-history":[{"count":31,"href":"https:\/\/berek.finegroup.hu\/de\/wp-json\/wp\/v2\/pages\/352\/revisions"}],"predecessor-version":[{"id":1784,"href":"https:\/\/berek.finegroup.hu\/de\/wp-json\/wp\/v2\/pages\/352\/revisions\/1784"}],"up":[{"embeddable":true,"href":"https:\/\/berek.finegroup.hu\/de\/wp-json\/wp\/v2\/pages\/18"}],"wp:attachment":[{"href":"https:\/\/berek.finegroup.hu\/de\/wp-json\/wp\/v2\/media?parent=352"}],"curies":[{"name":"wp","href":"https:\/\/api.w.org\/{rel}","templated":true}]}}