{"id":350,"date":"2025-10-15T07:04:21","date_gmt":"2025-10-15T05:04:21","guid":{"rendered":"https:\/\/berek.finegroup.hu\/?page_id=350"},"modified":"2026-01-05T14:02:49","modified_gmt":"2026-01-05T13:02:49","slug":"ettermek-a-kozelben","status":"publish","type":"page","link":"https:\/\/berek.finegroup.hu\/de\/szolgaltatasok\/ettermek-a-kozelben\/","title":{"rendered":"\u00c9ttermek a k\u00f6zelben"},"content":{"rendered":"<div data-elementor-type=\"wp-page\" data-elementor-id=\"350\" class=\"elementor elementor-350\" data-elementor-post-type=\"page\">\n\t\t\t\t<div class=\"elementor-element elementor-element-665ea61 e-flex e-con-boxed e-con e-parent\" data-id=\"665ea61\" data-element_type=\"container\" data-settings=\"{&quot;background_background&quot;:&quot;classic&quot;}\">\n\t\t\t\t\t<div class=\"e-con-inner\">\n\t\t\t\t<div class=\"elementor-element elementor-element-a2deded elementor-widget elementor-widget-heading\" data-id=\"a2deded\" data-element_type=\"widget\" data-widget_type=\"heading.default\">\n\t\t\t\t\t<p class=\"elementor-heading-title elementor-size-default\">Szolg\u00e1ltat\u00e1sok<\/p>\t\t\t\t<\/div>\n\t\t\t\t\t<\/div>\n\t\t\t\t<\/div>\n\t\t<div class=\"elementor-element elementor-element-80c8346 e-flex e-con-boxed e-con e-parent\" data-id=\"80c8346\" data-element_type=\"container\">\n\t\t\t\t\t<div class=\"e-con-inner\">\n\t\t\t\t<div class=\"elementor-element elementor-element-799fcdc elementor-widget elementor-widget-heading\" data-id=\"799fcdc\" data-element_type=\"widget\" data-widget_type=\"heading.default\">\n\t\t\t\t\t<h1 class=\"elementor-heading-title elementor-size-default\">\u00c9ttermek a k\u00f6zelben<\/h1>\t\t\t\t<\/div>\n\t\t<div class=\"elementor-element elementor-element-df7ee64 e-con-full e-flex e-con e-child\" data-id=\"df7ee64\" data-element_type=\"container\">\n\t\t<div class=\"elementor-element elementor-element-016597a e-con-full e-flex e-con e-child\" data-id=\"016597a\" data-element_type=\"container\">\n\t\t<div class=\"elementor-element elementor-element-d265910 e-con-full e-flex e-con e-child\" data-id=\"d265910\" data-element_type=\"container\">\n\t\t\t\t<div class=\"elementor-element elementor-element-f324924 elementor-widget elementor-widget-heading\" data-id=\"f324924\" data-element_type=\"widget\" data-widget_type=\"heading.default\">\n\t\t\t\t\t<h2 class=\"elementor-heading-title elementor-size-default\">Garta \u00c9tterem<\/h2>\t\t\t\t<\/div>\n\t\t\t\t<div class=\"elementor-element elementor-element-c5d6b1c elementor-hidden-tablet_extra elementor-hidden-tablet elementor-hidden-mobile_extra elementor-hidden-mobile elementor-widget elementor-widget-button\" data-id=\"c5d6b1c\" data-element_type=\"widget\" data-widget_type=\"button.default\">\n\t\t\t\t\t\t\t\t\t\t<a class=\"elementor-button elementor-button-link elementor-size-sm\" href=\"https:\/\/www.gartavendeglo.hu\/hu\" target=\"_blank\">\n\t\t\t\t\t\t<span class=\"elementor-button-content-wrapper\">\n\t\t\t\t\t\t\t\t\t<span class=\"elementor-button-text\">Tov\u00e1bb<\/span>\n\t\t\t\t\t<\/span>\n\t\t\t\t\t<\/a>\n\t\t\t\t\t\t\t\t<\/div>\n\t\t\t\t<\/div>\n\t\t<div class=\"elementor-element elementor-element-c818c1f e-con-full e-flex e-con e-child\" data-id=\"c818c1f\" data-element_type=\"container\">\n\t\t\t\t<div class=\"elementor-element elementor-element-c85fcd8 elementor-widget elementor-widget-text-editor\" data-id=\"c85fcd8\" data-element_type=\"widget\" data-widget_type=\"text-editor.default\">\n\t\t\t\t\t\t\t\t\t<p>H\u00e1zias \u00edzekkel \u00e9s bar\u00e1ts\u00e1gos kisv\u00e1rosi hangulattal v\u00e1rja vend\u00e9geit. A csal\u00e1dias \u00e9tterem hagyom\u00e1nyos magyar \u00e9teleket k\u00edn\u00e1l modern t\u00e1lal\u00e1ssal, kiv\u00e1l\u00f3 \u00e1r-\u00e9rt\u00e9k ar\u00e1ny mellett.<br \/><b>Minimum rendel\u00e9s<\/b><strong>:<\/strong> 10.000 Ft<br \/><b>Kisz\u00e1ll\u00edt\u00e1si d\u00edj:<\/b> 1500 Ft<br \/><b>C\u00edm: <\/b>Kapuv\u00e1r, R\u00e1k\u00f3czi Ferenc utca 32.<br \/><b>Telefon<\/b><strong>:<\/strong> 06 96 \/ 242 555<\/p>\t\t\t\t\t\t\t\t<\/div>\n\t\t\t\t<div class=\"elementor-element elementor-element-2cb12e5 elementor-hidden-widescreen elementor-hidden-desktop elementor-hidden-laptop elementor-widget elementor-widget-button\" data-id=\"2cb12e5\" data-element_type=\"widget\" data-widget_type=\"button.default\">\n\t\t\t\t\t\t\t\t\t\t<a class=\"elementor-button elementor-button-link elementor-size-sm\" href=\"https:\/\/www.gartavendeglo.hu\/hu\" target=\"_blank\">\n\t\t\t\t\t\t<span class=\"elementor-button-content-wrapper\">\n\t\t\t\t\t\t\t\t\t<span class=\"elementor-button-text\">Tov\u00e1bb<\/span>\n\t\t\t\t\t<\/span>\n\t\t\t\t\t<\/a>\n\t\t\t\t\t\t\t\t<\/div>\n\t\t\t\t<\/div>\n\t\t\t\t<\/div>\n\t\t<div class=\"elementor-element elementor-element-a967869 e-con-full e-flex e-con e-child\" data-id=\"a967869\" data-element_type=\"container\">\n\t\t<div class=\"elementor-element elementor-element-18a4408 e-con-full e-flex e-con e-child\" data-id=\"18a4408\" data-element_type=\"container\">\n\t\t\t\t<div class=\"elementor-element elementor-element-edb0bab elementor-widget elementor-widget-heading\" data-id=\"edb0bab\" data-element_type=\"widget\" data-widget_type=\"heading.default\">\n\t\t\t\t\t<h2 class=\"elementor-heading-title elementor-size-default\">Kant\u00e1r Fogad\u00f3<\/h2>\t\t\t\t<\/div>\n\t\t\t\t<div class=\"elementor-element elementor-element-bc02d24 elementor-hidden-tablet_extra elementor-hidden-tablet elementor-hidden-mobile_extra elementor-hidden-mobile elementor-widget elementor-widget-button\" data-id=\"bc02d24\" data-element_type=\"widget\" data-widget_type=\"button.default\">\n\t\t\t\t\t\t\t\t\t\t<a class=\"elementor-button elementor-button-link elementor-size-sm\" href=\"http:\/\/www.kantarfogado.hu\/\" target=\"_blank\">\n\t\t\t\t\t\t<span class=\"elementor-button-content-wrapper\">\n\t\t\t\t\t\t\t\t\t<span class=\"elementor-button-text\">Tov\u00e1bb<\/span>\n\t\t\t\t\t<\/span>\n\t\t\t\t\t<\/a>\n\t\t\t\t\t\t\t\t<\/div>\n\t\t\t\t<\/div>\n\t\t<div class=\"elementor-element elementor-element-2ca6fac e-con-full e-flex e-con e-child\" data-id=\"2ca6fac\" data-element_type=\"container\">\n\t\t\t\t<div class=\"elementor-element elementor-element-5f8c04d elementor-widget elementor-widget-text-editor\" data-id=\"5f8c04d\" data-element_type=\"widget\" data-widget_type=\"text-editor.default\">\n\t\t\t\t\t\t\t\t\t<p>H\u00e1zias magyar fog\u00e1sokkal \u00e9s\u00a0 kemenc\u00e9ben s\u00fclt pizz\u00e1val , b\u0151s\u00e9ges adagokkal \u00e9s bar\u00e1ts\u00e1gos vend\u00e9gl\u00e1t\u00e1ssal v\u00e1rja vend\u00e9geit.\u00a0 Rendelj h\u00e1zhoz vagy v\u00e1runk eleg\u00e1ns \u00e9tterm\u00fcnkben.<br \/><b>Sz\u00e1ll\u00edt\u00e1si d\u00edj<\/b><strong>:<\/strong> 500Ft<br \/><b>C\u00edm<\/b><strong>:<\/strong> Vitny\u00e9d, D\u00f3zsa Gy\u00f6rgy u. 2.<br \/><b>Telefon<\/b><strong>:<\/strong> 06 96 \/ 244\u00a0465<\/p>\t\t\t\t\t\t\t\t<\/div>\n\t\t\t\t<div class=\"elementor-element elementor-element-ee6aa13 elementor-hidden-widescreen elementor-hidden-desktop elementor-hidden-laptop elementor-widget elementor-widget-button\" data-id=\"ee6aa13\" data-element_type=\"widget\" data-widget_type=\"button.default\">\n\t\t\t\t\t\t\t\t\t\t<a class=\"elementor-button elementor-button-link elementor-size-sm\" href=\"http:\/\/www.kantarfogado.hu\/\" target=\"_blank\">\n\t\t\t\t\t\t<span class=\"elementor-button-content-wrapper\">\n\t\t\t\t\t\t\t\t\t<span class=\"elementor-button-text\">Tov\u00e1bb<\/span>\n\t\t\t\t\t<\/span>\n\t\t\t\t\t<\/a>\n\t\t\t\t\t\t\t\t<\/div>\n\t\t\t\t<\/div>\n\t\t\t\t<\/div>\n\t\t<div class=\"elementor-element elementor-element-fcc46d1 e-con-full e-flex e-con e-child\" data-id=\"fcc46d1\" data-element_type=\"container\">\n\t\t<div class=\"elementor-element elementor-element-36c3b0a e-con-full e-flex e-con e-child\" data-id=\"36c3b0a\" data-element_type=\"container\">\n\t\t\t\t<div class=\"elementor-element elementor-element-c554462 elementor-widget elementor-widget-heading\" data-id=\"c554462\" data-element_type=\"widget\" data-widget_type=\"heading.default\">\n\t\t\t\t\t<h2 class=\"elementor-heading-title elementor-size-default\">Holiday \u00c9telb\u00e1r<\/h2>\t\t\t\t<\/div>\n\t\t\t\t<div class=\"elementor-element elementor-element-3e04cf1 elementor-hidden-tablet_extra elementor-hidden-tablet elementor-hidden-mobile_extra elementor-hidden-mobile elementor-widget elementor-widget-button\" data-id=\"3e04cf1\" data-element_type=\"widget\" data-widget_type=\"button.default\">\n\t\t\t\t\t\t\t\t\t\t<a class=\"elementor-button elementor-button-link elementor-size-sm\" href=\"https:\/\/holidaypalacsintazo.hu\/\" target=\"_blank\">\n\t\t\t\t\t\t<span class=\"elementor-button-content-wrapper\">\n\t\t\t\t\t\t\t\t\t<span class=\"elementor-button-text\">Tov\u00e1bb<\/span>\n\t\t\t\t\t<\/span>\n\t\t\t\t\t<\/a>\n\t\t\t\t\t\t\t\t<\/div>\n\t\t\t\t<\/div>\n\t\t<div class=\"elementor-element elementor-element-8636776 e-con-full e-flex e-con e-child\" data-id=\"8636776\" data-element_type=\"container\">\n\t\t\t\t<div class=\"elementor-element elementor-element-be1a00c elementor-widget elementor-widget-text-editor\" data-id=\"be1a00c\" data-element_type=\"widget\" data-widget_type=\"text-editor.default\">\n\t\t\t\t\t\t\t\t\t<p>H\u00e1zias jelleg\u0171 frissens\u00fcltek, <b>streetfood<\/b>-ok, palacsint\u00e1k. <br \/><b>Minimum rendel\u00e9s<\/b>: 8 000 Ft<br \/><b>Sz\u00e1ll\u00edt\u00e1si d\u00edj<\/b>: 1 200 Ft.<br \/><b>C\u00edm<\/b>: Kapuv\u00e1r, Esterh\u00e1zy P\u00e1l s\u00e9t\u00e1ny 2.<br \/><b>Telefon<\/b>: 06 30 \/ 937 0037<\/p>\t\t\t\t\t\t\t\t<\/div>\n\t\t\t\t<div class=\"elementor-element elementor-element-67277b8 elementor-hidden-widescreen elementor-hidden-desktop elementor-hidden-laptop elementor-widget elementor-widget-button\" data-id=\"67277b8\" data-element_type=\"widget\" data-widget_type=\"button.default\">\n\t\t\t\t\t\t\t\t\t\t<a class=\"elementor-button elementor-button-link elementor-size-sm\" href=\"https:\/\/holidaypalacsintazo.hu\/\" target=\"_blank\">\n\t\t\t\t\t\t<span class=\"elementor-button-content-wrapper\">\n\t\t\t\t\t\t\t\t\t<span class=\"elementor-button-text\">Tov\u00e1bb<\/span>\n\t\t\t\t\t<\/span>\n\t\t\t\t\t<\/a>\n\t\t\t\t\t\t\t\t<\/div>\n\t\t\t\t<\/div>\n\t\t\t\t<\/div>\n\t\t<div class=\"elementor-element elementor-element-89be0e9 e-con-full e-flex e-con e-child\" data-id=\"89be0e9\" data-element_type=\"container\">\n\t\t<div class=\"elementor-element elementor-element-9073498 e-con-full e-flex e-con e-child\" data-id=\"9073498\" data-element_type=\"container\">\n\t\t\t\t<div class=\"elementor-element elementor-element-e185f4e elementor-widget elementor-widget-heading\" data-id=\"e185f4e\" data-element_type=\"widget\" data-widget_type=\"heading.default\">\n\t\t\t\t\t<h2 class=\"elementor-heading-title elementor-size-default\">Kiss Pizz\u00e9ria<\/h2>\t\t\t\t<\/div>\n\t\t\t\t<div class=\"elementor-element elementor-element-9232247 elementor-hidden-tablet_extra elementor-hidden-tablet elementor-hidden-mobile_extra elementor-hidden-mobile elementor-widget elementor-widget-button\" data-id=\"9232247\" data-element_type=\"widget\" data-widget_type=\"button.default\">\n\t\t\t\t\t\t\t\t\t\t<a class=\"elementor-button elementor-button-link elementor-size-sm\" href=\"https:\/\/kisspizzeria.hu\/\" target=\"_blank\">\n\t\t\t\t\t\t<span class=\"elementor-button-content-wrapper\">\n\t\t\t\t\t\t\t\t\t<span class=\"elementor-button-text\">Tov\u00e1bb<\/span>\n\t\t\t\t\t<\/span>\n\t\t\t\t\t<\/a>\n\t\t\t\t\t\t\t\t<\/div>\n\t\t\t\t<\/div>\n\t\t<div class=\"elementor-element elementor-element-2609592 e-con-full e-flex e-con e-child\" data-id=\"2609592\" data-element_type=\"container\">\n\t\t\t\t<div class=\"elementor-element elementor-element-f13e924 elementor-widget elementor-widget-text-editor\" data-id=\"f13e924\" data-element_type=\"widget\" data-widget_type=\"text-editor.default\">\n\t\t\t\t\t\t\t\t\t<p>K\u00fcl\u00f6nleges grill\u00e9telek, <b>kemenc\u00e9ben s\u00fclt <\/b>pizz\u00e1k \u00e9s \u00e9tel k\u00fcl\u00f6nlegess\u00e9gek.<br \/><b>Sz\u00e1ll\u00edt\u00e1si d\u00edj<\/b>: 1 000 Ft.<br \/><b>C\u00edm<\/b>: Kapuv\u00e1r, R\u00e1k\u00f3czi Ferenc u. 8.<br \/><b>Telefon:<\/b> 06 96 \/ 240\u00a0269<\/p>\t\t\t\t\t\t\t\t<\/div>\n\t\t\t\t<div class=\"elementor-element elementor-element-7aa9d7d elementor-hidden-widescreen elementor-hidden-desktop elementor-hidden-laptop elementor-widget elementor-widget-button\" data-id=\"7aa9d7d\" data-element_type=\"widget\" data-widget_type=\"button.default\">\n\t\t\t\t\t\t\t\t\t\t<a class=\"elementor-button elementor-button-link elementor-size-sm\" href=\"https:\/\/kisspizzeria.hu\/\" target=\"_blank\">\n\t\t\t\t\t\t<span class=\"elementor-button-content-wrapper\">\n\t\t\t\t\t\t\t\t\t<span class=\"elementor-button-text\">Tov\u00e1bb<\/span>\n\t\t\t\t\t<\/span>\n\t\t\t\t\t<\/a>\n\t\t\t\t\t\t\t\t<\/div>\n\t\t\t\t<\/div>\n\t\t\t\t<\/div>\n\t\t<div class=\"elementor-element elementor-element-907b25a e-con-full e-flex e-con e-child\" data-id=\"907b25a\" data-element_type=\"container\">\n\t\t<div class=\"elementor-element elementor-element-1fca61c e-con-full e-flex e-con e-child\" data-id=\"1fca61c\" data-element_type=\"container\">\n\t\t\t\t<div class=\"elementor-element elementor-element-a23fa48 elementor-widget elementor-widget-heading\" data-id=\"a23fa48\" data-element_type=\"widget\" data-widget_type=\"heading.default\">\n\t\t\t\t\t<h2 class=\"elementor-heading-title elementor-size-default\">Facsiga B\u00fcf\u00e9 <\/h2>\t\t\t\t<\/div>\n\t\t\t\t<div class=\"elementor-element elementor-element-a59ebc1 elementor-hidden-tablet_extra elementor-hidden-tablet elementor-hidden-mobile_extra elementor-hidden-mobile elementor-widget elementor-widget-button\" data-id=\"a59ebc1\" data-element_type=\"widget\" data-widget_type=\"button.default\">\n\t\t\t\t\t\t\t\t\t\t<a class=\"elementor-button elementor-button-link elementor-size-sm\" href=\"https:\/\/facsiga-bufe.eatbu.com\/?lang=hu\" target=\"_blank\">\n\t\t\t\t\t\t<span class=\"elementor-button-content-wrapper\">\n\t\t\t\t\t\t\t\t\t<span class=\"elementor-button-text\">Tov\u00e1bb<\/span>\n\t\t\t\t\t<\/span>\n\t\t\t\t\t<\/a>\n\t\t\t\t\t\t\t\t<\/div>\n\t\t\t\t<\/div>\n\t\t<div class=\"elementor-element elementor-element-327297f e-con-full e-flex e-con e-child\" data-id=\"327297f\" data-element_type=\"container\">\n\t\t\t\t<div class=\"elementor-element elementor-element-45d3879 elementor-widget elementor-widget-text-editor\" data-id=\"45d3879\" data-element_type=\"widget\" data-widget_type=\"text-editor.default\">\n\t\t\t\t\t\t\t\t\t<p>Friss, gyors\u00e9telekkel, \u00edzletes hamburgerrel, gyrosszal \u00e9s l\u00e1ngossal v\u00e1rja vend\u00e9geit. K\u00e9nyeztesse mag\u00e1t k\u00e1pr\u00e1zatos fog\u00e1sainkkal \u00e9s friss\u00edt\u0151 italaink sz\u00e9les v\u00e1laszt\u00e9k\u00e1val bar\u00e1ts\u00e1gos k\u00f6rnyezetben<br \/><b>Minimum rendel\u00e9s<\/b>: 8 000 Ft<br \/><b>Sz\u00e1ll\u00edt\u00e1si d\u00edj<\/b>: 1 200 Ft. <br \/><b>C\u00edm:<\/b> Vitny\u00e9d, F\u0151 u. 1,(Pannonia \u00fczleth\u00e1z)<br \/><b>Telefon:<\/b> 06 20 \/ 534 8001<\/p>\t\t\t\t\t\t\t\t<\/div>\n\t\t\t\t<div class=\"elementor-element elementor-element-8dc9338 elementor-hidden-widescreen elementor-hidden-desktop elementor-hidden-laptop elementor-widget elementor-widget-button\" data-id=\"8dc9338\" data-element_type=\"widget\" data-widget_type=\"button.default\">\n\t\t\t\t\t\t\t\t\t\t<a class=\"elementor-button elementor-button-link elementor-size-sm\" href=\"https:\/\/www.facebook.com\/facsigabufe\/\" target=\"_blank\">\n\t\t\t\t\t\t<span class=\"elementor-button-content-wrapper\">\n\t\t\t\t\t\t\t\t\t<span class=\"elementor-button-text\">Tov\u00e1bb<\/span>\n\t\t\t\t\t<\/span>\n\t\t\t\t\t<\/a>\n\t\t\t\t\t\t\t\t<\/div>\n\t\t\t\t<\/div>\n\t\t\t\t<\/div>\n\t\t<div class=\"elementor-element elementor-element-9e08822 e-con-full e-flex e-con e-child\" data-id=\"9e08822\" data-element_type=\"container\">\n\t\t<div class=\"elementor-element elementor-element-72f79d3 e-con-full e-flex e-con e-child\" data-id=\"72f79d3\" data-element_type=\"container\">\n\t\t\t\t<div class=\"elementor-element elementor-element-da1cb66 elementor-widget elementor-widget-heading\" data-id=\"da1cb66\" data-element_type=\"widget\" data-widget_type=\"heading.default\">\n\t\t\t\t\t<h2 class=\"elementor-heading-title elementor-size-default\">Szilvi Cake Tortam\u0171hely<\/h2>\t\t\t\t<\/div>\n\t\t\t\t<div class=\"elementor-element elementor-element-dbd2c0e elementor-hidden-tablet_extra elementor-hidden-tablet elementor-hidden-mobile_extra elementor-hidden-mobile elementor-widget elementor-widget-button\" data-id=\"dbd2c0e\" data-element_type=\"widget\" data-widget_type=\"button.default\">\n\t\t\t\t\t\t\t\t\t\t<a class=\"elementor-button elementor-button-link elementor-size-sm\" href=\"https:\/\/www.facebook.com\/p\/Szilvi-Cake-Tortam%C5%B1hely-61561382471046\/\" target=\"_blank\">\n\t\t\t\t\t\t<span class=\"elementor-button-content-wrapper\">\n\t\t\t\t\t\t\t\t\t<span class=\"elementor-button-text\">Tov\u00e1bb<\/span>\n\t\t\t\t\t<\/span>\n\t\t\t\t\t<\/a>\n\t\t\t\t\t\t\t\t<\/div>\n\t\t\t\t<\/div>\n\t\t<div class=\"elementor-element elementor-element-1e5b583 e-con-full e-flex e-con e-child\" data-id=\"1e5b583\" data-element_type=\"container\">\n\t\t\t\t<div class=\"elementor-element elementor-element-c783460 elementor-widget elementor-widget-text-editor\" data-id=\"c783460\" data-element_type=\"widget\" data-widget_type=\"text-editor.default\">\n\t\t\t\t\t\t\t\t\t<p>Cukr\u00e1szd\u00e1nkban frissen k\u00e9sz\u00fclt tort\u00e1k, valamint \u00e9des \u00e9s s\u00f3s apr\u00f3s\u00fctem\u00e9nyek sz\u00e9les v\u00e1laszt\u00e9k\u00e1val v\u00e1rja vend\u00e9geit. Alkalmakra egyedi tortarendel\u00e9sre is van lehet\u0151s\u00e9g. Term\u00e9keik elvitelre v\u00e1s\u00e1rolhat\u00f3k, helyben fogyaszt\u00e1sra nincs lehet\u0151s\u00e9g.\u00a0<\/p><p><b>C\u00edm<\/b>:\u00a0<span data-ogsc=\"rgb(8, 8, 9)\" data-ogsb=\"white\">9361,\u00a0<\/span><span data-ogsc=\"rgb(8, 8, 9)\" data-ogsb=\"white\">H\u00f6vej, Ibolya utca 3.\u00a0<\/span><\/p><p><span data-ogsc=\"rgb(8, 8, 9)\" data-ogsb=\"white\"><b data-ogsc=\"\">Telefon<\/b>:\u00a0<\/span><span data-ogsc=\"rgb(8, 8, 9)\" data-ogsb=\"white\">+36-20\/995-7808<\/span><\/p>\t\t\t\t\t\t\t\t<\/div>\n\t\t\t\t<div class=\"elementor-element elementor-element-2b81f1e elementor-hidden-widescreen elementor-hidden-desktop elementor-hidden-laptop elementor-widget elementor-widget-button\" data-id=\"2b81f1e\" data-element_type=\"widget\" data-widget_type=\"button.default\">\n\t\t\t\t\t\t\t\t\t\t<a class=\"elementor-button elementor-button-link elementor-size-sm\" href=\"https:\/\/www.facebook.com\/p\/Szilvi-Cake-Tortam%C5%B1hely-61561382471046\/\" target=\"_blank\">\n\t\t\t\t\t\t<span class=\"elementor-button-content-wrapper\">\n\t\t\t\t\t\t\t\t\t<span class=\"elementor-button-text\">Tov\u00e1bb<\/span>\n\t\t\t\t\t<\/span>\n\t\t\t\t\t<\/a>\n\t\t\t\t\t\t\t\t<\/div>\n\t\t<div class=\"elementor-element elementor-element-ed3d7a0 e-con-full e-flex e-con e-child\" data-id=\"ed3d7a0\" data-element_type=\"container\">\n\t\t\t\t<div class=\"elementor-element elementor-element-2c0b5fd elementor-widget elementor-widget-text-editor\" data-id=\"2c0b5fd\" data-element_type=\"widget\" data-widget_type=\"text-editor.default\">\n\t\t\t\t\t\t\t\t\t<p>Az \u00e9tlappal \u00e9s kisz\u00e1ll\u00edt\u00e1si felt\u00e9telekkel az adott \u00e9tterem megadott telefonsz\u00e1m\u00e1n \u00e9rdekl\u0151dj\u00f6n.<\/p>\t\t\t\t\t\t\t\t<\/div>\n\t\t\t\t<\/div>\n\t\t\t\t<\/div>\n\t\t\t\t<\/div>\n\t\t\t\t<\/div>\n\t\t\t\t\t<\/div>\n\t\t\t\t<\/div>\n\t\t\t\t<\/div>","protected":false},"excerpt":{"rendered":"<p>Szolg\u00e1ltat\u00e1sok Garta \u00c9tterem Tov\u00e1bb H\u00e1zias \u00edzekkel \u00e9s bar\u00e1ts\u00e1gos kisv\u00e1rosi hangulattal v\u00e1rja vend\u00e9geit. A csal\u00e1dias \u00e9tterem hagyom\u00e1nyos magyar \u00e9teleket k\u00edn\u00e1l modern t\u00e1lal\u00e1ssal, kiv\u00e1l\u00f3 \u00e1r-\u00e9rt\u00e9k ar\u00e1ny mellett.Minimum rendel\u00e9s: 10.000 FtKisz\u00e1ll\u00edt\u00e1si d\u00edj: 1500 FtC\u00edm: Kapuv\u00e1r, R\u00e1k\u00f3czi Ferenc utca 32.Telefon: 06 96 \/ 242 555 Tov\u00e1bb Kant\u00e1r Fogad\u00f3 Tov\u00e1bb H\u00e1zias magyar fog\u00e1sokkal \u00e9s\u00a0 kemenc\u00e9ben s\u00fclt pizz\u00e1val , b\u0151s\u00e9ges adagokkal [&hellip;]<\/p>","protected":false},"author":1,"featured_media":0,"parent":18,"menu_order":0,"comment_status":"closed","ping_status":"closed","template":"","meta":{"footnotes":""},"class_list":["post-350","page","type-page","status-publish","hentry"],"_links":{"self":[{"href":"https:\/\/berek.finegroup.hu\/de\/wp-json\/wp\/v2\/pages\/350","targetHints":{"allow":["GET"]}}],"collection":[{"href":"https:\/\/berek.finegroup.hu\/de\/wp-json\/wp\/v2\/pages"}],"about":[{"href":"https:\/\/berek.finegroup.hu\/de\/wp-json\/wp\/v2\/types\/page"}],"author":[{"embeddable":true,"href":"https:\/\/berek.finegroup.hu\/de\/wp-json\/wp\/v2\/users\/1"}],"replies":[{"embeddable":true,"href":"https:\/\/berek.finegroup.hu\/de\/wp-json\/wp\/v2\/comments?post=350"}],"version-history":[{"count":47,"href":"https:\/\/berek.finegroup.hu\/de\/wp-json\/wp\/v2\/pages\/350\/revisions"}],"predecessor-version":[{"id":1799,"href":"https:\/\/berek.finegroup.hu\/de\/wp-json\/wp\/v2\/pages\/350\/revisions\/1799"}],"up":[{"embeddable":true,"href":"https:\/\/berek.finegroup.hu\/de\/wp-json\/wp\/v2\/pages\/18"}],"wp:attachment":[{"href":"https:\/\/berek.finegroup.hu\/de\/wp-json\/wp\/v2\/media?parent=350"}],"curies":[{"name":"wp","href":"https:\/\/api.w.org\/{rel}","templated":true}]}}