{"id":1637,"date":"2025-11-28T13:23:46","date_gmt":"2025-11-28T12:23:46","guid":{"rendered":"https:\/\/berek.finegroup.hu\/?page_id=1637"},"modified":"2025-12-12T09:09:34","modified_gmt":"2025-12-12T08:09:34","slug":"gy-i-k","status":"publish","type":"page","link":"https:\/\/berek.finegroup.hu\/de\/gy-i-k\/","title":{"rendered":"GY.I.K."},"content":{"rendered":"<div data-elementor-type=\"wp-page\" data-elementor-id=\"1637\" class=\"elementor elementor-1637\" data-elementor-post-type=\"page\">\n\t\t\t\t<div class=\"elementor-element elementor-element-665ea61 e-flex e-con-boxed e-con e-parent\" data-id=\"665ea61\" data-element_type=\"container\" data-settings=\"{&quot;background_background&quot;:&quot;classic&quot;}\">\n\t\t\t\t\t<div class=\"e-con-inner\">\n\t\t\t\t<div class=\"elementor-element elementor-element-a2deded elementor-widget elementor-widget-heading\" data-id=\"a2deded\" data-element_type=\"widget\" data-widget_type=\"heading.default\">\n\t\t\t\t\t<p class=\"elementor-heading-title elementor-size-default\">GY.I.K.<\/p>\t\t\t\t<\/div>\n\t\t\t\t\t<\/div>\n\t\t\t\t<\/div>\n\t\t<div class=\"elementor-element elementor-element-3c5646a e-flex e-con-boxed e-con e-parent\" data-id=\"3c5646a\" data-element_type=\"container\">\n\t\t\t\t\t<div class=\"e-con-inner\">\n\t\t\t\t<div class=\"elementor-element elementor-element-6501058 elementor-widget-mobile__width-initial elementor-widget elementor-widget-text-editor\" data-id=\"6501058\" data-element_type=\"widget\" data-widget_type=\"text-editor.default\">\n\t\t\t\t\t\t\t\t\t<h4><strong>Gyakran Ism\u00e9telt K\u00e9rd\u00e9sek<\/strong><\/h4><p>Berek Horg\u00e1szpark \u2013 H\u00f6vej, Napsug\u00e1r utca 25.<br \/>NTAK regisztr\u00e1ci\u00f3s sz\u00e1m: UD19014680<br \/>Telefon: +36 20 944 9584<br \/>E-mail:\u00a0info@berekhorgaszpark.hu<br \/>Web:\u00a0<a href=\"https:\/\/www.berekhorgaszpark.hu\/?utm_source=chatgpt.com\">www.berekhorgaszpark.hu<\/a><\/p><p><strong>Sz\u00e1ll\u00e1sfoglal\u00e1s<\/strong><\/p><p><strong>Hogyan tudok sz\u00e1ll\u00e1st foglalni a Berek Horg\u00e1szparkba?<\/strong><br \/>Sz\u00e1ll\u00e1sfoglal\u00e1s kiz\u00e1r\u00f3lag az al\u00e1bbi \u0171rlap kit\u00f6lt\u00e9s\u00e9vel lehets\u00e9ges:<br \/><a href=\"https:\/\/www.berekhorgaszpark.hu\/berek-foglalas-start.php\">Tov\u00e1bbi inform\u00e1ci\u00f3k itt<\/a><br \/>A foglal\u00e1s ut\u00e1n automatikus visszaigazol\u00f3 e-mailt kap, amely egyben foglal\u00e1si szerz\u0151d\u00e9s is.<br \/>A lev\u00e9l tartalmazza az \u00f6sszes el\u00e9rhet\u0151 fizet\u00e9si m\u00f3dot \u00e9s az el\u0151leg r\u00e9szleteit.<\/p><p><strong>Kell el\u0151leget fizetni a foglal\u00e1skor?<\/strong><br \/>Igen. A sz\u00e1ll\u00e1sd\u00edj 50%-\u00e1t el\u0151re kell megfizetni a szerz\u0151d\u00e9s alapj\u00e1n.<br \/>Elfogadott fizet\u00e9si m\u00f3dok:<\/p><ul><li>Banki utal\u00e1s (forintban vagy eur\u00f3ban)<\/li><li>SZ\u00c9P-k\u00e1rtya (OTP, MBH, K&amp;H \u2013 b\u00e1rmely zsebb\u0151l)<\/li><li>Belf\u00f6ldi postai csekk (r\u00f3zsasz\u00edn utalv\u00e1ny)<\/li><\/ul><p>A befizetett \u00f6sszegr\u0151l sz\u00e1ml\u00e1t \u00e1ll\u00edtunk ki, melyet az utal\u00e1s be\u00e9rkez\u00e9s\u00e9t k\u00f6vet\u0151 8 napon bel\u00fcl e-mailben megk\u00fcld\u00fcnk.<\/p><p><strong>Fizethetek SZ\u00c9P-k\u00e1rty\u00e1val?<\/strong><br \/>Igen, OTP, MBH \u00e9s K&amp;H SZ\u00c9P-k\u00e1rty\u00e1t elfogadunk, b\u00e1rmely zsebb\u0151l.<br \/>A foglal\u00e1si szerz\u0151d\u00e9sben minden SZ\u00c9P-k\u00e1rty\u00e1s fizet\u00e9shez megadjuk az elfogad\u00f3i k\u00f3dot.<br \/>Az el\u0151leg is fizethet\u0151 SZ\u00c9P-k\u00e1rty\u00e1val.<\/p><p><strong>Fizethetek eur\u00f3ban?<\/strong><br \/>Igen. A szerz\u0151d\u00e9s tartalmazza az eur\u00f3s banksz\u00e1mlasz\u00e1mot is.<br \/>Az eur\u00f3ban t\u00f6rt\u00e9n\u0151 visszautal\u00e1s bankk\u00f6lts\u00e9ggel cs\u00f6kkentett \u00f6sszegben t\u00f6rt\u00e9nik (\u201312 eur\u00f3).<\/p><p><strong>Hogyan tudok aj\u00e1nd\u00e9kutalv\u00e1nyt ig\u00e9nyelni?<\/strong><br \/>Az aj\u00e1nd\u00e9kutalv\u00e1nyok online megv\u00e1s\u00e1rolhat\u00f3k az al\u00e1bbi oldalon:<br \/><a href=\"https:\/\/nethotelbooking.net\/vouchers\/berekhorgaszpark#1MGFS9XBESG94ZUEIXL3TDTGK5Y5U1M8X473\">Tov\u00e1bbi inform\u00e1ci\u00f3k itt<\/a><br \/>Az utalv\u00e1ny k\u00e9szp\u00e9nzre nem v\u00e1lthat\u00f3, \u00e9rv\u00e9nyess\u00e9gi ideje a kibocs\u00e1t\u00e1s napj\u00e1t\u00f3l sz\u00e1m\u00edtott 12 h\u00f3nap.<br \/>Bev\u00e1lt\u00e1s\u00e1hoz el\u0151zetes id\u0151pontfoglal\u00e1s sz\u00fcks\u00e9ges.<\/p><p><strong>Foglal\u00e1s, m\u00f3dos\u00edt\u00e1s, lemond\u00e1s<\/strong><\/p><p><strong>M\u00f3dos\u00edthat\u00f3 vagy lemondhat\u00f3 a foglal\u00e1s?<\/strong><br \/>Igen. A foglal\u00e1s \u00e9rkez\u00e9s el\u0151tt 21 nappal d\u00edjmentesen m\u00f3dos\u00edthat\u00f3 vagy lemondhat\u00f3.<br \/>A lemond\u00e1st e-mailben k\u00e9rj\u00fck megk\u00fcldeni az al\u00e1bbi c\u00edmre:\u00a0info@berekhorgaszpark.hu<br \/>A lemond\u00e1s id\u0151pontj\u00e1t az e-mail elk\u00fcld\u00e9s\u00e9nek d\u00e1tuma hat\u00e1rozza meg.<br \/>21 napon bel\u00fcli lemond\u00e1s eset\u00e9n az el\u0151leg elveszik.<br \/>SZ\u00c9P-k\u00e1rty\u00e1s el\u0151leget nem \u00e1ll m\u00f3dunkban visszautalni, a visszat\u00e9r\u00edt\u00e9st a k\u00e1rtyakibocs\u00e1t\u00f3n\u00e1l lehet kezdem\u00e9nyezni.<\/p><p><strong>T\u00f6bb h\u00e1zat szeretn\u00e9k foglalni. Hogyan tegyem?<\/strong><br \/>T\u00f6bb sz\u00e1ll\u00e1s eset\u00e9n minden h\u00e1zra k\u00fcl\u00f6n foglal\u00e1si \u0171rlapot k\u00e9r\u00fcnk kit\u00f6lteni, a vend\u00e9g nev\u00e9nek megad\u00e1s\u00e1val.<\/p><p><strong>Kemping \u00e9s s\u00e1toroz\u00e1s<\/strong><\/p><p><strong>S\u00e1toroz\u00e1shoz is kell el\u0151re foglalni?<\/strong><br \/>Igen. A foglal\u00e1si \u0171rlapon v\u00e1lassza a \u201eKEMPING PARCELLA\u201d opci\u00f3t.<br \/>A megjegyz\u00e9s rovatban jelezze az \u00e9rkez\u00e9s \u00e9s t\u00e1voz\u00e1s idej\u00e9t, valamint a horg\u00e1szhely ig\u00e9ny\u00e9t.<\/p><p><strong>Horg\u00e1szat<\/strong><\/p><p><strong>Horg\u00e1szathoz sz\u00fcks\u00e9ges el\u0151re bejelentkezni?<\/strong><br \/>Igen. Napijegyes horg\u00e1szathoz el\u0151zetes bejelentkez\u00e9s sz\u00fcks\u00e9ges.<br \/>SMS-ben tud horg\u00e1szhelyet foglalni:<br \/>+36 20 944 9584 vagy +36 30 929 0001<br \/>K\u00e9rj\u00fck, \u00edrja meg: n\u00e9v, d\u00e1tum, horg\u00e1szhelyek sz\u00e1ma, \u00e1llami jegy sz\u00e1ma.<\/p><p><strong>Sz\u00fcks\u00e9ges \u00e1llami horg\u00e1szjegy?<\/strong><br \/>Igen, a napijegy v\u00e1lt\u00e1s\u00e1hoz \u00e9rv\u00e9nyes \u00e1llami horg\u00e1szjegy sz\u00fcks\u00e9ges (k\u00fclf\u00f6ldieknek is).<br \/>Amennyiben nem rendelkezik vele, a recepci\u00f3n seg\u00edt\u00fcnk a beszerz\u00e9sben.<br \/>Online napijegy:\u00a0<a href=\"https:\/\/www.berekhorgaszpark.hu\/horgaszjegy.html\">Tov\u00e1bbi inform\u00e1ci\u00f3k itt<\/a><\/p><p><strong>Milyen felszerel\u00e9se van a fah\u00e1zaknak?<\/strong><br \/>A sz\u00e1ll\u00e1sok felszerelts\u00e9ge, k\u00e9pei \u00e9s elhelyezked\u00e9se itt tal\u00e1lhat\u00f3:<br \/><a href=\"https:\/\/www.berekhorgaszpark.hu\/szallas.html?utm_source=chatgpt.com\">Tov\u00e1bbi inform\u00e1ci\u00f3k itt<\/a><\/p><p><strong>K\u00f6telez\u0151 felszerel\u00e9seim nincsenek meg. Tudok b\u00e9relni?<\/strong><br \/>Igen. A recepci\u00f3n pontyb\u00f6lcs\u0151, sebfert\u0151tlen\u00edt\u0151, mer\u00edt\u0151sz\u00e1k \u00e9s egy\u00e9b eszk\u00f6z\u00f6k b\u00e9relhet\u0151k vagy megv\u00e1s\u00e1rolhat\u00f3k.<\/p><p><strong>Csalit, etet\u0151anyagot hol tudok beszerezni?<\/strong><br \/>A recepci\u00f3n kaphat\u00f3 \u00e9l\u0151csali (csonti, giliszta, nad\u00e1ly, berki giliszta), etet\u0151anyag, pellet, bojli, horg\u00e1szfelszerel\u00e9sek.<br \/>Etet\u0151haj\u00f3 is b\u00e9relhet\u0151 el\u0151zetes egyeztet\u00e9ssel.<br \/>Online rendel\u00e9s:\u00a0<a href=\"https:\/\/www.mikbaits.hu\/\">www.mikbaits.hu<\/a><br \/>A foglal\u00e1si sz\u00e1m felt\u00fcntet\u00e9s\u00e9vel k\u00e9rhet\u0151 az \u00e9rkez\u00e9skori \u00e1tv\u00e9tel.<\/p><p><strong>\u00c9rkez\u00e9s \u00e9s t\u00e1voz\u00e1s<\/strong><\/p><p><strong>Mikor lehet \u00e1tvenni \u00e9s leadni a sz\u00e1ll\u00e1st \u00e9s a horg\u00e1szhelyet?<\/strong><\/p><ul><li>Sz\u00e1ll\u00e1s \u00e1tv\u00e9tele: 15:00-t\u00f3l<\/li><li>Sz\u00e1ll\u00e1s elhagy\u00e1sa: 10:00-ig<\/li><li>Horg\u00e1szhely \u00e1tv\u00e9tele \/ lead\u00e1sa: 12:00<\/li><\/ul><p><strong>Elhagytam a sz\u00e1ll\u00e1st, maradhatok horg\u00e1szni?<\/strong><br \/>Igen, szabad hely f\u00fcggv\u00e9ny\u00e9ben lehets\u00e9ges.<br \/>Ha \u00faj vend\u00e9g \u00e9rkezik, a h\u00e1zat 12:00-ig kell \u00e1tadni, de horg\u00e1szni 19:00 \u00f3r\u00e1ig maradhat.<\/p><p><strong>\u00c9tkez\u00e9s<\/strong><\/p><p><strong>Milyen \u00e9tkez\u00e9si lehet\u0151s\u00e9gek vannak?<\/strong><\/p><ul><li><strong>Berek Men\u00fc:<\/strong>\u00a0h\u00e9tf\u0151t\u0151l p\u00e9ntekig, h\u00e1zias eb\u00e9d h\u00e1zhoz sz\u00e1ll\u00edtva.<br \/>Aktu\u00e1lis men\u00fc:\u00a0<a href=\"https:\/\/www.facebook.com\/berekmenu\">Tov\u00e1bbi inform\u00e1ci\u00f3k itt<\/a><br \/>Rendel\u00e9s: \u00e9rkez\u00e9skor vagy reggel 9 \u00f3r\u00e1ig a recepci\u00f3n.<\/li><li><strong>A\u2019la carte \u00e9telrendel\u00e9s:<\/strong>\u00a0t\u00f6bb \u00e9tterem \u00e9s pizz\u00e9ria sz\u00e1ll\u00edt Kapuv\u00e1rr\u00f3l.<br \/>Aj\u00e1nlott \u00e9ttermek:<ul><li>Kant\u00e1r Fogad\u00f3 (Vitny\u00e9d)<\/li><li>Facsiga B\u00fcf\u00e9 (Vitny\u00e9d)<\/li><li>Garta \u00c9tterem (Kapuv\u00e1r)<\/li><li>Szent Krist\u00f3f \u00c9tterem (Kapuv\u00e1r)<\/li><li>Kis Kocsma Pizz\u00e9ria (Kapuv\u00e1r)<\/li><\/ul><\/li><\/ul><p><strong>Van a h\u00e1zakban konyha?<\/strong><br \/>Igen. Minden fah\u00e1z mini konyh\u00e1val felszerelt (f\u0151z\u0151lap, ed\u00e9nyek, poharak).<br \/>A parkban kijel\u00f6lt grillez\u0151- \u00e9s bogr\u00e1cshelyek tal\u00e1lhat\u00f3k, a k\u00f6zponti r\u00e9szen g\u00e1zgrill, faszenes grill, mikrohull\u00e1m\u00fa s\u00fct\u0151 \u00e9s k\u00e1v\u00e9automata is el\u00e9rhet\u0151.<br \/>A f\u0151z\u00e9shez bogr\u00e1cs, \u00e1llv\u00e1ny, t\u0171zifa, fasz\u00e9n \u00e9s grillt\u00e1lca k\u00e9rhet\u0151 a recepci\u00f3n.<\/p><p><strong>Egy\u00e9b inform\u00e1ci\u00f3k<\/strong><\/p><p><strong>Hol tal\u00e1lok \u00e9lelmiszerboltot?<\/strong><\/p><ul><li>H\u00f6vej: 500 m (nyitva h\u00e9tf\u0151t\u0151l p\u00e9ntekig 7\u201311 \u00e9s 15\u201317, szombat\u2013vas\u00e1rnap 7\u201311).<\/li><li>Kapuv\u00e1r (7 km): SPAR, Lidl, Penny, Coop, z\u00f6lds\u00e9gesek, p\u00e9ks\u00e9gek.<\/li><\/ul><p><strong>A kifogott halat elvihetem vagy helyben megs\u00fcthetem?<\/strong><br \/>Igen, a halak az al\u00e1bbi \u00e1rakon v\u00e1s\u00e1rolhat\u00f3k meg:<\/p><ul><li>Ponty, amur (max. 4 kg): 1.900 Ft\/kg<\/li><li>K\u00e1r\u00e1sz: 1.400 Ft\/kg<\/li><li>Keszeg (max. 30 cm, 5 kg-ig): 1.800 Ft\/kg<br \/>A v\u00e1s\u00e1rl\u00e1si sz\u00e1nd\u00e9kot k\u00e9rj\u00fck jelezze a recepci\u00f3n.<\/li><\/ul><p><strong>Megl\u00e1togathatnak ismer\u0151s\u00f6k a sz\u00e1ll\u00e1shelyen?<\/strong><br \/>Igen, de kiz\u00e1r\u00f3lag bejelent\u00e9ssel (recepci\u00f3n vagy SMS-ben: n\u00e9v \u00e9s rendsz\u00e1m).<br \/>Vend\u00e9gek fogad\u00e1sa napkelt\u00e9t\u0151l napnyugt\u00e1ig, h\u00e1zank\u00e9nt legfeljebb 2 f\u0151ig.<\/p><p><strong>Haszn\u00e1lhat\u00f3 cs\u00f3nak vagy lehet f\u00fcrdeni a t\u00f3ban?<\/strong><br \/>Nem. A cs\u00f3nakhaszn\u00e1lat \u00e9s f\u00fcrd\u00e9s a tavon tilos, biztons\u00e1gi \u00e9s halgazd\u00e1lkod\u00e1si okokb\u00f3l.<\/p><p><strong>Programok \u00e9s k\u00f6rny\u00e9kbeli l\u00e1tnival\u00f3k<\/strong><\/p><p><strong>Milyen programlehet\u0151s\u00e9gek vannak a k\u00f6rny\u00e9ken?<\/strong><br \/>R\u00e9szletes inform\u00e1ci\u00f3k, t\u00e9rk\u00e9pek \u00e9s javasolt programok:<\/p><ul><li><a href=\"https:\/\/www.berekhorgaszpark.hu\/programok\/berek-hu\/\">T\u00e9rk\u00e9pek<\/a><\/li><li><a href=\"https:\/\/www.berekhorgaszpark.hu\/programok\/\">Javasolt Programok<\/a><\/li><\/ul><p><strong>Tov\u00e1bbi gyakran feltett k\u00e9rd\u00e9sek<\/strong><\/p><p><strong>Kaphatok sz\u00e1ml\u00e1t c\u00e9gre vagy ad\u00f3sz\u00e1mmal?<\/strong><br \/>Igen, k\u00e9rj\u00fck, hogy foglal\u00e1skor adja meg a sz\u00e1ml\u00e1z\u00e1si nevet, c\u00edmet \u00e9s ad\u00f3sz\u00e1mot.<\/p><p><strong>Van Wi-Fi a parkban?<\/strong><br \/>Igen, t\u00e9r\u00edt\u00e9s ellen\u00e9ben el\u00e9rhet\u0151 a park teljes ter\u00fclet\u00e9n. Jelsz\u00f3 a recepci\u00f3n k\u00e9rhet\u0151.<\/p><p><strong>Elfogadj\u00e1k a vend\u00e9gem SZ\u00c9P-k\u00e1rty\u00e1j\u00e1t, ha \u00e9n fizetek?<\/strong><br \/>Nem. SZ\u00c9P-k\u00e1rty\u00e1val kiz\u00e1r\u00f3lag a k\u00e1rtyabirtokos nev\u00e9re sz\u00f3l\u00f3 foglal\u00e1s eset\u00e9n lehet fizetni.<\/p><p><strong>Kuty\u00e1t hozhatok magammal?<\/strong><br \/>Igen, 10 kg alatti kuty\u00e1k k\u00fcl\u00f6n d\u00edj ellen\u00e9ben hozhat\u00f3k, a h\u00e1zirend betart\u00e1s\u00e1val.<\/p>\t\t\t\t\t\t\t\t<\/div>\n\t\t\t\t\t<\/div>\n\t\t\t\t<\/div>\n\t\t\t\t<\/div>","protected":false},"excerpt":{"rendered":"<p>GY.I.K. Gyakran Ism\u00e9telt K\u00e9rd\u00e9sek Berek Horg\u00e1szpark \u2013 H\u00f6vej, Napsug\u00e1r utca 25.NTAK regisztr\u00e1ci\u00f3s sz\u00e1m: UD19014680Telefon: +36 20 944 9584E-mail:\u00a0info@berekhorgaszpark.huWeb:\u00a0www.berekhorgaszpark.hu Sz\u00e1ll\u00e1sfoglal\u00e1s Hogyan tudok sz\u00e1ll\u00e1st foglalni a Berek Horg\u00e1szparkba?Sz\u00e1ll\u00e1sfoglal\u00e1s kiz\u00e1r\u00f3lag az al\u00e1bbi \u0171rlap kit\u00f6lt\u00e9s\u00e9vel lehets\u00e9ges:Tov\u00e1bbi inform\u00e1ci\u00f3k ittA foglal\u00e1s ut\u00e1n automatikus visszaigazol\u00f3 e-mailt kap, amely egyben foglal\u00e1si szerz\u0151d\u00e9s is.A lev\u00e9l tartalmazza az \u00f6sszes el\u00e9rhet\u0151 fizet\u00e9si m\u00f3dot \u00e9s az el\u0151leg [&hellip;]<\/p>","protected":false},"author":1,"featured_media":0,"parent":0,"menu_order":0,"comment_status":"closed","ping_status":"closed","template":"","meta":{"footnotes":""},"class_list":["post-1637","page","type-page","status-publish","hentry"],"_links":{"self":[{"href":"https:\/\/berek.finegroup.hu\/de\/wp-json\/wp\/v2\/pages\/1637","targetHints":{"allow":["GET"]}}],"collection":[{"href":"https:\/\/berek.finegroup.hu\/de\/wp-json\/wp\/v2\/pages"}],"about":[{"href":"https:\/\/berek.finegroup.hu\/de\/wp-json\/wp\/v2\/types\/page"}],"author":[{"embeddable":true,"href":"https:\/\/berek.finegroup.hu\/de\/wp-json\/wp\/v2\/users\/1"}],"replies":[{"embeddable":true,"href":"https:\/\/berek.finegroup.hu\/de\/wp-json\/wp\/v2\/comments?post=1637"}],"version-history":[{"count":13,"href":"https:\/\/berek.finegroup.hu\/de\/wp-json\/wp\/v2\/pages\/1637\/revisions"}],"predecessor-version":[{"id":1763,"href":"https:\/\/berek.finegroup.hu\/de\/wp-json\/wp\/v2\/pages\/1637\/revisions\/1763"}],"wp:attachment":[{"href":"https:\/\/berek.finegroup.hu\/de\/wp-json\/wp\/v2\/media?parent=1637"}],"curies":[{"name":"wp","href":"https:\/\/api.w.org\/{rel}","templated":true}]}}