{"id":16,"date":"2025-10-06T10:46:05","date_gmt":"2025-10-06T08:46:05","guid":{"rendered":"https:\/\/berek.finegroup.hu\/?page_id=16"},"modified":"2025-11-27T14:00:47","modified_gmt":"2025-11-27T13:00:47","slug":"rolunk","status":"publish","type":"page","link":"https:\/\/berek.finegroup.hu\/de\/rolunk\/","title":{"rendered":"R\u00f3lunk"},"content":{"rendered":"<div data-elementor-type=\"wp-page\" data-elementor-id=\"16\" class=\"elementor elementor-16\" data-elementor-post-type=\"page\">\n\t\t\t\t<div class=\"elementor-element elementor-element-458f656 e-flex e-con-boxed e-con e-parent\" data-id=\"458f656\" data-element_type=\"container\" data-settings=\"{&quot;background_background&quot;:&quot;classic&quot;}\">\n\t\t\t\t\t<div class=\"e-con-inner\">\n\t\t<div class=\"elementor-element elementor-element-85819aa e-flex e-con-boxed e-con e-child\" data-id=\"85819aa\" data-element_type=\"container\">\n\t\t\t\t\t<div class=\"e-con-inner\">\n\t\t\t\t<div class=\"elementor-element elementor-element-4c241d4 elementor-widget elementor-widget-heading\" data-id=\"4c241d4\" data-element_type=\"widget\" data-widget_type=\"heading.default\">\n\t\t\t\t\t<h1 class=\"elementor-heading-title elementor-size-default\">R\u00f3lunk<\/h1>\t\t\t\t<\/div>\n\t\t\t\t<div class=\"elementor-element elementor-element-63fac30 elementor-widget elementor-widget-text-editor\" data-id=\"63fac30\" data-element_type=\"widget\" data-widget_type=\"text-editor.default\">\n\t\t\t\t\t\t\t\t\t<p style=\"font-weight: 400;\">A\u00a0Berek Horg\u00e1szpark\u00a0H\u00f6vej hat\u00e1r\u00e1ban, nyugodt \u00e9s term\u00e9szetk\u00f6zeli k\u00f6rnyezetben v\u00e1rja a\u00a0horg\u00e1szat\u00a0\u00e9s a pihen\u00e9s szerelmeseit. A\u00a0v\u00edzparti horg\u00e1sz sz\u00e1ll\u00e1shelyek\u00a0ide\u00e1lisak csal\u00e1doknak, bar\u00e1ti t\u00e1rsas\u00e1goknak \u00e9s p\u00e1roknak, akik szeretn\u00e9nek kiszakadni a v\u00e1rosi zajb\u00f3l, \u00e9s \u00e9lvezni a t\u00f3part csendj\u00e9t \u00e9s nyugalm\u00e1t.<\/p>\t\t\t\t\t\t\t\t<\/div>\n\t\t<div class=\"elementor-element elementor-element-d683d44 e-con-full elementor-hidden-tablet elementor-hidden-mobile_extra elementor-hidden-mobile e-flex e-con e-child\" data-id=\"d683d44\" data-element_type=\"container\">\n\t\t\t\t<div class=\"elementor-element elementor-element-29dfc85 elementor-widget__width-inherit elementor-widget-tablet_extra__width-inherit elementor-absolute elementor-widget elementor-widget-image\" data-id=\"29dfc85\" data-element_type=\"widget\" data-settings=\"{&quot;_position&quot;:&quot;absolute&quot;}\" data-widget_type=\"image.default\">\n\t\t\t\t\t\t\t\t\t\t\t\t\t\t\t<img fetchpriority=\"high\" decoding=\"async\" width=\"800\" height=\"534\" src=\"https:\/\/berek.finegroup.hu\/wp-content\/uploads\/2025\/11\/441160843_841712154663894_315876084150647342_n-1024x683.jpg\" class=\"attachment-large size-large wp-image-1237\" alt=\"\" srcset=\"https:\/\/berek.finegroup.hu\/wp-content\/uploads\/2025\/11\/441160843_841712154663894_315876084150647342_n-1024x683.jpg 1024w, https:\/\/berek.finegroup.hu\/wp-content\/uploads\/2025\/11\/441160843_841712154663894_315876084150647342_n-300x200.jpg 300w, https:\/\/berek.finegroup.hu\/wp-content\/uploads\/2025\/11\/441160843_841712154663894_315876084150647342_n-768x512.jpg 768w, https:\/\/berek.finegroup.hu\/wp-content\/uploads\/2025\/11\/441160843_841712154663894_315876084150647342_n-1536x1024.jpg 1536w, https:\/\/berek.finegroup.hu\/wp-content\/uploads\/2025\/11\/441160843_841712154663894_315876084150647342_n-18x12.jpg 18w, https:\/\/berek.finegroup.hu\/wp-content\/uploads\/2025\/11\/441160843_841712154663894_315876084150647342_n.jpg 2048w\" sizes=\"(max-width: 800px) 100vw, 800px\" \/>\t\t\t\t\t\t\t\t\t\t\t\t\t\t\t<\/div>\n\t\t\t\t<\/div>\n\t\t\t\t\t<\/div>\n\t\t\t\t<\/div>\n\t\t\t\t\t<\/div>\n\t\t\t\t<\/div>\n\t\t<div class=\"elementor-element elementor-element-2a6ec37 e-flex e-con-boxed e-con e-parent\" data-id=\"2a6ec37\" data-element_type=\"container\">\n\t\t\t\t\t<div class=\"e-con-inner\">\n\t\t<div class=\"elementor-element elementor-element-6cdf386 e-con-full e-flex e-con e-child\" data-id=\"6cdf386\" data-element_type=\"container\">\n\t\t<div class=\"elementor-element elementor-element-67205af e-con-full e-flex e-con e-child\" data-id=\"67205af\" data-element_type=\"container\">\n\t\t<div class=\"elementor-element elementor-element-ebfc89c e-con-full e-flex e-con e-child\" data-id=\"ebfc89c\" data-element_type=\"container\">\n\t\t\t\t<div class=\"elementor-element elementor-element-a0ae5e5 elementor-widget elementor-widget-heading\" data-id=\"a0ae5e5\" data-element_type=\"widget\" data-widget_type=\"heading.default\">\n\t\t\t\t\t<h3 class=\"elementor-heading-title elementor-size-default\">A t\u00f3part m\u00faltja \u00e9s jelene<\/h3>\t\t\t\t<\/div>\n\t\t\t\t<\/div>\n\t\t<div class=\"elementor-element elementor-element-af3b2eb e-con-full e-flex e-con e-child\" data-id=\"af3b2eb\" data-element_type=\"container\">\n\t\t\t\t<div class=\"elementor-element elementor-element-f50f1a1 elementor-widget elementor-widget-text-editor\" data-id=\"f50f1a1\" data-element_type=\"widget\" data-widget_type=\"text-editor.default\">\n\t\t\t\t\t\t\t\t\t<p>A\u00a0Berek Horg\u00e1szpark H\u00f6vej\u00a0hat\u00e1r\u00e1ban, egy 35 hekt\u00e1ros ter\u00fcleten fekszik, amelyb\u0151l 10 hekt\u00e1rt v\u00edz bor\u00edt. Ez a k\u00fcl\u00f6nleges helysz\u00edn egy csal\u00e1di v\u00e1llalkoz\u00e1sb\u00f3l indult, amely eredetileg kavicsb\u00e1ny\u00e1szatk\u00e9nt m\u0171k\u00f6d\u00f6tt. Gyerekk\u00e9nt m\u00e1r a horg\u00e1szat szerelmese voltam, \u00e9s mindig is arr\u00f3l \u00e1lmodoztam, hogy egyszer l\u00e9trehozok egy olyan\u00a0horg\u00e1szparkot, ahol a term\u00e9szet, a nyugalom \u00e9s a modern szolg\u00e1ltat\u00e1sok egy\u00fctt adnak felejthetetlen \u00e9lm\u00e9nyt.<\/p><p>Ez az \u00e1lmom 2013-ben v\u00e1lt val\u00f3ra, amikor megnyitottuk a\u00a0Berek Horg\u00e1szpark\u00a0kapuit. Az\u00f3ta a t\u00f3 \u00e9s k\u00f6rnyezete folyamatosan fejl\u0151dik: \u00fajabb \u00e9s \u00fajabb\u00a0v\u00edzparti sz\u00e1ll\u00e1shelyek\u00a0\u00e9p\u00fcltek saj\u00e1t st\u00e9ggel, b\u0151v\u00edtett\u00fck a szolg\u00e1ltat\u00e1sainkat, \u00e9s minden apr\u00f3 r\u00e9szletet \u00fagy alak\u00edtottunk ki, hogy a horg\u00e1szok \u00e9s a pihenni v\u00e1gy\u00f3k sz\u00e1m\u00e1ra egyar\u00e1nt ide\u00e1lis legyen.<\/p><p>A t\u00f3 gazdag hal\u00e1llom\u00e1nya, a term\u00e9szetk\u00f6zeli k\u00f6rnyezet \u00e9s a vend\u00e9geink k\u00e9nyelm\u00e9t szolg\u00e1l\u00f3 sz\u00e1ll\u00e1saink mind hozz\u00e1j\u00e1rulnak ahhoz, hogy a\u00a0Berek Horg\u00e1szpark\u00a0ma m\u00e1r az egyik legkedveltebb horg\u00e1sz- \u00e9s \u00fcd\u00fcl\u0151hely legyen a R\u00e1bak\u00f6z sz\u00edv\u00e9ben.<\/p><p>Mindig szem el\u0151tt tartjuk, hogy n\u00e1lunk a horg\u00e1szat t\u00f6bb legyen egyszer\u0171 kikapcsol\u00f3d\u00e1sn\u00e1l: egy \u00e9lm\u00e9ny, amely \u00f6sszehozza a csal\u00e1dokat, bar\u00e1tokat, \u00e9s ahol minden vend\u00e9g megtal\u00e1lja a sz\u00e1m\u00e1ra legfontosabbat \u2013 a v\u00edzpart csendj\u00e9t, a term\u00e9szet k\u00f6zels\u00e9g\u00e9t \u00e9s a horg\u00e1szat izgalm\u00e1t.<\/p><p><em>N\u00e9meth Gyula \u2013 t\u00f3gazda<\/em><\/p>\t\t\t\t\t\t\t\t<\/div>\n\t\t\t\t<\/div>\n\t\t\t\t<\/div>\n\t\t<div class=\"elementor-element elementor-element-975aca0 e-con-full e-flex e-con e-child\" data-id=\"975aca0\" data-element_type=\"container\">\n\t\t<div class=\"elementor-element elementor-element-7490890 e-con-full e-flex e-con e-child\" data-id=\"7490890\" data-element_type=\"container\">\n\t\t\t\t<div class=\"elementor-element elementor-element-6c24ff1 elementor-widget elementor-widget-heading\" data-id=\"6c24ff1\" data-element_type=\"widget\" data-widget_type=\"heading.default\">\n\t\t\t\t\t<h3 class=\"elementor-heading-title elementor-size-default\">Halfajok \u00e9s horg\u00e1sz\u00e9lm\u00e9nyek<\/h3>\t\t\t\t<\/div>\n\t\t\t\t<\/div>\n\t\t<div class=\"elementor-element elementor-element-805ae51 e-con-full e-flex e-con e-child\" data-id=\"805ae51\" data-element_type=\"container\">\n\t\t\t\t<div class=\"elementor-element elementor-element-477a734 elementor-widget elementor-widget-text-editor\" data-id=\"477a734\" data-element_type=\"widget\" data-widget_type=\"text-editor.default\">\n\t\t\t\t\t\t\t\t\t<p style=\"font-weight: 400;\">A&nbsp;H\u00f6vej hat\u00e1r\u00e1ban tal\u00e1lhat\u00f3 Berek Horg\u00e1szpark&nbsp;horg\u00e1sztava (V\u00edzt\u00e9rk\u00f3d: 08-284-1-4) eg\u00e9sz \u00e9vben v\u00e1rja a horg\u00e1szat szerelmeseit. A t\u00f3 intenz\u00edv hal\u00e1llom\u00e1nya garant\u00e1lja, hogy n\u00e1lunk minden horg\u00e1sz \u00e9lm\u00e9nyben r\u00e9szes\u00fclj\u00f6n \u2013 ak\u00e1r kezd\u0151k\u00e9nt, ak\u00e1r rutinos pec\u00e1sk\u00e9nt \u00e9rkezik.<\/p>\n<p style=\"font-weight: 400;\"><strong>T\u00f3rekordok:<\/strong>&nbsp;ponty 26 kg, amur 18 kg<\/p>\n<h4>Halfajok a t\u00f3ban<\/h4>\n<ul>\n<li>t\u0151ponty, nyurgaponty<\/li>\n<li>amur<\/li>\n<li>k\u00e1r\u00e1sz, d\u00e9v\u00e9r<\/li>\n<li>s\u00fcll\u0151, csuka, balin, fekete s\u00fcg\u00e9r<\/li>\n<\/ul>\n<p style=\"font-weight: 400;\">A tavon a&nbsp;<strong>\u201efogd meg \u00e9s engedd vissza\u201d (Catch &amp; Release)<\/strong>&nbsp;szeml\u00e9let az ir\u00e1nyad\u00f3, \u00edgy biztos\u00edtjuk hal\u00e1llom\u00e1nyunk hossz\u00fa t\u00e1v\u00fa meg\u0151rz\u00e9s\u00e9t.<\/p>\t\t\t\t\t\t\t\t<\/div>\n\t\t\t\t<\/div>\n\t\t\t\t<\/div>\n\t\t\t\t<\/div>\n\t\t\t\t\t<\/div>\n\t\t\t\t<\/div>\n\t\t<div class=\"elementor-element elementor-element-f6db987 e-flex e-con-boxed e-con e-parent\" data-id=\"f6db987\" data-element_type=\"container\">\n\t\t\t\t\t<div class=\"e-con-inner\">\n\t\t\t\t<div class=\"elementor-element elementor-element-e706f6a elementor-widget elementor-widget-heading\" data-id=\"e706f6a\" data-element_type=\"widget\" data-widget_type=\"heading.default\">\n\t\t\t\t\t<h2 class=\"elementor-heading-title elementor-size-default\">V\u00e9lem\u00e9nyek<\/h2>\t\t\t\t<\/div>\n\t\t<div class=\"elementor-element elementor-element-ffabb6c e-con-full e-grid e-con e-child\" data-id=\"ffabb6c\" data-element_type=\"container\">\n\t\t<div class=\"elementor-element elementor-element-c777b49 e-con-full e-flex e-con e-child\" data-id=\"c777b49\" data-element_type=\"container\" data-settings=\"{&quot;background_background&quot;:&quot;classic&quot;}\">\n\t\t<div class=\"elementor-element elementor-element-9e0e8ae e-con-full e-flex e-con e-child\" data-id=\"9e0e8ae\" data-element_type=\"container\">\n\t\t\t\t<div class=\"elementor-element elementor-element-456a209 elementor-widget elementor-widget-heading\" data-id=\"456a209\" data-element_type=\"widget\" data-widget_type=\"heading.default\">\n\t\t\t\t\t<h3 class=\"elementor-heading-title elementor-size-default\">Lorem I.<\/h3>\t\t\t\t<\/div>\n\t\t\t\t<div class=\"elementor-element elementor-element-eb75c0f elementor-widget elementor-widget-text-editor\" data-id=\"eb75c0f\" data-element_type=\"widget\" data-widget_type=\"text-editor.default\">\n\t\t\t\t\t\t\t\t\t<p>Lorem ipsum dolor sit amet, consectetur adipiscing elit. Sed do eiusmod tempor incididunt ut labore et dolore magna aliqua. Ut enim ad minim veniam, quis nostrud exercitation ullamco laboris<\/p>\t\t\t\t\t\t\t\t<\/div>\n\t\t\t\t<\/div>\n\t\t\t\t<div class=\"elementor-element elementor-element-be289a6 elementor-widget elementor-widget-image\" data-id=\"be289a6\" data-element_type=\"widget\" data-widget_type=\"image.default\">\n\t\t\t\t\t\t\t\t\t\t\t\t\t\t\t<img decoding=\"async\" src=\"https:\/\/berek.finegroup.hu\/wp-content\/plugins\/elementor\/assets\/images\/placeholder.png\" title=\"\" alt=\"\" loading=\"lazy\" \/>\t\t\t\t\t\t\t\t\t\t\t\t\t\t\t<\/div>\n\t\t\t\t<\/div>\n\t\t<div class=\"elementor-element elementor-element-ddd479c e-con-full e-flex e-con e-child\" data-id=\"ddd479c\" data-element_type=\"container\" data-settings=\"{&quot;background_background&quot;:&quot;classic&quot;}\">\n\t\t<div class=\"elementor-element elementor-element-0a57a00 e-con-full e-flex e-con e-child\" data-id=\"0a57a00\" data-element_type=\"container\">\n\t\t\t\t<div class=\"elementor-element elementor-element-26e5fde elementor-widget elementor-widget-heading\" data-id=\"26e5fde\" data-element_type=\"widget\" data-widget_type=\"heading.default\">\n\t\t\t\t\t<h3 class=\"elementor-heading-title elementor-size-default\">Lorem I.<\/h3>\t\t\t\t<\/div>\n\t\t\t\t<div class=\"elementor-element elementor-element-1c86586 elementor-widget elementor-widget-text-editor\" data-id=\"1c86586\" data-element_type=\"widget\" data-widget_type=\"text-editor.default\">\n\t\t\t\t\t\t\t\t\t<p>Lorem ipsum dolor sit amet, consectetur adipiscing elit. Sed do eiusmod tempor incididunt ut labore et dolore magna aliqua. Ut enim ad minim veniam, quis nostrud exercitation ullamco laboris<\/p>\t\t\t\t\t\t\t\t<\/div>\n\t\t\t\t<\/div>\n\t\t\t\t<div class=\"elementor-element elementor-element-74a5429 elementor-widget elementor-widget-image\" data-id=\"74a5429\" data-element_type=\"widget\" data-widget_type=\"image.default\">\n\t\t\t\t\t\t\t\t\t\t\t\t\t\t\t<img decoding=\"async\" src=\"https:\/\/berek.finegroup.hu\/wp-content\/plugins\/elementor\/assets\/images\/placeholder.png\" title=\"\" alt=\"\" loading=\"lazy\" \/>\t\t\t\t\t\t\t\t\t\t\t\t\t\t\t<\/div>\n\t\t\t\t<\/div>\n\t\t<div class=\"elementor-element elementor-element-1325db1 e-con-full e-flex e-con e-child\" data-id=\"1325db1\" data-element_type=\"container\" data-settings=\"{&quot;background_background&quot;:&quot;classic&quot;}\">\n\t\t<div class=\"elementor-element elementor-element-196c49c e-con-full e-flex e-con e-child\" data-id=\"196c49c\" data-element_type=\"container\">\n\t\t\t\t<div class=\"elementor-element elementor-element-1ff0182 elementor-widget elementor-widget-heading\" data-id=\"1ff0182\" data-element_type=\"widget\" data-widget_type=\"heading.default\">\n\t\t\t\t\t<h3 class=\"elementor-heading-title elementor-size-default\">Lorem I.<\/h3>\t\t\t\t<\/div>\n\t\t\t\t<div class=\"elementor-element elementor-element-de5c0bb elementor-widget elementor-widget-text-editor\" data-id=\"de5c0bb\" data-element_type=\"widget\" data-widget_type=\"text-editor.default\">\n\t\t\t\t\t\t\t\t\t<p>Lorem ipsum dolor sit amet, consectetur adipiscing elit. Sed do eiusmod tempor incididunt ut labore et dolore magna aliqua. Ut enim ad minim veniam, quis nostrud exercitation ullamco laboris<\/p>\t\t\t\t\t\t\t\t<\/div>\n\t\t\t\t<\/div>\n\t\t\t\t<div class=\"elementor-element elementor-element-c8b9fa1 elementor-widget elementor-widget-image\" data-id=\"c8b9fa1\" data-element_type=\"widget\" data-widget_type=\"image.default\">\n\t\t\t\t\t\t\t\t\t\t\t\t\t\t\t<img decoding=\"async\" src=\"https:\/\/berek.finegroup.hu\/wp-content\/plugins\/elementor\/assets\/images\/placeholder.png\" title=\"\" alt=\"\" loading=\"lazy\" \/>\t\t\t\t\t\t\t\t\t\t\t\t\t\t\t<\/div>\n\t\t\t\t<\/div>\n\t\t<div class=\"elementor-element elementor-element-5820ec0 e-con-full e-flex e-con e-child\" data-id=\"5820ec0\" data-element_type=\"container\" data-settings=\"{&quot;background_background&quot;:&quot;classic&quot;}\">\n\t\t<div class=\"elementor-element elementor-element-594ca72 e-con-full e-flex e-con e-child\" data-id=\"594ca72\" data-element_type=\"container\">\n\t\t\t\t<div class=\"elementor-element elementor-element-66d1aac elementor-widget elementor-widget-heading\" data-id=\"66d1aac\" data-element_type=\"widget\" data-widget_type=\"heading.default\">\n\t\t\t\t\t<h3 class=\"elementor-heading-title elementor-size-default\">Lorem I.<\/h3>\t\t\t\t<\/div>\n\t\t\t\t<div class=\"elementor-element elementor-element-6fbdcaa elementor-widget elementor-widget-text-editor\" data-id=\"6fbdcaa\" data-element_type=\"widget\" data-widget_type=\"text-editor.default\">\n\t\t\t\t\t\t\t\t\t<p>Lorem ipsum dolor sit amet, consectetur adipiscing elit. Sed do eiusmod tempor incididunt ut labore et dolore magna aliqua. Ut enim ad minim veniam, quis nostrud exercitation ullamco laboris<\/p>\t\t\t\t\t\t\t\t<\/div>\n\t\t\t\t<\/div>\n\t\t\t\t<div class=\"elementor-element elementor-element-750794f elementor-widget elementor-widget-image\" data-id=\"750794f\" data-element_type=\"widget\" data-widget_type=\"image.default\">\n\t\t\t\t\t\t\t\t\t\t\t\t\t\t\t<img decoding=\"async\" src=\"https:\/\/berek.finegroup.hu\/wp-content\/plugins\/elementor\/assets\/images\/placeholder.png\" title=\"\" alt=\"\" loading=\"lazy\" \/>\t\t\t\t\t\t\t\t\t\t\t\t\t\t\t<\/div>\n\t\t\t\t<\/div>\n\t\t<div class=\"elementor-element elementor-element-9ed984f e-con-full e-flex e-con e-child\" data-id=\"9ed984f\" data-element_type=\"container\" data-settings=\"{&quot;background_background&quot;:&quot;classic&quot;}\">\n\t\t<div class=\"elementor-element elementor-element-b274257 e-con-full e-flex e-con e-child\" data-id=\"b274257\" data-element_type=\"container\">\n\t\t\t\t<div class=\"elementor-element elementor-element-25d74a1 elementor-widget elementor-widget-heading\" data-id=\"25d74a1\" data-element_type=\"widget\" data-widget_type=\"heading.default\">\n\t\t\t\t\t<h3 class=\"elementor-heading-title elementor-size-default\">Lorem I.<\/h3>\t\t\t\t<\/div>\n\t\t\t\t<div class=\"elementor-element elementor-element-1d57b51 elementor-widget elementor-widget-text-editor\" data-id=\"1d57b51\" data-element_type=\"widget\" data-widget_type=\"text-editor.default\">\n\t\t\t\t\t\t\t\t\t<p>Lorem ipsum dolor sit amet, consectetur adipiscing elit. Sed do eiusmod tempor incididunt ut labore et dolore magna aliqua. Ut enim ad minim veniam, quis nostrud exercitation ullamco laboris<\/p>\t\t\t\t\t\t\t\t<\/div>\n\t\t\t\t<\/div>\n\t\t\t\t<div class=\"elementor-element elementor-element-e8be69a elementor-widget elementor-widget-image\" data-id=\"e8be69a\" data-element_type=\"widget\" data-widget_type=\"image.default\">\n\t\t\t\t\t\t\t\t\t\t\t\t\t\t\t<img decoding=\"async\" src=\"https:\/\/berek.finegroup.hu\/wp-content\/plugins\/elementor\/assets\/images\/placeholder.png\" title=\"\" alt=\"\" loading=\"lazy\" \/>\t\t\t\t\t\t\t\t\t\t\t\t\t\t\t<\/div>\n\t\t\t\t<\/div>\n\t\t<div class=\"elementor-element elementor-element-994875d e-con-full e-flex e-con e-child\" data-id=\"994875d\" data-element_type=\"container\" data-settings=\"{&quot;background_background&quot;:&quot;classic&quot;}\">\n\t\t<div class=\"elementor-element elementor-element-0dbf701 e-con-full e-flex e-con e-child\" data-id=\"0dbf701\" data-element_type=\"container\">\n\t\t\t\t<div class=\"elementor-element elementor-element-b603ac4 elementor-widget elementor-widget-heading\" data-id=\"b603ac4\" data-element_type=\"widget\" data-widget_type=\"heading.default\">\n\t\t\t\t\t<h3 class=\"elementor-heading-title elementor-size-default\">Lorem I.<\/h3>\t\t\t\t<\/div>\n\t\t\t\t<div class=\"elementor-element elementor-element-62b297b elementor-widget elementor-widget-text-editor\" data-id=\"62b297b\" data-element_type=\"widget\" data-widget_type=\"text-editor.default\">\n\t\t\t\t\t\t\t\t\t<p>Lorem ipsum dolor sit amet, consectetur adipiscing elit. Sed do eiusmod tempor incididunt ut labore et dolore magna aliqua. Ut enim ad minim veniam, quis nostrud exercitation ullamco laboris<\/p>\t\t\t\t\t\t\t\t<\/div>\n\t\t\t\t<\/div>\n\t\t\t\t<div class=\"elementor-element elementor-element-7d089b5 elementor-widget elementor-widget-image\" data-id=\"7d089b5\" data-element_type=\"widget\" data-widget_type=\"image.default\">\n\t\t\t\t\t\t\t\t\t\t\t\t\t\t\t<img decoding=\"async\" src=\"https:\/\/berek.finegroup.hu\/wp-content\/plugins\/elementor\/assets\/images\/placeholder.png\" title=\"\" alt=\"\" loading=\"lazy\" \/>\t\t\t\t\t\t\t\t\t\t\t\t\t\t\t<\/div>\n\t\t\t\t<\/div>\n\t\t\t\t<\/div>\n\t\t\t\t\t<\/div>\n\t\t\t\t<\/div>\n\t\t\t\t<\/div>","protected":false},"excerpt":{"rendered":"<p>R\u00f3lunk A\u00a0Berek Horg\u00e1szpark\u00a0H\u00f6vej hat\u00e1r\u00e1ban, nyugodt \u00e9s term\u00e9szetk\u00f6zeli k\u00f6rnyezetben v\u00e1rja a\u00a0horg\u00e1szat\u00a0\u00e9s a pihen\u00e9s szerelmeseit. A\u00a0v\u00edzparti horg\u00e1sz sz\u00e1ll\u00e1shelyek\u00a0ide\u00e1lisak csal\u00e1doknak, bar\u00e1ti t\u00e1rsas\u00e1goknak \u00e9s p\u00e1roknak, akik szeretn\u00e9nek kiszakadni a v\u00e1rosi zajb\u00f3l, \u00e9s \u00e9lvezni a t\u00f3part csendj\u00e9t \u00e9s nyugalm\u00e1t. A t\u00f3part m\u00faltja \u00e9s jelene A\u00a0Berek Horg\u00e1szpark H\u00f6vej\u00a0hat\u00e1r\u00e1ban, egy 35 hekt\u00e1ros ter\u00fcleten fekszik, amelyb\u0151l 10 hekt\u00e1rt v\u00edz bor\u00edt. Ez a k\u00fcl\u00f6nleges [&hellip;]<\/p>","protected":false},"author":1,"featured_media":0,"parent":0,"menu_order":0,"comment_status":"closed","ping_status":"closed","template":"","meta":{"footnotes":""},"class_list":["post-16","page","type-page","status-publish","hentry"],"_links":{"self":[{"href":"https:\/\/berek.finegroup.hu\/de\/wp-json\/wp\/v2\/pages\/16","targetHints":{"allow":["GET"]}}],"collection":[{"href":"https:\/\/berek.finegroup.hu\/de\/wp-json\/wp\/v2\/pages"}],"about":[{"href":"https:\/\/berek.finegroup.hu\/de\/wp-json\/wp\/v2\/types\/page"}],"author":[{"embeddable":true,"href":"https:\/\/berek.finegroup.hu\/de\/wp-json\/wp\/v2\/users\/1"}],"replies":[{"embeddable":true,"href":"https:\/\/berek.finegroup.hu\/de\/wp-json\/wp\/v2\/comments?post=16"}],"version-history":[{"count":58,"href":"https:\/\/berek.finegroup.hu\/de\/wp-json\/wp\/v2\/pages\/16\/revisions"}],"predecessor-version":[{"id":1632,"href":"https:\/\/berek.finegroup.hu\/de\/wp-json\/wp\/v2\/pages\/16\/revisions\/1632"}],"wp:attachment":[{"href":"https:\/\/berek.finegroup.hu\/de\/wp-json\/wp\/v2\/media?parent=16"}],"curies":[{"name":"wp","href":"https:\/\/api.w.org\/{rel}","templated":true}]}}